  {"id":1003,"date":"2023-01-20T09:26:30","date_gmt":"2023-01-20T14:26:30","guid":{"rendered":"https:\/\/carleton.ca\/utili\/?page_id=1003"},"modified":"2024-03-05T13:15:31","modified_gmt":"2024-03-05T18:15:31","slug":"mir-hossein-negahban-alvar","status":"publish","type":"page","link":"https:\/\/carleton.ca\/utili\/mir-hossein-negahban-alvar\/","title":{"rendered":"Mir Hossein Negahban Alvar"},"content":{"rendered":"<h2 style=\"padding-left: 40px;\">Student Bio<\/h2>\n<p>Mir Hossein Negahban joined LARCASE as a PhD student in Jan. 2021 under the supervision of professor Ruxandra Botez at \u00c9cole de Technologie Sup\u00e9rieure (\u00c9TS), Montreal, Canada. He obtained his Master\u2019s degree in Mechanical Engineering &#8211; Fluid Mechanics. During his Master\u2019s, he worked on the fluid-structure interaction of morphing wings, which directed his interests towards morphing wing technologies, and published his first journal paper regarding morphing wings in 2018. Currently, he is working on the aerodynamic optimization of morphing wings.<\/p>\n<p>During the first year of Mr. Nagahban&#8217;s PhD, he published three conference papers, one extended abstract in 2022, and has two journal papers that are currently under review.<\/p>\n<p>Mr. Nagahban is a current student member in American Institute of Aeronautics and Astronautics (AIAA).<\/p>\n<h2 style=\"padding-left: 40px;\">Important Links<\/h2>\n<p><a href=\"https:\/\/carleton.ca\/utili\/wp-content\/uploads\/CV-Mir-Hossein-Negahban.pdf\">Curriculum Vitae (CV)<\/a><\/p>\n","protected":false},"excerpt":{"rendered":"<p>Student Bio Mir Hossein Negahban joined LARCASE as a PhD student in Jan. 2021 under the supervision of professor Ruxandra Botez at \u00c9cole de Technologie Sup\u00e9rieure (\u00c9TS), Montreal, Canada. He obtained his Master\u2019s degree in Mechanical Engineering &#8211; Fluid Mechanics. During his Master\u2019s, he worked on the fluid-structure interaction of morphing wings, which directed his [&hellip;]<\/p>\n","protected":false},"author":7,"featured_media":0,"parent":0,"menu_order":0,"comment_status":"closed","ping_status":"closed","template":"","meta":{"_relevanssi_hide_post":"","_relevanssi_hide_content":"","_relevanssi_pin_for_all":"","_relevanssi_pin_keywords":"","_relevanssi_unpin_keywords":"","_relevanssi_related_keywords":"","_relevanssi_related_include_ids":"","_relevanssi_related_exclude_ids":"","_relevanssi_related_no_append":"","_relevanssi_related_not_related":"","_relevanssi_related_posts":"","_relevanssi_noindex_reason":"","_mi_skip_tracking":false,"_exactmetrics_sitenote_active":false,"_exactmetrics_sitenote_note":"","_exactmetrics_sitenote_category":0,"footnotes":"","_links_to":"","_links_to_target":""},"yoast_head":"<!-- This site is optimized with the Yoast SEO plugin v21.2 - https:\/\/yoast.com\/wordpress\/plugins\/seo\/ -->\n<title>Mir Hossein Negahban Alvar - UTILI<\/title>\n<meta name=\"description\" content=\"Student Bio Mir Hossein Negahban joined LARCASE as a PhD student in Jan. 2021 under the supervision of professor Ruxandra Botez at \u00c9cole de Technologie\" \/>\n<meta name=\"robots\" content=\"index, follow, max-snippet:-1, max-image-preview:large, max-video-preview:-1\" \/>\n<link rel=\"canonical\" href=\"https:\/\/carleton.ca\/utili\/mir-hossein-negahban-alvar\/\" \/>\n<meta name=\"twitter:label1\" content=\"Est. reading time\" \/>\n\t<meta name=\"twitter:data1\" content=\"1 minute\" \/>\n<script type=\"application\/ld+json\" class=\"yoast-schema-graph\">{\"@context\":\"https:\/\/schema.org\",\"@graph\":[{\"@type\":\"WebPage\",\"@id\":\"https:\/\/carleton.ca\/utili\/mir-hossein-negahban-alvar\/\",\"url\":\"https:\/\/carleton.ca\/utili\/mir-hossein-negahban-alvar\/\",\"name\":\"Mir Hossein Negahban Alvar - UTILI\",\"isPartOf\":{\"@id\":\"https:\/\/carleton.ca\/utili\/#website\"},\"datePublished\":\"2023-01-20T14:26:30+00:00\",\"dateModified\":\"2024-03-05T18:15:31+00:00\",\"description\":\"Student Bio Mir Hossein Negahban joined LARCASE as a PhD student in Jan. 2021 under the supervision of professor Ruxandra Botez at \u00c9cole de Technologie\",\"breadcrumb\":{\"@id\":\"https:\/\/carleton.ca\/utili\/mir-hossein-negahban-alvar\/#breadcrumb\"},\"inLanguage\":\"en-US\",\"potentialAction\":[{\"@type\":\"ReadAction\",\"target\":[\"https:\/\/carleton.ca\/utili\/mir-hossein-negahban-alvar\/\"]}]},{\"@type\":\"BreadcrumbList\",\"@id\":\"https:\/\/carleton.ca\/utili\/mir-hossein-negahban-alvar\/#breadcrumb\",\"itemListElement\":[{\"@type\":\"ListItem\",\"position\":1,\"name\":\"Home\",\"item\":\"https:\/\/carleton.ca\/utili\/\"},{\"@type\":\"ListItem\",\"position\":2,\"name\":\"Mir Hossein Negahban Alvar\"}]},{\"@type\":\"WebSite\",\"@id\":\"https:\/\/carleton.ca\/utili\/#website\",\"url\":\"https:\/\/carleton.ca\/utili\/\",\"name\":\"UTILI\",\"description\":\"ÐÓ°ÉÔ­´´ University\",\"potentialAction\":[{\"@type\":\"SearchAction\",\"target\":{\"@type\":\"EntryPoint\",\"urlTemplate\":\"https:\/\/carleton.ca\/utili\/?s={search_term_string}\"},\"query-input\":\"required name=search_term_string\"}],\"inLanguage\":\"en-US\"}]}<\/script>\n<!-- \/ Yoast SEO plugin. -->","yoast_head_json":{"title":"Mir Hossein Negahban Alvar - UTILI","description":"Student Bio Mir Hossein Negahban joined LARCASE as a PhD student in Jan. 2021 under the supervision of professor Ruxandra Botez at \u00c9cole de Technologie","robots":{"index":"index","follow":"follow","max-snippet":"max-snippet:-1","max-image-preview":"max-image-preview:large","max-video-preview":"max-video-preview:-1"},"canonical":"https:\/\/carleton.ca\/utili\/mir-hossein-negahban-alvar\/","twitter_misc":{"Est. reading time":"1 minute"},"schema":{"@context":"https:\/\/schema.org","@graph":[{"@type":"WebPage","@id":"https:\/\/carleton.ca\/utili\/mir-hossein-negahban-alvar\/","url":"https:\/\/carleton.ca\/utili\/mir-hossein-negahban-alvar\/","name":"Mir Hossein Negahban Alvar - UTILI","isPartOf":{"@id":"https:\/\/carleton.ca\/utili\/#website"},"datePublished":"2023-01-20T14:26:30+00:00","dateModified":"2024-03-05T18:15:31+00:00","description":"Student Bio Mir Hossein Negahban joined LARCASE as a PhD student in Jan. 2021 under the supervision of professor Ruxandra Botez at \u00c9cole de Technologie","breadcrumb":{"@id":"https:\/\/carleton.ca\/utili\/mir-hossein-negahban-alvar\/#breadcrumb"},"inLanguage":"en-US","potentialAction":[{"@type":"ReadAction","target":["https:\/\/carleton.ca\/utili\/mir-hossein-negahban-alvar\/"]}]},{"@type":"BreadcrumbList","@id":"https:\/\/carleton.ca\/utili\/mir-hossein-negahban-alvar\/#breadcrumb","itemListElement":[{"@type":"ListItem","position":1,"name":"Home","item":"https:\/\/carleton.ca\/utili\/"},{"@type":"ListItem","position":2,"name":"Mir Hossein Negahban Alvar"}]},{"@type":"WebSite","@id":"https:\/\/carleton.ca\/utili\/#website","url":"https:\/\/carleton.ca\/utili\/","name":"UTILI","description":"ÐÓ°ÉÔ­´´ University","potentialAction":[{"@type":"SearchAction","target":{"@type":"EntryPoint","urlTemplate":"https:\/\/carleton.ca\/utili\/?s={search_term_string}"},"query-input":"required name=search_term_string"}],"inLanguage":"en-US"}]}},"acf":{"banner_image_type":"none","banner_button":"no"},"_links":{"self":[{"href":"https:\/\/carleton.ca\/utili\/wp-json\/wp\/v2\/pages\/1003"}],"collection":[{"href":"https:\/\/carleton.ca\/utili\/wp-json\/wp\/v2\/pages"}],"about":[{"href":"https:\/\/carleton.ca\/utili\/wp-json\/wp\/v2\/types\/page"}],"author":[{"embeddable":true,"href":"https:\/\/carleton.ca\/utili\/wp-json\/wp\/v2\/users\/7"}],"replies":[{"embeddable":true,"href":"https:\/\/carleton.ca\/utili\/wp-json\/wp\/v2\/comments?post=1003"}],"version-history":[{"count":2,"href":"https:\/\/carleton.ca\/utili\/wp-json\/wp\/v2\/pages\/1003\/revisions"}],"predecessor-version":[{"id":1124,"href":"https:\/\/carleton.ca\/utili\/wp-json\/wp\/v2\/pages\/1003\/revisions\/1124"}],"wp:attachment":[{"href":"https:\/\/carleton.ca\/utili\/wp-json\/wp\/v2\/media?parent=1003"}],"curies":[{"name":"wp","href":"https:\/\/api.w.org\/{rel}","templated":true}]}}