  {"id":631,"date":"2016-05-28T17:25:26","date_gmt":"2016-05-28T21:25:26","guid":{"rendered":"http:\/\/carleton.ca\/trickstershift\/?page_id=631"},"modified":"2018-03-30T16:36:43","modified_gmt":"2018-03-30T20:36:43","slug":"2011-2","status":"publish","type":"page","link":"https:\/\/carleton.ca\/trickstershift\/new-sun-conference\/2011-2\/","title":{"rendered":"10th Anniversary New Sun Conference on Aboriginal Arts: Shining Through"},"content":{"rendered":"<p><img decoding=\"async\" loading=\"lazy\" class=\"alignnone size-medium wp-image-2813 aligncenter\" src=\"https:\/\/carleton.ca\/trickstershift\/wp-content\/uploads\/Drum-logo-240x240.jpg\" alt=\"\" width=\"240\" height=\"240\" srcset=\"https:\/\/carleton.ca\/trickstershift\/wp-content\/uploads\/Drum-logo-240x240.jpg 240w, https:\/\/carleton.ca\/trickstershift\/wp-content\/uploads\/Drum-logo-160x160.jpg 160w, https:\/\/carleton.ca\/trickstershift\/wp-content\/uploads\/Drum-logo-768x768.jpg 768w, https:\/\/carleton.ca\/trickstershift\/wp-content\/uploads\/Drum-logo-400x400.jpg 400w, https:\/\/carleton.ca\/trickstershift\/wp-content\/uploads\/Drum-logo-200x200.jpg 200w, https:\/\/carleton.ca\/trickstershift\/wp-content\/uploads\/Drum-logo-360x360.jpg 360w\" sizes=\"(max-width: 240px) 100vw, 240px\" \/><\/p>\n<h4 class=\"justify\">Welcome<\/h4>\n<p class=\"justify\">The signature image for the 10th Anniversary New Sun Conference is based on a design for a painted drum that Mike Dangeli, one of this year\u2019s presenters, was commissioned to make for Buffy Saint-Marie in honour of her nomination for the 2009 Juno Awards.<\/p>\n<p>Mike says, \u201cThe drum was called <em>Shining Through<\/em>. It embodies the Nisga\u2019a concept of <em>n\u0142oomsk ts&#8217;\u00fc\u00fc siigyemk<\/em>, which refers to the sacred strength of the sunbeam. It is one of our most important Nisga\u2019a beliefs that we need to walk in the light that the creator provides. It nurtures our soul and strengthens our ability to manage our lives and treat our fellow human beings and the world around us in a positive way. Walking the path outside the light, a path of darkness and negativity, is sometimes easier, but in the end it does more damage to us. Some of the most powerful songs we sing are those that remind us that we need to go back to that sacred space, to \u2018walk in the light,\u2019 and maintain a positive and healing relationship to ourselves, our world, our universe.\u201d<\/p>\n<p>In light of these teachings, <i>Shining Through <\/i>seems an especially fitting image to\u00a0mark this special anniversary in that it embodies many of the goals of the New\u00a0Sun Conference itself: to provide a sacred space for celebration and reflection,\u00a0to nurture souls (and hearts), to inspire positive actions, and foster healing\u00a0relationships through the communal sharing of stories and songs. Judging\u00a0from the copious feedback received over the past decade it would appear that\u00a0these goals have been met many times over in ways both playful and profound.\u00a0Thematically, <em>Shining Through<\/em> is a fertile verbal and visual metaphor that\u00a0stirs the imagination. We can envision numerous streams of light, shafts of\u00a0creative cultural brilliance, piercing the dark clouds of apathy and ignorance to\u00a0affirm a vital and persistent indigenous presence. And in the process, bringing\u00a0enlightenment, enrichment, and renewal. In this renewal, in the dawning of\u00a0each new day\u2014especially on <i>this <\/i>new day\u2014what is clearly shining through are\u00a0the radiant beams of a New Sun.<\/p>\n<p>Today, the life-giving energy of this light is made manifest in the layered\u00a0symbology of Nadia Myre\u2019s film and beaded photo explorations; in the arctic\u00a0imaginings of Mosha Folger\u2019s verse and tricky hip hop songscapes; in the\u00a0majestic sweep and curve of Douglas Cardinal\u2019s distinctive built environments;\u00a0in the triumph of the healing spirit in Armand Garnet Ruffo\u2019s filmic odyssey,\u00a0<i>A Windigo Tale<\/i>;<i> <\/i>and in the cultural exuberance that animates the life and\u00a0artistry of Mike Dangeli and Mique\u2019l Askren and the Git Hayetsk Dancers.\u00a0It promises to be a memorable day. Enjoy.<\/p>\n<p>All my relations,<br \/>\nAllan J. Ryan<\/p>\n<p><\/p>\n<p class=\"a\"><img decoding=\"async\" loading=\"lazy\" class=\"aligncenter size-full wp-image-118\" src=\"http:\/\/carleton.ca\/trickstershift\/wp-content\/uploads\/nsc-logo-small.jpg\" alt=\"nsc-logo-small\" width=\"190\" height=\"77\" srcset=\"https:\/\/carleton.ca\/trickstershift\/wp-content\/uploads\/nsc-logo-small.jpg 190w, https:\/\/carleton.ca\/trickstershift\/wp-content\/uploads\/nsc-logo-small-160x65.jpg 160w\" sizes=\"(max-width: 190px) 100vw, 190px\" \/><\/p>\n<p class=\"a\" style=\"text-align: center;\">A presentation of the New Sun Chair in Aboriginal Art and Culture<br \/>\nwith the support of the Dean of Arts and Social Sciences and the New Sun Fund<br \/>\nadministered by the Community Foundation of Ottawa, plus the generosity of private donors<\/p>\n","protected":false},"excerpt":{"rendered":"<p>Welcome The signature image for the 10th Anniversary New Sun Conference is based on a design for a painted drum that Mike Dangeli, one of this year\u2019s presenters, was commissioned to make for Buffy Saint-Marie in honour of her nomination for the 2009 Juno Awards. Mike says, \u201cThe drum was called Shining Through. It embodies [&hellip;]<\/p>\n","protected":false},"author":3,"featured_media":0,"parent":22,"menu_order":0,"comment_status":"closed","ping_status":"closed","template":"","meta":{"_relevanssi_hide_post":"","_relevanssi_hide_content":"","_relevanssi_pin_for_all":"","_relevanssi_pin_keywords":"","_relevanssi_unpin_keywords":"","_relevanssi_related_keywords":"","_relevanssi_related_include_ids":"","_relevanssi_related_exclude_ids":"","_relevanssi_related_no_append":"","_relevanssi_related_not_related":"","_relevanssi_related_posts":"","_relevanssi_noindex_reason":"","_mi_skip_tracking":false,"_exactmetrics_sitenote_active":false,"_exactmetrics_sitenote_note":"","_exactmetrics_sitenote_category":0,"footnotes":"","_links_to":"","_links_to_target":""},"yoast_head":"<!-- This site is optimized with the Yoast SEO plugin v21.2 - https:\/\/yoast.com\/wordpress\/plugins\/seo\/ -->\n<title>10th Anniversary New Sun Conference on Aboriginal Arts: Shining Through - Trickstershift<\/title>\n<meta name=\"description\" content=\"Welcome The signature image for the 10th Anniversary New Sun Conference is based on a design for a painted drum that Mike Dangeli, one of this year\u2019s\" \/>\n<meta name=\"robots\" content=\"index, follow, max-snippet:-1, max-image-preview:large, max-video-preview:-1\" \/>\n<link rel=\"canonical\" href=\"https:\/\/carleton.ca\/trickstershift\/new-sun-conference\/2011-2\/\" \/>\n<meta name=\"twitter:label1\" content=\"Est. reading time\" \/>\n\t<meta name=\"twitter:data1\" content=\"3 minutes\" \/>\n<script type=\"application\/ld+json\" class=\"yoast-schema-graph\">{\"@context\":\"https:\/\/schema.org\",\"@graph\":[{\"@type\":\"WebPage\",\"@id\":\"https:\/\/carleton.ca\/trickstershift\/new-sun-conference\/2011-2\/\",\"url\":\"https:\/\/carleton.ca\/trickstershift\/new-sun-conference\/2011-2\/\",\"name\":\"10th Anniversary New Sun Conference on Aboriginal Arts: Shining Through - Trickstershift\",\"isPartOf\":{\"@id\":\"https:\/\/carleton.ca\/trickstershift\/#website\"},\"datePublished\":\"2016-05-28T21:25:26+00:00\",\"dateModified\":\"2018-03-30T20:36:43+00:00\",\"description\":\"Welcome The signature image for the 10th Anniversary New Sun Conference is based on a design for a painted drum that Mike Dangeli, one of this year\u2019s\",\"breadcrumb\":{\"@id\":\"https:\/\/carleton.ca\/trickstershift\/new-sun-conference\/2011-2\/#breadcrumb\"},\"inLanguage\":\"en-US\",\"potentialAction\":[{\"@type\":\"ReadAction\",\"target\":[\"https:\/\/carleton.ca\/trickstershift\/new-sun-conference\/2011-2\/\"]}]},{\"@type\":\"BreadcrumbList\",\"@id\":\"https:\/\/carleton.ca\/trickstershift\/new-sun-conference\/2011-2\/#breadcrumb\",\"itemListElement\":[{\"@type\":\"ListItem\",\"position\":1,\"name\":\"Home\",\"item\":\"https:\/\/carleton.ca\/trickstershift\/\"},{\"@type\":\"ListItem\",\"position\":2,\"name\":\"New Sun Conference on Aboriginal Arts\",\"item\":\"https:\/\/carleton.ca\/trickstershift\/new-sun-conference\/\"},{\"@type\":\"ListItem\",\"position\":3,\"name\":\"10th Anniversary New Sun Conference on Aboriginal Arts: Shining Through\"}]},{\"@type\":\"WebSite\",\"@id\":\"https:\/\/carleton.ca\/trickstershift\/#website\",\"url\":\"https:\/\/carleton.ca\/trickstershift\/\",\"name\":\"Trickstershift\",\"description\":\"ÐÓ°ÉÔ­´´ University\",\"potentialAction\":[{\"@type\":\"SearchAction\",\"target\":{\"@type\":\"EntryPoint\",\"urlTemplate\":\"https:\/\/carleton.ca\/trickstershift\/?s={search_term_string}\"},\"query-input\":\"required name=search_term_string\"}],\"inLanguage\":\"en-US\"}]}<\/script>\n<!-- \/ Yoast SEO plugin. -->","yoast_head_json":{"title":"10th Anniversary New Sun Conference on Aboriginal Arts: Shining Through - Trickstershift","description":"Welcome The signature image for the 10th Anniversary New Sun Conference is based on a design for a painted drum that Mike Dangeli, one of this year\u2019s","robots":{"index":"index","follow":"follow","max-snippet":"max-snippet:-1","max-image-preview":"max-image-preview:large","max-video-preview":"max-video-preview:-1"},"canonical":"https:\/\/carleton.ca\/trickstershift\/new-sun-conference\/2011-2\/","twitter_misc":{"Est. reading time":"3 minutes"},"schema":{"@context":"https:\/\/schema.org","@graph":[{"@type":"WebPage","@id":"https:\/\/carleton.ca\/trickstershift\/new-sun-conference\/2011-2\/","url":"https:\/\/carleton.ca\/trickstershift\/new-sun-conference\/2011-2\/","name":"10th Anniversary New Sun Conference on Aboriginal Arts: Shining Through - Trickstershift","isPartOf":{"@id":"https:\/\/carleton.ca\/trickstershift\/#website"},"datePublished":"2016-05-28T21:25:26+00:00","dateModified":"2018-03-30T20:36:43+00:00","description":"Welcome The signature image for the 10th Anniversary New Sun Conference is based on a design for a painted drum that Mike Dangeli, one of this year\u2019s","breadcrumb":{"@id":"https:\/\/carleton.ca\/trickstershift\/new-sun-conference\/2011-2\/#breadcrumb"},"inLanguage":"en-US","potentialAction":[{"@type":"ReadAction","target":["https:\/\/carleton.ca\/trickstershift\/new-sun-conference\/2011-2\/"]}]},{"@type":"BreadcrumbList","@id":"https:\/\/carleton.ca\/trickstershift\/new-sun-conference\/2011-2\/#breadcrumb","itemListElement":[{"@type":"ListItem","position":1,"name":"Home","item":"https:\/\/carleton.ca\/trickstershift\/"},{"@type":"ListItem","position":2,"name":"New Sun Conference on Aboriginal Arts","item":"https:\/\/carleton.ca\/trickstershift\/new-sun-conference\/"},{"@type":"ListItem","position":3,"name":"10th Anniversary New Sun Conference on Aboriginal Arts: Shining Through"}]},{"@type":"WebSite","@id":"https:\/\/carleton.ca\/trickstershift\/#website","url":"https:\/\/carleton.ca\/trickstershift\/","name":"Trickstershift","description":"ÐÓ°ÉÔ­´´ University","potentialAction":[{"@type":"SearchAction","target":{"@type":"EntryPoint","urlTemplate":"https:\/\/carleton.ca\/trickstershift\/?s={search_term_string}"},"query-input":"required name=search_term_string"}],"inLanguage":"en-US"}]}},"acf":{"banner_image_type":"none"},"_links":{"self":[{"href":"https:\/\/carleton.ca\/trickstershift\/wp-json\/wp\/v2\/pages\/631"}],"collection":[{"href":"https:\/\/carleton.ca\/trickstershift\/wp-json\/wp\/v2\/pages"}],"about":[{"href":"https:\/\/carleton.ca\/trickstershift\/wp-json\/wp\/v2\/types\/page"}],"author":[{"embeddable":true,"href":"https:\/\/carleton.ca\/trickstershift\/wp-json\/wp\/v2\/users\/3"}],"replies":[{"embeddable":true,"href":"https:\/\/carleton.ca\/trickstershift\/wp-json\/wp\/v2\/comments?post=631"}],"version-history":[{"count":4,"href":"https:\/\/carleton.ca\/trickstershift\/wp-json\/wp\/v2\/pages\/631\/revisions"}],"predecessor-version":[{"id":2818,"href":"https:\/\/carleton.ca\/trickstershift\/wp-json\/wp\/v2\/pages\/631\/revisions\/2818"}],"up":[{"embeddable":true,"href":"https:\/\/carleton.ca\/trickstershift\/wp-json\/wp\/v2\/pages\/22"}],"wp:attachment":[{"href":"https:\/\/carleton.ca\/trickstershift\/wp-json\/wp\/v2\/media?parent=631"}],"curies":[{"name":"wp","href":"https:\/\/api.w.org\/{rel}","templated":true}]}}