  {"id":1863,"date":"2021-10-13T11:25:36","date_gmt":"2021-10-13T15:25:36","guid":{"rendered":"https:\/\/carleton.ca\/studyisrael\/?page_id=1863"},"modified":"2021-10-13T11:53:30","modified_gmt":"2021-10-13T15:53:30","slug":"jerusalem-ideas-and-images","status":"publish","type":"page","link":"https:\/\/carleton.ca\/studyisrael\/jerusalem-ideas-and-images\/","title":{"rendered":"Jerusalem: Ideas and Images"},"content":{"rendered":"<p>Dr. Loren Lerner, Professor Emeritus of the Department of Art History at Concordia University in Montreal, developed lectures for her online course <em><strong>Jerusalem: Ideas and Images<\/strong><\/em>, which are shared in the link below. This extensive course, with a strong Jewish emphasis, is a series of lectures accompanied by texts and pictures along with the lists of readings consulted. Also included is the annual student journal Dr. Lerner produced which contains the very best essays and works of art by the students in that year\u2019s class. The course is a longitudinal study of many centuries that covers Jewish, Christian, and Muslim archaeology, art and architecture. <\/p>\n<p><strong>Course link:<\/strong> <a href=\"http:\/\/jerusalemjournal.concordia.ca\/jerusalem_ideas_and_images.html\" rel=\"noopener noreferrer\" target=\"_blank\">http:\/\/jerusalemjournal.concordia.ca\/jerusalem_ideas_and_images.html<\/a><br \/>\nNote: Each lecture is a two-hour PowerPoint presentation with images and sound. Each has its own downloadable link, which may take a few minutes to download.<\/p>\n<p><strong>Accompanying images: <\/strong><a href=\"https:\/\/carleton.ca\/studyisrael\/wp-content\/uploads\/Jerusalem-Ideas-and-Images-course.pdf\" rel=\"noopener noreferrer\" target=\"_blank\"><em>Jerusalem: Ideas and Images<\/em> Course Images<\/a><\/p>\n<p><strong>Biography<\/strong>:<br \/>\nLoren Lerner is Professor Emerita of Art History at Concordia University. In her graduate teaching she has concentrated on ethnic, diasporic and ethical consciousness in North American art-making and the curatorial practices relating to Canadian art. Lerner&#8217;s research has focused on the intersections of art and religion. She was editor of special issues on contemporary art and religion for the journal Religion and the Arts and the Journal of Canadian Art History. Lerner has curated exhibitions including Memories and Testimonies\/Memoires et T\u00e9moignages (Leonard and Bina Ellen Art Gallery, Concordia University, traveling exhibition) and Afterimage, an exploration of art works by Canadian women born near or after the end of World War II (Montreal Holocaust Memorial Centre). Lerner\u2019s publications include the edited volume Afterimage: Evocations of the Holocaust in Contemporary Canadian Arts \/ Litt\u00e9rature\/R\u00e9manences: Evocations de l\u2019Holocauste dans les arts et litt\u00e9rature canadiens contemporains and essays such as \u201cSam Borenstein, Artist and Dealer:The Polemics of Post-Holocaust Jewish Cultural Identity,\u201d \u201cThe Aron Museum at Temple Emanu-El-Beth Sholom in Montreal,\u201d with Suzanne Rackover, \u201cJews in Canadian Art;  and &#8220;The Canadian Jewish Connection to the Visual Narrative of Nationhood at the Jewish Palestine Pavilion in New York (1939) and the Israel Pavilion and Pavilion of Judaism in Montreal (1967). Her course offerings have included \u201cThe City of Jerusalem: Ideas and Images,\u201d \u201cCuratorial Practice: Global and World Art Studies,\u201d \u201cHate, Violence and Genocide in North American Art and Theory\u201d and \u201cCanadian Artists of Eastern European Origin from World War II to the Present.\u201d A pedagogical commitment to student web publishing guides Lerner&#8217;s teaching and the development of websites such as theJerusalem Art History Journal: An Undergraduate eJournal\/Histoire de l\u2019art \u00e0 J\u00e9rusalem : cyberrevue \u00e9tudiante de premier cycle, Public Art as Social Intervention: But Now I Have to Speak &#8211; Testimonies of Trauma and Resilience,Canadian Artists of Eastern European Origin, Global Engagements in Contemporary Canadian Art: Thirty-Nine Exhibition Essays and Fifty-Five Artists\/ Art contemporain canadien et mobilisation universelle : trente-neuf textes d&#8217;exposition; cinquante-cinq artistes and Envisioning Virtual Exhibitions.<\/p>\n","protected":false},"excerpt":{"rendered":"<p>Dr. Loren Lerner, Professor Emeritus of the Department of Art History at Concordia University in Montreal, developed lectures for her online course Jerusalem: Ideas and Images, which are shared in the link below. This extensive course, with a strong Jewish emphasis, is a series of lectures accompanied by texts and pictures along with the lists [&hellip;]<\/p>\n","protected":false},"author":30,"featured_media":0,"parent":0,"menu_order":0,"comment_status":"closed","ping_status":"closed","template":"","meta":{"_relevanssi_hide_post":"","_relevanssi_hide_content":"","_relevanssi_pin_for_all":"","_relevanssi_pin_keywords":"","_relevanssi_unpin_keywords":"","_relevanssi_related_keywords":"","_relevanssi_related_include_ids":"","_relevanssi_related_exclude_ids":"","_relevanssi_related_no_append":"","_relevanssi_related_not_related":"","_relevanssi_related_posts":"","_relevanssi_noindex_reason":"","_mi_skip_tracking":false,"_exactmetrics_sitenote_active":false,"_exactmetrics_sitenote_note":"","_exactmetrics_sitenote_category":0,"footnotes":"","_links_to":"","_links_to_target":""},"yoast_head":"<!-- This site is optimized with the Yoast SEO plugin v21.2 - https:\/\/yoast.com\/wordpress\/plugins\/seo\/ -->\n<title>Jerusalem: Ideas and Images - Study Israel<\/title>\n<meta name=\"description\" content=\"Dr. Loren Lerner, Professor Emeritus of the Department of Art History at Concordia University in Montreal, developed lectures for her online course\" \/>\n<meta name=\"robots\" content=\"index, follow, max-snippet:-1, max-image-preview:large, max-video-preview:-1\" \/>\n<link rel=\"canonical\" href=\"https:\/\/carleton.ca\/studyisrael\/jerusalem-ideas-and-images\/\" \/>\n<meta name=\"twitter:label1\" content=\"Est. reading time\" \/>\n\t<meta name=\"twitter:data1\" content=\"2 minutes\" \/>\n<script type=\"application\/ld+json\" class=\"yoast-schema-graph\">{\"@context\":\"https:\/\/schema.org\",\"@graph\":[{\"@type\":\"WebPage\",\"@id\":\"https:\/\/carleton.ca\/studyisrael\/jerusalem-ideas-and-images\/\",\"url\":\"https:\/\/carleton.ca\/studyisrael\/jerusalem-ideas-and-images\/\",\"name\":\"Jerusalem: Ideas and Images - Study Israel\",\"isPartOf\":{\"@id\":\"https:\/\/carleton.ca\/studyisrael\/#website\"},\"datePublished\":\"2021-10-13T15:25:36+00:00\",\"dateModified\":\"2021-10-13T15:53:30+00:00\",\"description\":\"Dr. Loren Lerner, Professor Emeritus of the Department of Art History at Concordia University in Montreal, developed lectures for her online course\",\"breadcrumb\":{\"@id\":\"https:\/\/carleton.ca\/studyisrael\/jerusalem-ideas-and-images\/#breadcrumb\"},\"inLanguage\":\"en-US\",\"potentialAction\":[{\"@type\":\"ReadAction\",\"target\":[\"https:\/\/carleton.ca\/studyisrael\/jerusalem-ideas-and-images\/\"]}]},{\"@type\":\"BreadcrumbList\",\"@id\":\"https:\/\/carleton.ca\/studyisrael\/jerusalem-ideas-and-images\/#breadcrumb\",\"itemListElement\":[{\"@type\":\"ListItem\",\"position\":1,\"name\":\"Home\",\"item\":\"https:\/\/carleton.ca\/studyisrael\/\"},{\"@type\":\"ListItem\",\"position\":2,\"name\":\"Jerusalem: Ideas and Images\"}]},{\"@type\":\"WebSite\",\"@id\":\"https:\/\/carleton.ca\/studyisrael\/#website\",\"url\":\"https:\/\/carleton.ca\/studyisrael\/\",\"name\":\"Study Israel\",\"description\":\"ÐÓ°ÉÔ­´´ University\",\"potentialAction\":[{\"@type\":\"SearchAction\",\"target\":{\"@type\":\"EntryPoint\",\"urlTemplate\":\"https:\/\/carleton.ca\/studyisrael\/?s={search_term_string}\"},\"query-input\":\"required name=search_term_string\"}],\"inLanguage\":\"en-US\"}]}<\/script>\n<!-- \/ Yoast SEO plugin. -->","yoast_head_json":{"title":"Jerusalem: Ideas and Images - Study Israel","description":"Dr. Loren Lerner, Professor Emeritus of the Department of Art History at Concordia University in Montreal, developed lectures for her online course","robots":{"index":"index","follow":"follow","max-snippet":"max-snippet:-1","max-image-preview":"max-image-preview:large","max-video-preview":"max-video-preview:-1"},"canonical":"https:\/\/carleton.ca\/studyisrael\/jerusalem-ideas-and-images\/","twitter_misc":{"Est. reading time":"2 minutes"},"schema":{"@context":"https:\/\/schema.org","@graph":[{"@type":"WebPage","@id":"https:\/\/carleton.ca\/studyisrael\/jerusalem-ideas-and-images\/","url":"https:\/\/carleton.ca\/studyisrael\/jerusalem-ideas-and-images\/","name":"Jerusalem: Ideas and Images - Study Israel","isPartOf":{"@id":"https:\/\/carleton.ca\/studyisrael\/#website"},"datePublished":"2021-10-13T15:25:36+00:00","dateModified":"2021-10-13T15:53:30+00:00","description":"Dr. Loren Lerner, Professor Emeritus of the Department of Art History at Concordia University in Montreal, developed lectures for her online course","breadcrumb":{"@id":"https:\/\/carleton.ca\/studyisrael\/jerusalem-ideas-and-images\/#breadcrumb"},"inLanguage":"en-US","potentialAction":[{"@type":"ReadAction","target":["https:\/\/carleton.ca\/studyisrael\/jerusalem-ideas-and-images\/"]}]},{"@type":"BreadcrumbList","@id":"https:\/\/carleton.ca\/studyisrael\/jerusalem-ideas-and-images\/#breadcrumb","itemListElement":[{"@type":"ListItem","position":1,"name":"Home","item":"https:\/\/carleton.ca\/studyisrael\/"},{"@type":"ListItem","position":2,"name":"Jerusalem: Ideas and Images"}]},{"@type":"WebSite","@id":"https:\/\/carleton.ca\/studyisrael\/#website","url":"https:\/\/carleton.ca\/studyisrael\/","name":"Study Israel","description":"ÐÓ°ÉÔ­´´ University","potentialAction":[{"@type":"SearchAction","target":{"@type":"EntryPoint","urlTemplate":"https:\/\/carleton.ca\/studyisrael\/?s={search_term_string}"},"query-input":"required name=search_term_string"}],"inLanguage":"en-US"}]}},"acf":{"banner_image_type":"none","banner_button":"no"},"_links":{"self":[{"href":"https:\/\/carleton.ca\/studyisrael\/wp-json\/wp\/v2\/pages\/1863"}],"collection":[{"href":"https:\/\/carleton.ca\/studyisrael\/wp-json\/wp\/v2\/pages"}],"about":[{"href":"https:\/\/carleton.ca\/studyisrael\/wp-json\/wp\/v2\/types\/page"}],"author":[{"embeddable":true,"href":"https:\/\/carleton.ca\/studyisrael\/wp-json\/wp\/v2\/users\/30"}],"replies":[{"embeddable":true,"href":"https:\/\/carleton.ca\/studyisrael\/wp-json\/wp\/v2\/comments?post=1863"}],"version-history":[{"count":3,"href":"https:\/\/carleton.ca\/studyisrael\/wp-json\/wp\/v2\/pages\/1863\/revisions"}],"predecessor-version":[{"id":1874,"href":"https:\/\/carleton.ca\/studyisrael\/wp-json\/wp\/v2\/pages\/1863\/revisions\/1874"}],"wp:attachment":[{"href":"https:\/\/carleton.ca\/studyisrael\/wp-json\/wp\/v2\/media?parent=1863"}],"curies":[{"name":"wp","href":"https:\/\/api.w.org\/{rel}","templated":true}]}}