  {"id":11590,"date":"2023-11-08T14:19:36","date_gmt":"2023-11-08T19:19:36","guid":{"rendered":"https:\/\/carleton.ca\/senate\/?page_id=11590"},"modified":"2025-10-10T10:58:14","modified_gmt":"2025-10-10T14:58:14","slug":"the-right-honourable-jean-chretien","status":"publish","type":"page","link":"https:\/\/carleton.ca\/senate\/the-right-honourable-jean-chretien\/","title":{"rendered":"The Right Honourable Jean Chr\u00e9tien"},"content":{"rendered":"\n<section class=\"w-screen px-6 cu-section cu-section--white ml-offset-center md:px-8 lg:px-14\">\n    <div class=\"space-y-6 cu-max-w-child-5xl  md:space-y-10 cu-prose-first-last\">\n\n            <div class=\"cu-textmedia flex flex-col lg:flex-row mx-auto gap-6 md:gap-10 my-6 md:my-12 first:mt-0 max-w-5xl\">\n        <div class=\"justify-start cu-textmedia-content cu-prose-first-last\" style=\"flex: 0 0 100%;\">\n            <header class=\"font-light prose-xl cu-pageheader md:prose-2xl cu-component-updated cu-prose-first-last\">\n                                    <h1 class=\"cu-prose-first-last font-semibold !mt-2 mb-4 md:mb-6 relative after:absolute after:h-px after:bottom-0 after:bg-cu-red after:left-px text-3xl md:text-4xl lg:text-5xl lg:leading-[3.5rem] pb-5 after:w-10 text-cu-black-700 not-prose\">\n                        The Right Honourable Jean Chr\u00e9tien\n                    <\/h1>\n                \n                                \n                            <\/header>\n\n                    <\/div>\n\n            <\/div>\n\n    <\/div>\n<\/section>\n\n<figure class=\"wp-block-image alignright\"><img loading=\"lazy\" decoding=\"async\" width=\"240\" height=\"286\" src=\"https:\/\/carleton.ca\/senate\/wp-content\/uploads\/sites\/187\/The-Right-Honourable-Jean-Chr\u00e9tien-240x286.png\" alt=\"The Right Honourable Jean Chr\u00e9tien\" class=\"wp-image-11591\" srcset=\"https:\/\/carleton.ca\/senate\/wp-content\/uploads\/sites\/187\/The-Right-Honourable-Jean-Chr\u00e9tien-240x286.png 240w, https:\/\/carleton.ca\/senate\/wp-content\/uploads\/sites\/187\/The-Right-Honourable-Jean-Chr\u00e9tien-160x191.png 160w, https:\/\/carleton.ca\/senate\/wp-content\/uploads\/sites\/187\/The-Right-Honourable-Jean-Chr\u00e9tien-200x239.png 200w, https:\/\/carleton.ca\/senate\/wp-content\/uploads\/sites\/187\/The-Right-Honourable-Jean-Chr\u00e9tien.png 300w\" sizes=\"auto, (max-width: 240px) 100vw, 240px\" \/><\/figure>\n\n\n\n<p>The Right Honourable Jean Chr\u00e9tien was awarded the degree of Doctor of Laws, honoris causa, at the 5:15 p.m. ceremony on Tuesday, June 21, \u201cin recognition of his distinguished leadership in Canadian government.\u201d<\/p>\n\n\n\n<p>A member of the Liberal Party of Canada, Chr\u00e9tien was elected as a Member of the House of Commons in 1963. During his political career, he served in many ministerial roles, including as Deputy Prime Minister, Minister of Finance and Minister of Industry, Trade and Commerce, among many others.<\/p>\n\n\n\n<p>As leader of the Liberal Party, he won the October 1993 federal election and became Canada\u2019s 20th prime minister. Following a decade in office, Chr\u00e9tien left the Office of Prime Minister of Canada in December 2003 and remains Canada\u2019s oldest living prime minister.<\/p>\n\n\n\n<p>Chr\u00e9tien completed his law studies at Universit\u00e9 Laval and was admitted to the Qu\u00e9bec Bar in 1958. He is also a member of the Ontario Bar. He has served as counsel in the legal firm Dentons since 2014.<\/p>\n\n\n\n<p>Chr\u00e9tien\u2019s work and public service has been recognized with many awards and honours, including the appointment of Companion of the Order of Canada, the Order of Merit and honorary doctorates from numerous universities in Canada and throughout the world.<\/p>\n\n\n<div class=\"wp-block-buttons is-layout-flex wp-block-buttons-is-layout-flex\"><div class=\"wp-block-button\"><a class=\"wp-block-button__link wp-element-button left\" href=\"https:\/\/www.youtube.com\/watch?v=NXmZ5ahfDWc&#038;embeds_referring_euri=https%3A%2F%2Fconvocation.carleton.ca%2F&#038;source_ve_path=MjM4NTE&#038;feature=emb_title\" target=\"_blank\" rel=\"noreferrer noopener\">WATCH THE AWARD CEREMONY of he Right Honourable Jean Chr\u00e9tien<\/a><\/div><\/div>","protected":false},"excerpt":{"rendered":"<p>The Right Honourable Jean Chr\u00e9tien was awarded the degree of Doctor of Laws, honoris causa, at the 5:15 p.m. ceremony on Tuesday, June 21, \u201cin recognition of his distinguished leadership in Canadian government.\u201d A member of the Liberal Party of Canada, Chr\u00e9tien was elected as a Member of the House of Commons in 1963. During [&hellip;]<\/p>\n","protected":false},"author":2,"featured_media":0,"parent":0,"menu_order":0,"comment_status":"closed","ping_status":"closed","template":"","meta":{"_acf_changed":false,"_cu_dining_location_slug":"","footnotes":"","_links_to":"","_links_to_target":""},"cu_page_type":[],"class_list":["post-11590","page","type-page","status-publish","hentry"],"acf":{"cu_post_thumbnail":false},"_links":{"self":[{"href":"https:\/\/carleton.ca\/senate\/wp-json\/wp\/v2\/pages\/11590","targetHints":{"allow":["GET"]}}],"collection":[{"href":"https:\/\/carleton.ca\/senate\/wp-json\/wp\/v2\/pages"}],"about":[{"href":"https:\/\/carleton.ca\/senate\/wp-json\/wp\/v2\/types\/page"}],"author":[{"embeddable":true,"href":"https:\/\/carleton.ca\/senate\/wp-json\/wp\/v2\/users\/2"}],"replies":[{"embeddable":true,"href":"https:\/\/carleton.ca\/senate\/wp-json\/wp\/v2\/comments?post=11590"}],"version-history":[{"count":1,"href":"https:\/\/carleton.ca\/senate\/wp-json\/wp\/v2\/pages\/11590\/revisions"}],"predecessor-version":[{"id":11592,"href":"https:\/\/carleton.ca\/senate\/wp-json\/wp\/v2\/pages\/11590\/revisions\/11592"}],"wp:attachment":[{"href":"https:\/\/carleton.ca\/senate\/wp-json\/wp\/v2\/media?parent=11590"}],"wp:term":[{"taxonomy":"cu_page_type","embeddable":true,"href":"https:\/\/carleton.ca\/senate\/wp-json\/wp\/v2\/cu_page_type?post=11590"}],"curies":[{"name":"wp","href":"https:\/\/api.w.org\/{rel}","templated":true}]}}