  {"id":450,"date":"2017-07-13T15:34:09","date_gmt":"2017-07-13T19:34:09","guid":{"rendered":"https:\/\/carleton.ca\/profbrouard\/?page_id=450"},"modified":"2026-04-04T18:36:05","modified_gmt":"2026-04-04T22:36:05","slug":"medias","status":"publish","type":"page","link":"https:\/\/carleton.ca\/profbrouard\/medias\/","title":{"rendered":"Medias"},"content":{"rendered":"<h2>INTERVIEWS \/ ENTREVUES<\/h2>\n<p><strong>Humour<\/strong><br \/>\nRaphael Gendron-Martin. <i>le journal de Montr\u00e9al<\/i>, 23 mars 2026.<br \/>\nPalmar\u00e8s: voici les 50 humoristes qu\u00e9b\u00e9cois les plus marquants des ann\u00e9es 2000<br \/>\n(un des 15 experts du jury) <a href=\"https:\/\/www.journaldemontreal.com\/2026\/03\/21\/palmares-voici-les-50-humoristes-quebecois-les-plus-marquants-du-millenaire-1-1-1-1#cxrecs_s\" target=\"_blank\" rel=\"noopener noreferrer\">lien article<\/a><\/p>\n<p><strong>Taxation (tax reform) \/ Imp\u00f4t (r\u00e9forme fiscale)<\/strong><br \/>\nJohn Lorinc <i>PIVOT<\/i>, Winter \/ Hiver 2025, (with \/ avec Bertrand Lemieux).<br \/>\nTime and Place, p.24-29 <a href=\"https:\/\/carleton.ca\/profbrouard\/wp-content\/uploads\/Lorinc2025WinterPivotTaxReformEN.pdf\" target=\"_blank\" rel=\"noopener noreferrer\">PDF EN<\/a><br \/>\nFiscalit\u00e9: L&#8217;occasion \u00e0 saisir, p.24-29. <a href=\"https:\/\/carleton.ca\/profbrouard\/wp-content\/uploads\/Lorinc2025WinterPivotTaxReformFR.pdf\" target=\"_blank\" rel=\"noopener noreferrer\">PDF FR<\/a> <\/p>\n<p><strong>Sport &#8211; Senators<\/strong><br \/>\nGuy Quenneville, Anchal Sharma <i>CBC News<\/i>, 9 December 2025.<br \/>\nSens group taps consultants to lobby federal, provincial governments on new arena <a href=\"https:\/\/www.cbc.ca\/news\/canada\/ottawa\/sens-lobbying-9.7008806\" target=\"_blank\" rel=\"noopener noreferrer\">link<\/a> <\/p>\n<p><strong>Taxation \/ Imp\u00f4t<\/strong><br \/>\nJane Switzer <i>Financial Post<\/i>, 4 April 2025.<br \/>\nWhat you need to know about Poilievre&#8217;s capital gains tax deferral proposal <a href=\"https:\/\/financialpost.com\/federal_election\/what-you-need-to-know-about-poilievres-capital-gains-tax-deferral-proposal\" target=\"_blank\" rel=\"noopener noreferrer\">link<\/a> <\/p>\n<p><strong>Comedy industry<\/strong><br \/>\nSprott School of Business, October 2, 2024<br \/>\nFrom balance sheets to belly laughs: An accountant&#8217;s guide to comedy <a href=\"https:\/\/sprott.carleton.ca\/2024\/10\/from-balance-sheets-to-belly-laughs-an-accountants-guide-to-comedy\/\" target=\"_blank\" rel=\"noopener noreferrer\">link article<\/a> <\/p>\n<p><strong>ComediHa! + Juste Pour Rire<\/strong><br \/>\nSabrina Jonas &#038; Steve Rukavina <i>CBC News<\/i>, June 4, 2024<br \/>\nQuebec judge approves sale of Just for Laughs assets to ComediHa! <a href=\"https:\/\/www.cbc.ca\/news\/canada\/montreal\/judge-approves-just-for-laughs-sale-1.7223779\" target=\"_blank\" rel=\"noopener noreferrer\">link article<\/a> <\/p>\n<p><strong>ComediHa! + Juste Pour Rire<\/strong><br \/>\nJulien Arsenault et Tommy Chouinard (2024). <i>La Presse<\/i>, 28 mai<br \/>\nVente de Juste pour rire &#8211; ComediHa ! sur le point de rafler la mise. <a href=\"https:\/\/www.lapresse.ca\/affaires\/2024-05-\n28\/vente-de-juste-pour-rire\/comediha-sur-le-point-de-rafler-la-mise.php\" target=\"_blank\" rel=\"noopener noreferrer\">link article<\/a>  <\/p>\n<p><strong>Juste Pour Rire<\/strong><br \/>\n* Madeleine Blais-Morin. <i>ICI Radio-Canada Montr\u00e9al, \u00c7a nous regarde<\/i>, 5 mars 2024.<br \/>\nJuste pour rire se prot\u00e8ge de ses cr\u00e9anciers, <a href=\"https:\/\/ici.radio-canada.ca\/ohdio\/premiere\/emissions\/ca-nous-regarde\/episodes\/804189\/rattrapage-mardi-5-mars-2024\" target=\"_blank\" rel=\"noopener noreferrer\">lien \u00e9mission<\/a><br \/>\n    > Le point avec Alexis Gascon, 18h01 (6 minutes)<br \/>\n    > Entrevue avec Fran\u00e7ois Brouard, 18h06 (6 minutes)<br \/>\n* Raphaelle Drouin. <i>ICI Radio-Canada Montr\u00e9al<\/i>, 5 mars 2024.<br \/>\n    > Louis-Philippe Ouimet <i>ICI Radio-Canada Montr\u00e9al, T\u00e9l\u00e9journal<\/i>, 5 mars 2024 (3 minutes @1:25) .<br \/>\nAu bord de la faillite, Juste pour rire annule son festival <a href=\"https:\/\/ici.radio-canada.ca\/info\/videos\/1-8901595\/au-bord-faillite-juste-pour-rire-annule-son-festival\" target=\"_blank\" rel=\"noopener noreferrer\">lien reportage<\/a><br \/>\n* Jacob Serebrin. <i>Canadian Press<\/i>, 5 mars 2024.<br \/>\nMontreal\u2019s Just for laughs cancels summer comedy festival, seeks creditor protection,<br \/>\n    > CP24, 5 mars. <a href=\"https:\/\/www.cp24.com\/news\/montreal-s-just-for-laughs-cancels-summer-comedy-festival-seeks-creditor-protection-1.6795061\" target=\"_blank\" rel=\"noopener noreferrer\">link<\/a><br \/>\n    > The Toronto Star, 5 mars. <a href=\"https:\/\/www.thestar.com\/business\/montreals-just-for-laughs-cancels-summer-comedy-festival-seeks-creditor-protection\/article_4d5a0534-9952-5e7f-a4c9-9b343a11dee1.html\" target=\"_blank\" rel=\"noopener noreferrer\">link<\/a><br \/>\n    > CityNews Kitchener, 5 mars. <a href=\"https:\/\/kitchener.citynews.ca\/2024\/03\/05\/cp-newsalert-just-for-laughs-cancels-comedy-festival-seeks-creditor-protection\/\" target=\"_blank\" rel=\"noopener noreferrer\">link<\/a><br \/>\n    > CityNews Halifax, 5 mars. <a href=\"https:\/\/halifax.citynews.ca\/2024\/03\/05\/cp-newsalert-just-for-laughs-cancels-comedy-festival-seeks-creditor-protection\/\" target=\"_blank\" rel=\"noopener noreferrer\">link<\/a><br \/>\n    > Vancouver is awesome, 5 mars. <a href=\"https:\/\/www.vancouverisawesome.com\/national-business\/montreals-just-for-laughs-cancels-summer-comedy-festival-seeks-creditor-protection-8397600\" target=\"_blank\" rel=\"noopener noreferrer\">link<\/a><br \/>\n    > Times Colonist, 5 mars. <a href=\"https:\/\/www.timescolonist.com\/the-mix\/montreals-just-for-laughs-cancels-summer-comedy-festival-seeks-creditor-protection-8397595\" target=\"_blank\" rel=\"noopener noreferrer\">link<\/a><br \/>\n    > North Shore News, 5 mars. <a href=\"https:\/\/www.nsnews.com\/the-mix\/montreals-just-for-laughs-cancels-summer-comedy-festival-seeks-creditor-protection-8397595\" target=\"_blank\" rel=\"noopener noreferrer\">link<\/a><br \/>\n* Alexandra Duval. <i>ICI Radio-Canada Qu\u00e9bec<\/i>, 15h15, 5 mars 2024 (6 minuntes).<br \/>\n* Diane B\u00e9rard. <i>ICI Radio-Canada, Zone \u00e9conomie<\/i>, 5 mars 2024.<br \/>\n* Sandra Hercegova. <i>CBC Montreal, Morning show<\/i>, 6 mars 2024.<\/p>\n<p><strong>Philanthropie<\/strong><br \/>\nPierre-Yves McSween <i>L&#8217;enqu\u00eate McSween<\/i>, T\u00e9l\u00e9-Qu\u00e9bec \/ PixCom, 28 septembre 2023<br \/>\nSaison 1, \u00e9pisode 4 (22 minutes) L&#8217;empire du don <a href=\"https:\/\/video.telequebec.tv\/player\/44690\/stream?assetType=episodes\" target=\"_blank\" rel=\"noopener noreferrer\">lien \u00e9pisode 4<\/a> \/ <a href=\"https:\/\/www.telequebec.tv\/documentaire\/l-enquete-mcsween\" target=\"_blank\" rel=\"noopener noreferrer\">lien \u00e9mission<\/a> <\/p>\n<p><strong>Hockey Canada<\/strong><br \/>\nGrant Robertson <i>The Globe and Mail<\/i>, November 1, 2022<br \/>\nHow deep are Hockey Canada&#8217;s pockets? Inside nearly 20 years of financial records it has kept private <a href=\"https:\/\/www.theglobeandmail.com\/canada\/article-hockey-canada-finances-funding-assets\/\" target=\"_blank\" rel=\"noopener noreferrer\">link article G&#038;M<\/a> <\/p>\n<p><strong>Transfert d&#8217;entreprises<\/strong><br \/>\nJean-Philippe D\u00e9carie <i>La Presse+ Affaires<\/i>, 19 juin 2021<br \/>\nPour un transfert familial \u00e9quitable (mention \u00e9tude CTEQ) <a href=\"https:\/\/www.lapresse.ca\/affaires\/chroniques\/2021-06-19\/pour-un-transfert-familial-equitable.php\" target=\"_blank\" rel=\"noopener noreferrer\">lien article LP<\/a> <\/p>\n<p><strong>Milieu culturel<\/strong><br \/>\nAnnabelle Caillou <i>Le Devoir<\/i>, 5 novembre 2020.<br \/>\nLa secteur culturel aux soins intensifs <a href=\"https:\/\/www.ledevoir.com\/culture\/589125\/coronavirus-le-secteur-culturel-aux-soins-intensifs\" target=\"_blank\" rel=\"noopener noreferrer\">link article FR<\/a><\/p>\n<p><strong>Personal<\/strong><br \/>\nSprott School of Business, September 8, 2020<br \/>\nA Visionary Professor Who Is Not Afraid to Say &#8216;Yes!&#8217; <a href=\"https:\/\/sprott.carleton.ca\/2020\/09\/a-visionary-professor-who-is-not-afraid-to-say-yes\/\" target=\"_blank\" rel=\"noopener noreferrer\">link article<\/a> <\/p>\n<p><strong>Philanthropie<\/strong><br \/>\nSylvain Larocque. <i>Le Journal de Montr\u00e9al<\/i>, 29 juillet 2020.<br \/>\nHausse des frais, baisse des dons chez Centraide du Grand Montr\u00e9al <a href=\"https:\/\/www.journaldemontreal.com\/2020\/07\/29\/hausse-des-frais-baisse-des-dons-chez-centraide-du-grand-montreal\" target=\"_blank\" rel=\"noopener noreferrer\">link article FR<\/a><\/p>\n<p><strong>Philanthropie<\/strong><br \/>\nMarie-Eve Cousineau <i>Le Devoir<\/i>, 3 juillet 2020.<br \/>\nLa philanthropie mise sur pause dans les h\u00f4pitaux <a href=\"https:\/\/www.ledevoir.com\/societe\/581852\/la-philanthropie-mise-sur-pause\" target=\"_blank\" rel=\"noopener noreferrer\">link article FR<\/a><\/p>\n<p><strong>Humour et culture<\/strong><br \/>\nMario Boulianne. <i>Le Droit<\/i>, 5 mai 2020.<br \/>\nRetour dans les salles de spectacles: la prudence est de mise <a href=\"https:\/\/www.ledroit.com\/actualites\/covid-19\/retour-dans-les-salles-de-spectacles-la-prudence-est-de-mise-50b5ea283156762e962bbefc5fc745e7\" target=\"_blank\" rel=\"noopener noreferrer\">link article FR<\/a><\/p>\n<p><strong>Humour et culture<\/strong><br \/>\nM\u00e9lanye Boisssoonault. <i>ICI Radio-Canada Ottawa Gatineau, Les matins d&#8217;ici<\/i>, 30 avril 2020.<br \/>\nCulturel avec M\u00e9lanye Boisssonnault &#8211; l&#8217;humour en temps de pand\u00e9mie (segments: 6h40 (6 minutes); 7h47 (6 minutes)) <a href=\"https:\/\/ici.radio-canada.ca\/premiere\/emissions\/Les-matins-d-ici\/episodes\/462281\/rattrapage-du-jeudi-30-avril-2020\" target=\"_blank\" rel=\"noopener noreferrer\">link \u00e9mission radio<\/a><\/p>\n<p><strong>Taxation \/ Imp\u00f4t<\/strong><br \/>\nStu Mills. <i>CBC News<\/i>, 12 November 2019.<br \/>\nThis man tested Canada&#8217;s tax laws by moving in a canoe \u2014 and won <a href=\"https:\/\/www.cbc.ca\/news\/canada\/ottawa\/john-konecny-canoe-move-tax-law-canada-1.5355436\" target=\"_blank\" rel=\"noopener noreferrer\">link article EN<\/a> \/<br \/>\nStu Mills. <i>Radio-Canada<\/i>, 12 Novembre 2019.<br \/>\nCet homme d\u00e9m\u00e9nage en canot et teste le syst\u00e8me fiscal canadien <a href=\"https:\/\/ici.radio-canada.ca\/nouvelle\/1387917\/john-konecny-demenagement-canot-fiscalite-impots-professeur\" target=\"_blank\" rel=\"noopener noreferrer\">link article FR<\/a><\/p>\n<p><strong>Taxation \/ Imp\u00f4t<\/strong><br \/>\n<i>Huffington Post Qu\u00e9bec<\/i>, 21 Mars 2019.<br \/>\nD\u00e9claration d\u2019impots: 10 questions pour se trouver un comptable comp\u00e9tent <a href=\"https:\/\/quebec.huffingtonpost.ca\/author\/francois-brouard\/\" target=\"_blank\" rel=\"noopener noreferrer\">lien blogue<\/a> \/ <a href=\"https:\/\/quebec.huffingtonpost.ca\/francois-brouard\/declaration-impots-revenus-10-questions-trouver-comptable-competent_a_23697926\/\" target=\"_blank\" rel=\"noopener noreferrer\">lien article<\/a> <\/p>\n<p><strong>Taxation \/ Imp\u00f4t<\/strong><br \/>\n<i>The National Post<\/i>, 18 March 2019.<br \/>\nDread doing your taxes? Some tips on hiring someone to take over <a href=\"https:\/\/nationalpost.com\/pmn\/news-pmn\/dread-doing-your-taxes-some-tips-on-hiring-someone-to-take-over\" target=\"_blank\" rel=\"noopener noreferrer\">link<\/a> <\/p>\n<p>Rick Gibbons, <i>The Rick Gibbons Show &#8211; 1310 NEWS<\/i>, 15 March 2019 (13h45 &#8211; 7 min)<br \/>\nDread doing your taxes? Some tips on hiring someone to take over : Interview with F. Brouard <a href=\"http:\/\/www.1310news.com\/audio\/the-rick-gibbons-show\" target=\"_blank\" rel=\"noopener noreferrer\">link<\/a> <\/p>\n<p><strong>ComediHa! + Juste Pour Rire<\/strong><br \/>\nJulien Arsenault, La Presse Canadienne<br \/>\n&#8211; <i>La Presse<\/i>, 11 d\u00e9cembre 2018<br \/>\nHumour: Patrick Rozon heureux de l\u2019implication de Bell et Qu\u00e9becor <a href=\"https:\/\/www.lapresse.ca\/arts\/spectacles-et-theatre\/humour-et-varietes\/201812\/11\/01-5207650-humour-patrick-rozon-heureux-de-limplication-de-bell-et-quebecor.php\" target=\"_blank\" rel=\"noopener noreferrer\">lien<\/a><br \/>\n&#8211; <i>Le Soleil<\/i>, 11 d\u00e9cembre 2018<br \/>\nPatrick Rozon n\u2019entrevoit pas de guerre Bell-Qu\u00e9becor en humour <a href=\"https:\/\/www.lesoleil.com\/arts\/patrick-rozon-nentrevoit-pas-de-guerre-bell-quebecor-en-humour-be645a98207eb4fde07d6784384de760\" target=\"_blank\" rel=\"noopener noreferrer\">lien<\/a><\/p>\n<p><strong>Juste Pour Rire<\/strong><br \/>\nMichel C Auger, <i>Midi Info ICI Radio-Canada<\/i>, 29 mai 2018 (11h46 &#8211; 7 min)<br \/>\nPrise de contr\u00f4le de Juste pour rire par Bell et Evenko : Analyse de F. Brouard <a href=\"http:\/\/www.radio-canada.ca\/util\/postier\/suggerer-go.asp?nID=4311973\" target=\"_blank\" rel=\"noopener noreferrer\">lien<\/a><\/p>\n<p><strong>Juste Pour Rire<\/strong><br \/>\nGuillaume Bourgault-C\u00f4t\u00e9, <i>Le Devoir<\/i>, 29 mai 2018<br \/>\nGJPR: L\u2019arriv\u00e9e de Bell et Evenko bien accueillie <a href=\"https:\/\/www.ledevoir.com\/culture\/528914\/bellevenkojpr\" target=\"_blank\" rel=\"noopener noreferrer\">lien<\/a><\/p>\n<p><strong>Juste Pour Rire<\/strong><br \/>\nAllan Woods <i>The Toronto Star<\/i>, March 23, 2018<br \/>\nShould Quebec\u2019s comedy industry laugh or cry over Just for laughs sale? <a href=\"https:\/\/www.thestar.com\/news\/canada\/2018\/03\/23\/should-quebecs-comedy-industry-laugh-or-cry-over-just-for-laughs-sale.html\" target=\"_blank\" rel=\"noopener noreferrer\">link<\/a><\/p>\n<p><strong>Juste Pour Rire<\/strong><br \/>\nJulien Arsenault, La Presse Canadienne<br \/>\n&#8211; <i>L\u2019actualit\u00e9<\/i>, 21 mars 2018<br \/>\nAvec ICM Partners, l\u2019humoriste Howie Mandel devient copropri\u00e9taire de JPR <a href=\"https:\/\/lactualite.com\/actualites\/2018\/03\/21\/howie-mandel-et-icm-partners-achetent-le-groupe-juste-pour-rire\/\" target=\"_blank\" rel=\"noopener noreferrer\">lien<\/a><br \/>\n&#8211; <i>Journal Metro<\/i>, 21 mars 2018<br \/>\nL\u2019humoriste Howie Mandel devient copropri\u00e9taire de Juste pour rire <a href=\"http:\/\/journalmetro.com\/actualites\/economie\/1465612\/howie-mandel-et-icm-partners-achetent-le-groupe-jpr\/\" target=\"_blank\" rel=\"noopener noreferrer\">lien<\/a><\/p>\n<p><strong>Juste Pour Rire<\/strong><br \/>\nFran\u00e7ois Brouard (Lettre d&#8217;opinion). Le Festival du Rire de Montr\u00e9al, un mod\u00e8le social d&#8217;affaires <a href=\"https:\/\/carleton.ca\/profbrouard\/wp-content\/uploads\/LettreopinionhumourFRMmodeleaffairesSEBrouard201711112.pdf\" target=\"_blank\" rel=\"noopener noreferrer\">PDF 2p.<\/a>, 12 novembre 2017.<\/p>\n<p><strong>Festivals d&#8217;humour<\/strong><br \/>\nFran\u00e7ois Brouard (Lettre d&#8217;opinion). Montr\u00e9al peut-il avoir deux festivals importants d&#8217;humour?<br \/>\n&#8211; <i>La Presse+<\/i>, 14 novembre 2017, D\u00e9bats \u00e9cran 7. <a href=\"http:\/\/plus.lapresse.ca\/screens\/b717f807-6bf5-4c76-85a6-e47776c06098%7C_0.html?utm_medium=Email&#038;utm_campaign=Internal+Share&#038;utm_content=Screen\" target=\"_blank\" rel=\"noopener noreferrer\">lien La Presse+<\/a> \/ <a href=\"https:\/\/carleton.ca\/profbrouard\/wp-content\/uploads\/LettreopinionhumourplacepourdeuxfestivalsBrouard201711112.pdf\" target=\"_blank\" rel=\"noopener noreferrer\">PDF 2 p.<\/a><\/p>\n<p><strong>Festivals d&#8217;humour<\/strong><br \/>\nSt\u00e9phane Baillargeon, <i>Le Devoir<\/i>, 8 novembre 2017<br \/>\nUn nouveau festival d&#8217;humour pour rire encore un, beaucoup, ensemble <a href=\"http:\/\/www.ledevoir.com\/culture\/actualites-culturelles\/512396\/les-humoristes-du-quebec-creent-le-festival-du-rire-pour-remplacer-le-festival-juste-pour-rire\" target=\"_blank\" rel=\"noopener noreferrer\">lien<\/a><\/p>\n<p><strong>Festivals d&#8217;humour<\/strong><br \/>\nCaroline St-Pierre, La Presse Canadienne<br \/>\n&#8211; <i>Le Soleil<\/i>, 8 novembre 2017<br \/>\nLes humoristes cr\u00e9ent leur Festival <a href=\"https:\/\/www.lesoleil.com\/arts\/les-humoristes-creent-leur-festival-d1dac8611bc3ba86f06ed70e56dba3fc\" target=\"_blank\" rel=\"noopener noreferrer\">lien<\/a><br \/>\n&#8211; <i>Huffington Post<\/i>, 8 novembre 2017<br \/>\nLa fin du Festival juste pour rire <a href=\"http:\/\/quebec.huffingtonpost.ca\/2017\/11\/07\/la-fin-du-festival-juste-pour-rire_a_23269787\/\" target=\"_blank\" rel=\"noopener noreferrer\">lien<\/a><br \/>\n&#8211; <i>La Presse<\/i>, 8 novembre 2017<br \/>\nDes humoristes lancent le Festival du rire de Montr\u00e9al   <a href=\"http:\/\/www.lapresse.ca\/arts\/festivals\/201711\/07\/01-5142654-des-humoristes-lancent-le-festival-du-rire-de-montreal.php\" target=\"_blank\" rel=\"noopener noreferrer\">lien<\/a><\/p>\n<p><strong>Festivals d&#8217;humour<\/strong><br \/>\nJean-Philippe Robillard, <i>ICI Radio-Canada (t\u00e9l\u00e9vision et radio)<\/i>, 8 novembre 2017<br \/>\nDes humoristes s&#8217;unissent pour cr\u00e9er le festival du rire de Montr\u00e9al <a href=\"http:\/\/v3.radio-canada.ca\/audio-video\/media-7808771\/des-humoristes-sunissent-pour-creer-le-festival-du-rire-de-montreal\" target=\"_blank\" rel=\"noopener noreferrer\">lien<\/a><\/p>\n<p><strong>Juste Pour Rire<\/strong><br \/>\nFran\u00e7ois Desjardins, <i>Le Devoir<\/i>, 25 octobre 2017<br \/>\nLe groupe Juste pour rire ne sera pas vendu demain matin, estiment des experts <a href=\"http:\/\/www.ledevoir.com\/economie\/actualites-economiques\/511223\/le-groupe-juste-pour-rire-ne-sera-pas-vendu-demain-matin-estiment-des-experts\" target=\"_blank\" rel=\"noopener noreferrer\">lien<\/a><\/p>\n<p>Raphael Gendron-Martin, <i>Le Journal de Montr\u00e9al<\/i>, 24 octobre 2017 <\/p>\n<p>Christine Montambault, <i>Le Journal de Montr\u00e9al<\/i>, 23 octobre 2017 <\/p>\n<p><strong>Juste Pour Rire<\/strong><br \/>\nIsabelle Mass\u00e9, <i>La Presse+ Affaires<\/i>, 21 octobre 2017<br \/>\nGilbert Rozon vendra ses actions dans Juste pour rire <a href=\"https:\/\/www.pressreader.com\/canada\/la-presse\/20171021\/282218011030479\" target=\"_blank\" rel=\"noopener noreferrer\">lien<\/a> \/ <a href=\"http:\/\/plus.lapresse.ca\" target=\"_blank\" rel=\"noopener noreferrer\">lien LP+<\/a><\/p>\n<p>Jean-Fran\u00e7ois Blais, <i>ICI Radio-Canada Premi\u00e8re (radio)<\/i>, 20 octobre 2017 <\/p>\n<p>Catherine Gignac, La Presse Canadienne <i>(radio)<\/i>, 20 octobre 2017 <\/p>\n<p><strong>Juste Pour Rire<\/strong><br \/>\nPhilippe Papineau, <i>Le Devoir<\/i>, 20 octobre 2017<br \/>\nQuel avenir pour l&#8217;empire juste pour rire? <a href=\"http:\/\/www.ledevoir.com\/societe\/actualites-en-societe\/510877\/quel-avenir-pour-l-empire-juste-pour-rire\" target=\"_blank\" rel=\"noopener noreferrer\">lien<\/a><\/p>\n<p><\/p>\n<table border=\"0\" width=\"800\" cellspacing=\"0\" cellpadding=\"2\">\n<tbody>\n<tr class=\"DecreaseFontMore\" bgcolor=\"#cccccc\">\n<td>\u00a9\u00a0Francois Brouard, Tous droits r\u00e9serv\u00e9s \/ All rights reserved<br \/>\nMise-\u00e0-jour \/ Updated April 4 avril 2026<\/td>\n<\/tr>\n<\/tbody>\n<\/table>\n","protected":false},"excerpt":{"rendered":"<p>INTERVIEWS \/ ENTREVUES Humour Raphael Gendron-Martin. le journal de Montr\u00e9al, 23 mars 2026. Palmar\u00e8s: voici les 50 humoristes qu\u00e9b\u00e9cois les plus marquants des ann\u00e9es 2000 (un des 15 experts du jury) lien article Taxation (tax reform) \/ Imp\u00f4t (r\u00e9forme fiscale) John Lorinc PIVOT, Winter \/ Hiver 2025, (with \/ avec Bertrand Lemieux). Time and Place, [&hellip;]<\/p>\n","protected":false},"author":5,"featured_media":0,"parent":0,"menu_order":0,"comment_status":"closed","ping_status":"closed","template":"","meta":{"_relevanssi_hide_post":"","_relevanssi_hide_content":"","_relevanssi_pin_for_all":"","_relevanssi_pin_keywords":"","_relevanssi_unpin_keywords":"","_relevanssi_related_keywords":"","_relevanssi_related_include_ids":"","_relevanssi_related_exclude_ids":"","_relevanssi_related_no_append":"","_relevanssi_related_not_related":"","_relevanssi_related_posts":"","_relevanssi_noindex_reason":"","_mi_skip_tracking":false,"_exactmetrics_sitenote_active":false,"_exactmetrics_sitenote_note":"","_exactmetrics_sitenote_category":0,"footnotes":"","_links_to":"","_links_to_target":""},"yoast_head":"<!-- This site is optimized with the Yoast SEO plugin v21.2 - https:\/\/yoast.com\/wordpress\/plugins\/seo\/ -->\n<title>Medias - Professor Fran\u00e7ois Brouard<\/title>\n<meta name=\"description\" content=\"INTERVIEWS \/ ENTREVUES Humour Raphael Gendron-Martin. le journal de Montr\u00e9al, 23 mars 2026. Palmar\u00e8s: voici les 50 humoristes qu\u00e9b\u00e9cois les plus marquants\" \/>\n<meta name=\"robots\" content=\"index, follow, max-snippet:-1, max-image-preview:large, max-video-preview:-1\" \/>\n<link rel=\"canonical\" href=\"https:\/\/carleton.ca\/profbrouard\/medias\/\" \/>\n<meta name=\"twitter:label1\" content=\"Est. reading time\" \/>\n\t<meta name=\"twitter:data1\" content=\"5 minutes\" \/>\n<script type=\"application\/ld+json\" class=\"yoast-schema-graph\">{\"@context\":\"https:\/\/schema.org\",\"@graph\":[{\"@type\":\"WebPage\",\"@id\":\"https:\/\/carleton.ca\/profbrouard\/medias\/\",\"url\":\"https:\/\/carleton.ca\/profbrouard\/medias\/\",\"name\":\"Medias - Professor Fran\u00e7ois Brouard\",\"isPartOf\":{\"@id\":\"https:\/\/carleton.ca\/profbrouard\/#website\"},\"datePublished\":\"2017-07-13T19:34:09+00:00\",\"dateModified\":\"2026-04-04T22:36:05+00:00\",\"description\":\"INTERVIEWS \/ ENTREVUES Humour Raphael Gendron-Martin. le journal de Montr\u00e9al, 23 mars 2026. Palmar\u00e8s: voici les 50 humoristes qu\u00e9b\u00e9cois les plus marquants\",\"breadcrumb\":{\"@id\":\"https:\/\/carleton.ca\/profbrouard\/medias\/#breadcrumb\"},\"inLanguage\":\"en-US\",\"potentialAction\":[{\"@type\":\"ReadAction\",\"target\":[\"https:\/\/carleton.ca\/profbrouard\/medias\/\"]}]},{\"@type\":\"BreadcrumbList\",\"@id\":\"https:\/\/carleton.ca\/profbrouard\/medias\/#breadcrumb\",\"itemListElement\":[{\"@type\":\"ListItem\",\"position\":1,\"name\":\"Home\",\"item\":\"https:\/\/carleton.ca\/profbrouard\/\"},{\"@type\":\"ListItem\",\"position\":2,\"name\":\"Medias\"}]},{\"@type\":\"WebSite\",\"@id\":\"https:\/\/carleton.ca\/profbrouard\/#website\",\"url\":\"https:\/\/carleton.ca\/profbrouard\/\",\"name\":\"Professor Fran\u00e7ois Brouard\",\"description\":\"ÐÓ°ÉÔ­´´ University\",\"potentialAction\":[{\"@type\":\"SearchAction\",\"target\":{\"@type\":\"EntryPoint\",\"urlTemplate\":\"https:\/\/carleton.ca\/profbrouard\/?s={search_term_string}\"},\"query-input\":\"required name=search_term_string\"}],\"inLanguage\":\"en-US\"}]}<\/script>\n<!-- \/ Yoast SEO plugin. -->","yoast_head_json":{"title":"Medias - Professor Fran\u00e7ois Brouard","description":"INTERVIEWS \/ ENTREVUES Humour Raphael Gendron-Martin. le journal de Montr\u00e9al, 23 mars 2026. Palmar\u00e8s: voici les 50 humoristes qu\u00e9b\u00e9cois les plus marquants","robots":{"index":"index","follow":"follow","max-snippet":"max-snippet:-1","max-image-preview":"max-image-preview:large","max-video-preview":"max-video-preview:-1"},"canonical":"https:\/\/carleton.ca\/profbrouard\/medias\/","twitter_misc":{"Est. reading time":"5 minutes"},"schema":{"@context":"https:\/\/schema.org","@graph":[{"@type":"WebPage","@id":"https:\/\/carleton.ca\/profbrouard\/medias\/","url":"https:\/\/carleton.ca\/profbrouard\/medias\/","name":"Medias - Professor Fran\u00e7ois Brouard","isPartOf":{"@id":"https:\/\/carleton.ca\/profbrouard\/#website"},"datePublished":"2017-07-13T19:34:09+00:00","dateModified":"2026-04-04T22:36:05+00:00","description":"INTERVIEWS \/ ENTREVUES Humour Raphael Gendron-Martin. le journal de Montr\u00e9al, 23 mars 2026. Palmar\u00e8s: voici les 50 humoristes qu\u00e9b\u00e9cois les plus marquants","breadcrumb":{"@id":"https:\/\/carleton.ca\/profbrouard\/medias\/#breadcrumb"},"inLanguage":"en-US","potentialAction":[{"@type":"ReadAction","target":["https:\/\/carleton.ca\/profbrouard\/medias\/"]}]},{"@type":"BreadcrumbList","@id":"https:\/\/carleton.ca\/profbrouard\/medias\/#breadcrumb","itemListElement":[{"@type":"ListItem","position":1,"name":"Home","item":"https:\/\/carleton.ca\/profbrouard\/"},{"@type":"ListItem","position":2,"name":"Medias"}]},{"@type":"WebSite","@id":"https:\/\/carleton.ca\/profbrouard\/#website","url":"https:\/\/carleton.ca\/profbrouard\/","name":"Professor Fran\u00e7ois Brouard","description":"ÐÓ°ÉÔ­´´ University","potentialAction":[{"@type":"SearchAction","target":{"@type":"EntryPoint","urlTemplate":"https:\/\/carleton.ca\/profbrouard\/?s={search_term_string}"},"query-input":"required name=search_term_string"}],"inLanguage":"en-US"}]}},"acf":{"banner_image_type":"none","banner_button":"no"},"_links":{"self":[{"href":"https:\/\/carleton.ca\/profbrouard\/wp-json\/wp\/v2\/pages\/450"}],"collection":[{"href":"https:\/\/carleton.ca\/profbrouard\/wp-json\/wp\/v2\/pages"}],"about":[{"href":"https:\/\/carleton.ca\/profbrouard\/wp-json\/wp\/v2\/types\/page"}],"author":[{"embeddable":true,"href":"https:\/\/carleton.ca\/profbrouard\/wp-json\/wp\/v2\/users\/5"}],"replies":[{"embeddable":true,"href":"https:\/\/carleton.ca\/profbrouard\/wp-json\/wp\/v2\/comments?post=450"}],"version-history":[{"count":4,"href":"https:\/\/carleton.ca\/profbrouard\/wp-json\/wp\/v2\/pages\/450\/revisions"}],"predecessor-version":[{"id":5704,"href":"https:\/\/carleton.ca\/profbrouard\/wp-json\/wp\/v2\/pages\/450\/revisions\/5704"}],"wp:attachment":[{"href":"https:\/\/carleton.ca\/profbrouard\/wp-json\/wp\/v2\/media?parent=450"}],"curies":[{"name":"wp","href":"https:\/\/api.w.org\/{rel}","templated":true}]}}