  {"id":399,"date":"2017-07-13T09:48:29","date_gmt":"2017-07-13T13:48:29","guid":{"rendered":"https:\/\/carleton.ca\/profbrouard\/?page_id=399"},"modified":"2017-12-06T19:27:05","modified_gmt":"2017-12-07T00:27:05","slug":"financial-information","status":"publish","type":"page","link":"https:\/\/carleton.ca\/profbrouard\/links\/financial-information\/","title":{"rendered":"Financial Information"},"content":{"rendered":"<p><strong>(under reconstruction)<\/strong><br \/>\nsite maintained by Fran\u00e7ois Brouard, DBA, FCPA, FCA; Professor and Director, SCSE-CSES<br \/>\nSprott School of Business, 杏吧原创 University \u2022 Ottawa, Ontario, Canada<\/p>\n<h2>Stock Exchanges<\/h2>\n<p><a href=\"http:\/\/www.tse.com\/\">Toronto Stock Exchange (TSX)<\/a><br \/>\n<a href=\"http:\/\/www.tse-cdnx.com\/\">TSX Venture Exchange<\/a><br \/>\n<a href=\"http:\/\/www.m-x.ca\/\">Montreal Exchange \/ Bourse de Montr\u00e9al<\/a><br \/>\n<a href=\"http:\/\/www.wce.ca\/\">Winnipeg Commodity Exchange (WCE)<\/a><br \/>\n<a href=\"http:\/\/www.amex.com\/\">American Stock Exchange<\/a><br \/>\n<a href=\"http:\/\/www.nasdaq.com\/\">NASDAQ<\/a><br \/>\n<a href=\"http:\/\/www.nyse.com\/\">New York Stock Exchange<\/a><br \/>\n<a href=\"http:\/\/www.fibv.com\/\">World Federation of Exchanges<\/a><\/p>\n<h2>Regulations Authorities<\/h2>\n<p><a href=\"http:\/\/www.iosco.org\/\">International Organization of Securities Commissions<\/a><br \/>\n<a href=\"http:\/\/www.csa-acvm.ca\/\">Canadian Securities Administrators (CSA)<br \/>\n\/ Autorit\u00e9s canadiennes en valeurs mobili\u00e8res (ACVM)<\/a><br \/>\n<a href=\"http:\/\/www.osc.gov.on.ca\/\">Ontario Securities Commission<\/a><br \/>\n<a href=\"http:\/\/www.lautorite.qc.ca\/\">Autorit\u00e9 des march\u00e9s financiers du Qu\u00e9bec<\/a><br \/>\n<a href=\"http:\/\/www.albertasecurities.com\/\">Alberta Securities Commission<\/a><br \/>\n<a href=\"http:\/\/www.bcsc.bc.ca\/\">British Columbia Securities Commission <\/a><br \/>\n<a href=\"http:\/\/msc.gov.mb.ca\/\">Manitoba Securities Commission<\/a><br \/>\n<a href=\"http:\/\/www.investor-info.ca\/\">New Brunswick Securities Administration Branch<\/a><br \/>\n<a href=\"http:\/\/www.gov.nf.ca\/gsl\/cca\/s\/\">Securities Commission of Newfoundland and Labrador<\/a><br \/>\n<a href=\"http:\/\/www.gov.ns.ca\/nssc\">Nova Scotia Securities Commission<\/a><br \/>\n<a href=\"http:\/\/www.gov.pe.ca\/securities\/\">PEI Securities Office<\/a><br \/>\n<a href=\"http:\/\/www.sfsc.gov.sk.ca\/\">Saskatchewan Financial Services Commission<\/a><\/p>\n<h2>Company and Industry Information<\/h2>\n<p><a href=\"http:\/\/www.sedar.com\/\">SEDAR (Canadian corporate filings)<\/a><br \/>\n<a href=\"http:\/\/www.sec.gov\/edgar.shtml\">EDGAR (US corporate filings)<\/a><br \/>\n<a href=\"http:\/\/www.hoovers.com\/free\">Hoovers<\/a><br \/>\n<a href=\"http:\/\/www.reportgallery.com\/\">Annual Reports.com<\/a><br \/>\n<a href=\"http:\/\/www.thomasregister.com\/\">Thomas Register<\/a><br \/>\n<a href=\"http:\/\/www.europages.com\/\">European Business Directory<\/a><br \/>\n<a href=\"http:\/\/www.robmagazine.com\/\">Top 1000 Globe and Mail<\/a><br \/>\n<a href=\"http:\/\/www.canadianbusiness.com\/\">Canadian Business<\/a><br \/>\n<a href=\"http:\/\/www.kellys.co.uk\/\">Kelly\u2019s Directory (UK)<\/a><br \/>\n<a href=\"http:\/\/www.corporateinformation.com\/\">Corporate Information<\/a><br \/>\n<a href=\"http:\/\/www.ussearch.com\/\">US Search<\/a><br \/>\n<a href=\"http:\/\/www.delphion.com\/\">Delphion (Patent)<\/a><br \/>\n<a href=\"http:\/\/www.moodys.com\/\">Moody\u2019s<\/a><br \/>\n<a href=\"http:\/\/www.standardandpoors.com\/\">Standard &amp; Poors<\/a><br \/>\n<a href=\"http:\/\/www.dbrs.com\/\">Dominion Bond Rating Service<\/a><br \/>\n<a href=\"http:\/\/www.dnb.com\/\">Dun &amp; Bradstreet<\/a><br \/>\n<a href=\"http:\/\/www.naics.com\/\">NAICS (North American Industry Classification System)<\/a><br \/>\n<a href=\"http:\/\/www.sedi.ca\/\">System for Electronic Disclosure by Insiders (SEDI)<\/a><br \/>\n<a href=\"http:\/\/www.fin.gc.ca\/activty\/factsheets\/cansec05_e.pdf\">Canada&#8217;s Securities Industry (2005)<\/a><br \/>\n<a href=\"http:\/\/www.fin.gc.ca\/activty\/factsheets\/cansec05_f.pdf\">Industrie canadienne des valeurs mobili\u00e8res (2005)<\/a><\/p>\n<h2>Country Information<\/h2>\n<p><a href=\"http:\/\/www.cia.gov\/cia\/publications\/factbook\/\">CIA fact Book<\/a><\/p>\n<h2>Governmental Sources<\/h2>\n<p><a href=\"http:\/\/www.strategis.gc.ca\/\">Strategis (Industry Canada)<\/a><br \/>\n<a href=\"http:\/\/www.statcan.gc.ca\/\">Statistics Canada<\/a><br \/>\n<a href=\"http:\/\/www.fedstats.gov\/\">FedStats<\/a><br \/>\n<a href=\"http:\/\/www.fedworld.gov\/\">FedWorld<\/a><br \/>\n<a href=\"http:\/\/www.sec.gov\/\">US Securities and Exchange Commission<\/a><br \/>\n<a href=\"http:\/\/www.feweb.vu.nl\/econometriclinks\">Econometrics Links<\/a><\/p>\n<h2>Financial Terminology<\/h2>\n<p><a href=\"http:\/\/www.sedar.com\/help\/glossary_en.htm\">SEDAR Glossary of Terms<\/a><\/p>\n<h2>Financial Taxonomy \/ Taxonomie<\/h2>\n<p><a href=\"http:\/\/www.xbrl.ca\/\">XBRL Canada<\/a><br \/>\n<a href=\"http:\/\/www.xbrl.org\/\">XBRL International<\/a><\/p>\n<h2>Other Financial Information<\/h2>\n<p><a href=\"http:\/\/www.bankofcanada.ca\/en\/exchange-look.htm\">Bank of Canada (foreign exchange rates)<\/a><\/p>\n","protected":false},"excerpt":{"rendered":"<p>(under reconstruction) site maintained by Fran\u00e7ois Brouard, DBA, FCPA, FCA; Professor and Director, SCSE-CSES Sprott School of Business, 杏吧原创 University \u2022 Ottawa, Ontario, Canada Stock Exchanges Toronto Stock Exchange (TSX) TSX Venture Exchange Montreal Exchange \/ Bourse de Montr\u00e9al Winnipeg Commodity Exchange (WCE) American Stock Exchange NASDAQ New York Stock Exchange World Federation of Exchanges [&hellip;]<\/p>\n","protected":false},"author":5,"featured_media":0,"parent":349,"menu_order":0,"comment_status":"closed","ping_status":"closed","template":"","meta":{"_relevanssi_hide_post":"","_relevanssi_hide_content":"","_relevanssi_pin_for_all":"","_relevanssi_pin_keywords":"","_relevanssi_unpin_keywords":"","_relevanssi_related_keywords":"","_relevanssi_related_include_ids":"","_relevanssi_related_exclude_ids":"","_relevanssi_related_no_append":"","_relevanssi_related_not_related":"","_relevanssi_related_posts":"","_relevanssi_noindex_reason":"","_mi_skip_tracking":false,"_exactmetrics_sitenote_active":false,"_exactmetrics_sitenote_note":"","_exactmetrics_sitenote_category":0,"footnotes":"","_links_to":"","_links_to_target":""},"yoast_head":"<!-- This site is optimized with the Yoast SEO plugin v21.2 - https:\/\/yoast.com\/wordpress\/plugins\/seo\/ -->\n<title>Financial Information - Professor Fran\u00e7ois Brouard<\/title>\n<meta name=\"description\" content=\"(under reconstruction) site maintained by Fran\u00e7ois Brouard, DBA, FCPA, FCA; Professor and Director, SCSE-CSES Sprott School of Business, 杏吧原创\" \/>\n<meta name=\"robots\" content=\"index, follow, max-snippet:-1, max-image-preview:large, max-video-preview:-1\" \/>\n<link rel=\"canonical\" href=\"https:\/\/carleton.ca\/profbrouard\/links\/financial-information\/\" \/>\n<meta name=\"twitter:label1\" content=\"Est. reading time\" \/>\n\t<meta name=\"twitter:data1\" content=\"1 minute\" \/>\n<script type=\"application\/ld+json\" class=\"yoast-schema-graph\">{\"@context\":\"https:\/\/schema.org\",\"@graph\":[{\"@type\":\"WebPage\",\"@id\":\"https:\/\/carleton.ca\/profbrouard\/links\/financial-information\/\",\"url\":\"https:\/\/carleton.ca\/profbrouard\/links\/financial-information\/\",\"name\":\"Financial Information - Professor Fran\u00e7ois Brouard\",\"isPartOf\":{\"@id\":\"https:\/\/carleton.ca\/profbrouard\/#website\"},\"datePublished\":\"2017-07-13T13:48:29+00:00\",\"dateModified\":\"2017-12-07T00:27:05+00:00\",\"description\":\"(under reconstruction) site maintained by Fran\u00e7ois Brouard, DBA, FCPA, FCA; Professor and Director, SCSE-CSES Sprott School of Business, 杏吧原创\",\"breadcrumb\":{\"@id\":\"https:\/\/carleton.ca\/profbrouard\/links\/financial-information\/#breadcrumb\"},\"inLanguage\":\"en-US\",\"potentialAction\":[{\"@type\":\"ReadAction\",\"target\":[\"https:\/\/carleton.ca\/profbrouard\/links\/financial-information\/\"]}]},{\"@type\":\"BreadcrumbList\",\"@id\":\"https:\/\/carleton.ca\/profbrouard\/links\/financial-information\/#breadcrumb\",\"itemListElement\":[{\"@type\":\"ListItem\",\"position\":1,\"name\":\"Home\",\"item\":\"https:\/\/carleton.ca\/profbrouard\/\"},{\"@type\":\"ListItem\",\"position\":2,\"name\":\"Links\",\"item\":\"https:\/\/carleton.ca\/profbrouard\/links\/\"},{\"@type\":\"ListItem\",\"position\":3,\"name\":\"Financial Information\"}]},{\"@type\":\"WebSite\",\"@id\":\"https:\/\/carleton.ca\/profbrouard\/#website\",\"url\":\"https:\/\/carleton.ca\/profbrouard\/\",\"name\":\"Professor Fran\u00e7ois Brouard\",\"description\":\"杏吧原创 University\",\"potentialAction\":[{\"@type\":\"SearchAction\",\"target\":{\"@type\":\"EntryPoint\",\"urlTemplate\":\"https:\/\/carleton.ca\/profbrouard\/?s={search_term_string}\"},\"query-input\":\"required name=search_term_string\"}],\"inLanguage\":\"en-US\"}]}<\/script>\n<!-- \/ Yoast SEO plugin. -->","yoast_head_json":{"title":"Financial Information - Professor Fran\u00e7ois Brouard","description":"(under reconstruction) site maintained by Fran\u00e7ois Brouard, DBA, FCPA, FCA; Professor and Director, SCSE-CSES Sprott School of Business, 杏吧原创","robots":{"index":"index","follow":"follow","max-snippet":"max-snippet:-1","max-image-preview":"max-image-preview:large","max-video-preview":"max-video-preview:-1"},"canonical":"https:\/\/carleton.ca\/profbrouard\/links\/financial-information\/","twitter_misc":{"Est. reading time":"1 minute"},"schema":{"@context":"https:\/\/schema.org","@graph":[{"@type":"WebPage","@id":"https:\/\/carleton.ca\/profbrouard\/links\/financial-information\/","url":"https:\/\/carleton.ca\/profbrouard\/links\/financial-information\/","name":"Financial Information - Professor Fran\u00e7ois Brouard","isPartOf":{"@id":"https:\/\/carleton.ca\/profbrouard\/#website"},"datePublished":"2017-07-13T13:48:29+00:00","dateModified":"2017-12-07T00:27:05+00:00","description":"(under reconstruction) site maintained by Fran\u00e7ois Brouard, DBA, FCPA, FCA; Professor and Director, SCSE-CSES Sprott School of Business, 杏吧原创","breadcrumb":{"@id":"https:\/\/carleton.ca\/profbrouard\/links\/financial-information\/#breadcrumb"},"inLanguage":"en-US","potentialAction":[{"@type":"ReadAction","target":["https:\/\/carleton.ca\/profbrouard\/links\/financial-information\/"]}]},{"@type":"BreadcrumbList","@id":"https:\/\/carleton.ca\/profbrouard\/links\/financial-information\/#breadcrumb","itemListElement":[{"@type":"ListItem","position":1,"name":"Home","item":"https:\/\/carleton.ca\/profbrouard\/"},{"@type":"ListItem","position":2,"name":"Links","item":"https:\/\/carleton.ca\/profbrouard\/links\/"},{"@type":"ListItem","position":3,"name":"Financial Information"}]},{"@type":"WebSite","@id":"https:\/\/carleton.ca\/profbrouard\/#website","url":"https:\/\/carleton.ca\/profbrouard\/","name":"Professor Fran\u00e7ois Brouard","description":"杏吧原创 University","potentialAction":[{"@type":"SearchAction","target":{"@type":"EntryPoint","urlTemplate":"https:\/\/carleton.ca\/profbrouard\/?s={search_term_string}"},"query-input":"required name=search_term_string"}],"inLanguage":"en-US"}]}},"acf":{"banner_image_type":"none"},"_links":{"self":[{"href":"https:\/\/carleton.ca\/profbrouard\/wp-json\/wp\/v2\/pages\/399"}],"collection":[{"href":"https:\/\/carleton.ca\/profbrouard\/wp-json\/wp\/v2\/pages"}],"about":[{"href":"https:\/\/carleton.ca\/profbrouard\/wp-json\/wp\/v2\/types\/page"}],"author":[{"embeddable":true,"href":"https:\/\/carleton.ca\/profbrouard\/wp-json\/wp\/v2\/users\/5"}],"replies":[{"embeddable":true,"href":"https:\/\/carleton.ca\/profbrouard\/wp-json\/wp\/v2\/comments?post=399"}],"version-history":[{"count":2,"href":"https:\/\/carleton.ca\/profbrouard\/wp-json\/wp\/v2\/pages\/399\/revisions"}],"predecessor-version":[{"id":1362,"href":"https:\/\/carleton.ca\/profbrouard\/wp-json\/wp\/v2\/pages\/399\/revisions\/1362"}],"up":[{"embeddable":true,"href":"https:\/\/carleton.ca\/profbrouard\/wp-json\/wp\/v2\/pages\/349"}],"wp:attachment":[{"href":"https:\/\/carleton.ca\/profbrouard\/wp-json\/wp\/v2\/media?parent=399"}],"curies":[{"name":"wp","href":"https:\/\/api.w.org\/{rel}","templated":true}]}}