  {"id":6681,"date":"2019-11-08T15:10:59","date_gmt":"2019-11-08T20:10:59","guid":{"rendered":"https:\/\/carleton.ca\/philosophy\/?page_id=6681"},"modified":"2026-02-06T13:08:30","modified_gmt":"2026-02-06T18:08:30","slug":"wpd","status":"publish","type":"page","link":"https:\/\/carleton.ca\/philosophy\/wpd\/","title":{"rendered":"World Philosophy Day 2022"},"content":{"rendered":"\n<section class=\"w-screen px-6 cu-section cu-section--white ml-offset-center md:px-8 lg:px-14\">\n    <div class=\"space-y-6 cu-max-w-child-5xl  md:space-y-10 cu-prose-first-last\">\n\n            <div class=\"cu-textmedia flex flex-col lg:flex-row mx-auto gap-6 md:gap-10 my-6 md:my-12 first:mt-0 max-w-5xl\">\n        <div class=\"justify-start cu-textmedia-content cu-prose-first-last\" style=\"flex: 0 0 100%;\">\n            <header class=\"font-light prose-xl cu-pageheader md:prose-2xl cu-component-updated cu-prose-first-last\">\n                                    <h1 class=\"cu-prose-first-last font-semibold !mt-2 mb-4 md:mb-6 relative after:absolute after:h-px after:bottom-0 after:bg-cu-red after:left-px text-3xl md:text-4xl lg:text-5xl lg:leading-[3.5rem] pb-5 after:w-10 text-cu-black-700 not-prose\">\n                        World Philosophy Day 2022\n                    <\/h1>\n                \n                                \n                            <\/header>\n\n                    <\/div>\n\n            <\/div>\n\n    <\/div>\n<\/section>\n\n<p class=\"has-text-align-center\">To all philosophy enthusiasts!<br>\n杏吧原创 University\u2019s Department of Philosophy invites you to celebrate<\/p>\n\n\n\n<h2 id=\"world-philosophy-day\" class=\"wp-block-heading\"><strong>WORLD PHILOSOPHY DAY<\/strong><\/h2>\n\n\n\n<p class=\"has-text-align-center\">November 18, 2022&nbsp; |&nbsp; 4:00 pm &#8211; 7:30 pm<br>\n杏吧原创 University, 2017 Dunton Tower<\/p>\n\n\n\n<p class=\"has-text-align-center\"><strong>A discussion on epistemic justice, democratic deliberation, and public policy<\/strong><\/p>\n\n\n\n<p>Most western democracies have been, or continue to be, involved in colonialism. Yet colonial memory is often either severely distorted or lacking&nbsp;entirely \u2013 a situation that can be characterized as \u201ccolonial erasure.\u201d I argue that colonial erasure produces and maintains inequalities in both epistemic&nbsp;and political power. Specifically, I argue that colonial erasure undermines the democratic process of deliberating on several issues of public policy that&nbsp;also matter for social justice in both its material and cultural dimensions \u2014 for example, reparations, history textbooks and curricula, statues and&nbsp;monuments, or holidays and festivals. I proceed in three steps. I first argue that, by obscuring the continuity between historical and contemporary&nbsp;injustice, colonial erasure creates epistemic injustice for minoritized groups like Afrodescendants and Indigenous peoples. I then argue that colonial&nbsp;erasure undermines political equality in contemporary societies by creating what I call a \u201cmeta-epistemic filter.\u201d Finally, I argue that this situation of&nbsp;meta-epistemic filtering undermines political equality because it significantly hinders these minorities\u2019 ability to engage in the democratic process of&nbsp;political participation on an equal basis.<\/p>\n\n\n\n<p class=\"has-text-align-center\">4:00 pm &#8211; 5:30 pm &#8211; Guest speaker <strong>Amandine Catala<\/strong>, Associate Professor, Department of Philosophy, Universit\u00e9 du Qu\u00e9bec \u00e0 Montr\u00e9al (UQUAM)<\/p>\n\n\n\n<p class=\"has-text-align-center\">5:30 pm &#8211; 7:30 pm &#8211; Reception with light refreshments provided<\/p>\n\n\n\n<p class=\"has-text-align-center\">This event is also part of our Colloquium Series and hosted in partnership with Ethics and Public Affairs at 杏吧原创 University.<\/p>\n\n\n<div class=\"wp-block-buttons is-content-justification-center is-layout-flex wp-container-core-buttons-is-layout-16018d1d wp-block-buttons-is-layout-flex\"><div class=\"wp-block-button\"><a class=\"wp-block-button__link wp-element-button \" href=\"https:\/\/carleton.ca\/philosophy\/colloquium\/\">Register here!<\/a><\/div><\/div>\n\n\n<p class=\"has-text-align-center\"><\/p>\n","protected":false},"excerpt":{"rendered":"<p>To all philosophy enthusiasts! 杏吧原创 University\u2019s Department of Philosophy invites you to celebrate WORLD PHILOSOPHY DAY November 18, 2022&nbsp; |&nbsp; 4:00 pm &#8211; 7:30 pm 杏吧原创 University, 2017 Dunton Tower A discussion on epistemic justice, democratic deliberation, and public policy Most western democracies have been, or continue to be, involved in colonialism. Yet colonial memory [&hellip;]<\/p>\n","protected":false},"author":2,"featured_media":0,"parent":0,"menu_order":0,"comment_status":"closed","ping_status":"closed","template":"","meta":{"_acf_changed":false,"_cu_dining_location_slug":"","footnotes":"","_links_to":"","_links_to_target":""},"cu_page_type":[],"class_list":["post-6681","page","type-page","status-publish","hentry"],"acf":{"cu_post_thumbnail":false},"_links":{"self":[{"href":"https:\/\/carleton.ca\/philosophy\/wp-json\/wp\/v2\/pages\/6681","targetHints":{"allow":["GET"]}}],"collection":[{"href":"https:\/\/carleton.ca\/philosophy\/wp-json\/wp\/v2\/pages"}],"about":[{"href":"https:\/\/carleton.ca\/philosophy\/wp-json\/wp\/v2\/types\/page"}],"author":[{"embeddable":true,"href":"https:\/\/carleton.ca\/philosophy\/wp-json\/wp\/v2\/users\/2"}],"replies":[{"embeddable":true,"href":"https:\/\/carleton.ca\/philosophy\/wp-json\/wp\/v2\/comments?post=6681"}],"version-history":[{"count":3,"href":"https:\/\/carleton.ca\/philosophy\/wp-json\/wp\/v2\/pages\/6681\/revisions"}],"predecessor-version":[{"id":9514,"href":"https:\/\/carleton.ca\/philosophy\/wp-json\/wp\/v2\/pages\/6681\/revisions\/9514"}],"wp:attachment":[{"href":"https:\/\/carleton.ca\/philosophy\/wp-json\/wp\/v2\/media?parent=6681"}],"wp:term":[{"taxonomy":"cu_page_type","embeddable":true,"href":"https:\/\/carleton.ca\/philosophy\/wp-json\/wp\/v2\/cu_page_type?post=6681"}],"curies":[{"name":"wp","href":"https:\/\/api.w.org\/{rel}","templated":true}]}}