  {"id":110,"date":"2012-10-30T13:41:16","date_gmt":"2012-10-30T17:41:16","guid":{"rendered":"http:\/\/carleton.ca\/metropolis\/?page_id=110"},"modified":"2021-03-20T16:36:26","modified_gmt":"2021-03-20T20:36:26","slug":"partners","status":"publish","type":"page","link":"https:\/\/carleton.ca\/metropolis\/about-us-2\/partners\/","title":{"rendered":"Partners"},"content":{"rendered":"<p><img decoding=\"async\" loading=\"lazy\" class=\"alignleft size-full wp-image-838\" src=\"http:\/\/www.carleton.ca\/metropolis\/wp-content\/uploads\/parterLogos1.jpg\" alt=\"parterLogos\" width=\"714\" height=\"345\" srcset=\"https:\/\/carleton.ca\/metropolis\/wp-content\/uploads\/parterLogos1.jpg 714w, https:\/\/carleton.ca\/metropolis\/wp-content\/uploads\/parterLogos1-160x77.jpg 160w, https:\/\/carleton.ca\/metropolis\/wp-content\/uploads\/parterLogos1-240x115.jpg 240w, https:\/\/carleton.ca\/metropolis\/wp-content\/uploads\/parterLogos1-400x193.jpg 400w, https:\/\/carleton.ca\/metropolis\/wp-content\/uploads\/parterLogos1-660x318.jpg 660w, https:\/\/carleton.ca\/metropolis\/wp-content\/uploads\/parterLogos1-480x231.jpg 480w\" sizes=\"(max-width: 714px) 100vw, 714px\" \/><span style=\"font-weight: 400;\">The above logos represent some, but not all, current and past partners.<\/span><\/p>\n<p><span style=\"font-weight: 400;\">In its twenty-five years of existence, Metropolis International has formed a global cross-sectoral network of partners and experts, whether they are part of our International Steering Committee (coming from over 60 organizations &amp; institutions in 28 countries), collaborators with whom we have worked on different projects, or simply professionals in the field of migration, integration \/ inclusion, and diversity who enthusiastically join the growing network and bring their contribution to our events and other activities.<\/span><\/p>\n<p><span style=\"font-weight: 400;\">The network is composed of universities, think tanks, governments at different levels, service providing agencies, and international organizations, enhancing our collaborative approach on bridging research, policy, and practice on migration and diversity.<\/span><\/p>\n<div class=\"slideme\"><dl class=\"slideme__list\"><dt class=\"slideme__term\"><a href=\"#slideme-international-organizations\" aria-expanded=\"false\" aria-controls=\"slideme-international-organizations\" class=\"slideme__heading slideme__trigger\">International Organizations<\/a><\/dt><dd class=\"slideme__description\" id=\"slideme-international-organizations\" aria-hidden=\"true\"><p>\n<ul>\n<li><a href=\"https:\/\/www.iom.int\/\">International Organization for Migration (IOM)<\/a><\/li>\n<li><a href=\"https:\/\/www.iom.int\/\">European Commission<\/a><\/li>\n<li><a href=\"https:\/\/www.iom.int\/\">International Centre for Migration Policy Development (ICMPD)<\/a><\/li>\n<li><a href=\"http:\/\/www.unesco.org\">United Nations Educational, Scientific and Cultural Organization (UNESCO)<\/a><\/li>\n<li><a href=\"https:\/\/migrationpolicycentre.eu\/\">Migration Policy Centre \u2013 MPC<\/a><\/li>\n<li><a href=\"https:\/\/www.pam.int\/\">Parliamentary Assembly of the Mediterranean<\/a><\/li>\n<li><a href=\"https:\/\/www.migrationpolicy.org\/\">Migration Policy Institute &#8211; MPI<\/a><\/li>\n<\/ul>\n<ul>\n<li><span style=\"font-weight: 400;\">\u00a0<\/span>\u00a0 <\/p><\/dd><dl><\/div><\/li>\n<\/ul>\n<div class=\"slideme\"><dl class=\"slideme__list\"><dt class=\"slideme__term\"><a href=\"#slideme-americas\" aria-expanded=\"false\" aria-controls=\"slideme-americas\" class=\"slideme__heading slideme__trigger\">Americas<\/a><\/dt><dd class=\"slideme__description\" id=\"slideme-americas\" aria-hidden=\"true\"><p>\n<ul>\n<li><strong>ARGENTINA<\/strong><\/li>\n<\/ul>\n<ul style=\"list-style-type: circle;\">\n<li><a href=\"http:\/\/www.cemla.com\/\" target=\"_blank\" rel=\"noopener noreferrer\">Centro de Estudios Migratorios Latinoamericanos (CEMLA)<\/a><\/li>\n<\/ul>\n<ul>\n<li><strong>CANADA<\/strong><\/li>\n<\/ul>\n<ul style=\"list-style-type: circle;\">\n<li style=\"font-weight: 400;\" aria-level=\"4\"><a href=\"https:\/\/carleton.ca\/\"><span style=\"font-weight: 400;\">杏吧原创 University<\/span><\/a><\/li>\n<li><a href=\"http:\/\/www.cic.gc.ca\/english\/department\/\">Immigration, Refugees and Citizenship Canada (IRCC)\u00a0<\/a><\/li>\n<li style=\"font-weight: 400;\" aria-level=\"4\"><a href=\"https:\/\/www.ubc.ca\/\"><span style=\"font-weight: 400;\">The University of British Columbia<\/span><\/a><\/li>\n<li style=\"font-weight: 400;\" aria-level=\"4\"><a href=\"https:\/\/uwaterloo.ca\/\"><span style=\"font-weight: 400;\">University of Waterloo<\/span><\/a><\/li>\n<li><a href=\"http:\/\/www.focal.ca\/\">FOCAL: Canadian Foundation for the Americas <\/a><\/li>\n<\/ul>\n<ul>\n<li><strong>MEXICO<\/strong><\/li>\n<\/ul>\n<ul style=\"list-style-type: circle;\">\n<li><a title=\"CISAN UNAM\" href=\"http:\/\/www.cisan.unam.mx\/\" target=\"_blank\" rel=\"noopener noreferrer\">Universidad Nacional Aut\u00f3nama de M\u00e9xico The Center for Research on North America, CISAN, at the Universidad Nacional Aut\u00f3noma de M\u00e9xico, UNAM <\/a><\/li>\n<\/ul>\n<ul>\n<li><strong>U.S.A.<\/strong><\/li>\n<\/ul>\n<ul style=\"list-style-type: circle;\">\n<li style=\"font-weight: 400;\" aria-level=\"4\"><a href=\"https:\/\/www.asu.edu\/\"><span style=\"font-weight: 400;\">Arizona State University<\/span><\/a><\/li>\n<li style=\"font-weight: 400;\" aria-level=\"4\"><a href=\"https:\/\/www.bc.edu\/\"><span style=\"font-weight: 400;\">Boston College<\/span><\/a><\/li>\n<li><a href=\"http:\/\/www.columbia.edu\">Columbia University<\/a><\/li>\n<li style=\"font-weight: 400;\" aria-level=\"4\"><a href=\"https:\/\/miracoalition.org\/\"><span style=\"font-weight: 400;\">MIRA Coalition: Home Page<\/span><\/a><\/li>\n<li style=\"font-weight: 400;\" aria-level=\"4\"><a href=\"https:\/\/www.pewresearch.org\/\"><span style=\"font-weight: 400;\">Pew Research Center<\/span><\/a><\/li>\n<\/ul>\n<p><\/p><\/dd><dl><\/div> <div class=\"slideme\"><dl class=\"slideme__list\"><dt class=\"slideme__term\"><a href=\"#slideme-asia-pacific-africa-and-middle-east\" aria-expanded=\"false\" aria-controls=\"slideme-asia-pacific-africa-and-middle-east\" class=\"slideme__heading slideme__trigger\">Asia-Pacific, Africa and Middle East<\/a><\/dt><dd class=\"slideme__description\" id=\"slideme-asia-pacific-africa-and-middle-east\" aria-hidden=\"true\"><p><\/p>\n<ul>\n<li><strong>AUSTRALIA<\/strong><\/li>\n<\/ul>\n<ul style=\"list-style-type: circle;\">\n<li><a title=\"AMF\" href=\"http:\/\/www.amf.net.au\/\" target=\"_blank\" rel=\"noopener noreferrer\">Australian Multicultural Foundation (AMF) <\/a><\/li>\n<li style=\"font-weight: 400;\" aria-level=\"4\"><a href=\"https:\/\/www.monash.edu\/\"><span style=\"font-weight: 400;\">Monash University<\/span><\/a><\/li>\n<li><a href=\"http:\/\/www.ssi.org.au\">Settlement Services International (SSI)<\/a><\/li>\n<li><a href=\"http:\/\/www.unimelb.edu.au\">The University of Melbourne<\/a><\/li>\n<li style=\"font-weight: 400;\" aria-level=\"4\"><a href=\"https:\/\/www.sydney.edu.au\/\"><span style=\"font-weight: 400;\">The University of Sydney\u00a0<\/span><\/a><\/li>\n<li><a href=\"http:\/\/www.uts.edu.au\">University of Technology Sydney<\/a><\/li>\n<\/ul>\n<ul>\n<li><strong>NEW ZEALAND<\/strong><\/li>\n<\/ul>\n<ul style=\"list-style-type: circle;\">\n<li><a title=\"Massey University\" href=\"http:\/\/www.massey.ac.nz\" target=\"_blank\" rel=\"noopener noreferrer\">Massey University <\/a><\/li>\n<li><a title=\"University of Waikato\" href=\"http:\/\/www.waikato.ac.nz\/nidea\/home\" target=\"_blank\" rel=\"noopener noreferrer\">University of Waikato, National Institute of Demographic and Economic Analysis <\/a><\/li>\n<\/ul>\n<ul>\n<li><strong>CHINA<\/strong><\/li>\n<\/ul>\n<ul style=\"list-style-type: circle;\">\n<li><a href=\"http:\/\/en.ccg.org.cn\">Center for China &amp; Globalization (CCG)<\/a><\/li>\n<\/ul>\n<ul>\n<li><strong>INDIA<\/strong><\/li>\n<\/ul>\n<ul style=\"list-style-type: circle;\">\n<li><a href=\"http:\/\/www.jnu.ac.in\/\"><span style=\"font-weight: 400;\">Jawaharlal Nehru University<\/span><\/a><\/li>\n<\/ul>\n<ul>\n<li><strong>ISRAEL<\/strong><\/li>\n<\/ul>\n<ul style=\"list-style-type: circle;\">\n<li><a href=\"https:\/\/www.cimi.org.il\/\"><span style=\"font-weight: 400;\">Center for International Migration and Integration (CIMI)<\/span><\/a><\/li>\n<li><a title=\"Ruppin\" href=\"http:\/\/www.ruppin.ac.il\/\" target=\"_blank\" rel=\"noopener noreferrer\">Ruppin Academic Center <\/a><\/li>\n<li><a title=\"Ministry of Immigrant Absorption\" href=\"http:\/\/www.moia.gov.il\/Moia_en\/HomePage.htm?SearchText\" target=\"_blank\" rel=\"noopener noreferrer\">Ministry of Immigrant Absorption <\/a><\/li>\n<li><a title=\"Tel Aviv University\" href=\"http:\/\/spirit.tau.ac.il\/socAnt\/\" target=\"_blank\" rel=\"noopener noreferrer\">Tel Aviv University, Department of Sociology<\/a><\/li>\n<\/ul>\n<ul>\n<li><strong>MALAYSIA<\/strong><\/li>\n<\/ul>\n<ul style=\"list-style-type: circle;\">\n<li><a href=\"https:\/\/www.ukm.my\/kita\/\">Institute of Ethnic Studies (KITA) &#8211; UKM<\/a><\/li>\n<\/ul>\n<ul>\n<li><strong>PHILIPPINES<\/strong><\/li>\n<\/ul>\n<ul style=\"list-style-type: circle;\">\n<li><a href=\"https:\/\/cifal.up.edu.ph\/\"><span style=\"font-weight: 400;\">CIFAL Philippines<\/span><\/a><\/li>\n<\/ul>\n<ul>\n<li><strong>SINGAPORE<\/strong><\/li>\n<\/ul>\n<ul style=\"list-style-type: circle;\">\n<li><a href=\"https:\/\/www.ntu.edu.sg\/Pages\/home.aspx\"><span style=\"font-weight: 400;\">NTU Singapore<\/span><\/a><\/li>\n<\/ul>\n<ul>\n<li><strong>KOREA<\/strong>\n<ul>\n<li><a href=\"http:\/\/www.iom-mrtc.org\">IOM Migration Research and Training Centre Gyeonggi-do, Goyang-si, Korea (ROK) <\/a><\/li>\n<\/ul>\n<\/li>\n<li><strong>JAPAN<\/strong>\n<ul>\n<li><a href=\"https:\/\/global.kwansei.ac.jp\/\">Kwansei Gakuin University<\/a><\/li>\n<\/ul>\n<\/li>\n<li><strong>SOUTH AFRICA<\/strong><\/li>\n<\/ul>\n<ul style=\"list-style-type: circle;\">\n<li style=\"font-weight: 400;\" aria-level=\"4\"><a href=\"https:\/\/www.uct.ac.za\/\"><span style=\"font-weight: 400;\">University of Cape Town<\/span><\/a><\/li>\n<li style=\"font-weight: 400;\" aria-level=\"4\"><a href=\"https:\/\/www.wits.ac.za\/\"><span style=\"font-weight: 400;\">Wits University<\/span><\/a><\/li>\n<\/ul>\n<ul>\n<li><strong>TURKEY<\/strong><\/li>\n<\/ul>\n<ul style=\"list-style-type: circle;\">\n<li style=\"font-weight: 400;\" aria-level=\"3\"><a href=\"https:\/\/international.ku.edu.tr\/\"><span style=\"font-weight: 400;\">Ko\u00e7 University<\/span><\/a><\/li>\n<li style=\"font-weight: 400;\" aria-level=\"3\"><a href=\"http:\/\/www.tau.edu.tr\/\"><span style=\"font-weight: 400;\">T\u00fcrk-Alman \u00dcniversitesi<\/span><\/a><\/li>\n<\/ul>\n<p><\/p><\/dd><dl><\/div> <div class=\"slideme\"><dl class=\"slideme__list\"><dt class=\"slideme__term\"><a href=\"#slideme-europe\" aria-expanded=\"false\" aria-controls=\"slideme-europe\" class=\"slideme__heading slideme__trigger\">Europe<\/a><\/dt><dd class=\"slideme__description\" id=\"slideme-europe\" aria-hidden=\"true\"><p><\/p>\n<ul>\n<li><strong>BELGIUM<\/strong><\/li>\n<\/ul>\n<ul style=\"list-style-type: circle;\">\n<li><a href=\"https:\/\/www.vub.be\/en\/home\"><span style=\"font-weight: 400;\">Vrije Universiteit Brussel<\/span><\/a><\/li>\n<\/ul>\n<ul>\n<li><strong>FINLAND<\/strong><\/li>\n<\/ul>\n<ul style=\"list-style-type: circle;\">\n<li style=\"font-weight: 400;\" aria-level=\"4\"><a href=\"https:\/\/siirtolaisuusinstituutti.fi\/en\/frontpage-eng\/\"><span style=\"font-weight: 400;\">Migration Institute of Finland<\/span><\/a><\/li>\n<li style=\"font-weight: 400;\" aria-level=\"4\"><a href=\"https:\/\/www.tuni.fi\/en\/research\/research-centre-transnationalism-and-transformation-transit\"><span style=\"font-weight: 400;\">Research Centre on Transnationalism and Transformation\u00a0<\/span><\/a><\/li>\n<li style=\"font-weight: 400;\" aria-level=\"4\"><a href=\"https:\/\/www.tampere.fi\/en\/index.html\"><span style=\"font-weight: 400;\">City of Tampere<\/span><\/a><\/li>\n<\/ul>\n<ul>\n<li><strong>GERMANY<\/strong><\/li>\n<\/ul>\n<ul style=\"list-style-type: circle;\">\n<li style=\"font-weight: 400;\" aria-level=\"4\"><span style=\"font-weight: 400;\"><a href=\"https:\/\/dezim-institut.de\/\">Deutsches Zentrum f\u00fcr Integrations- und Migrationsforschung<\/a><\/span><\/li>\n<li><a href=\"https:\/\/www.bmas.de\/EN\/Home\/home.html\">Federal Ministry of Labour and Social Affairs &#8211; BMAS<\/a><\/li>\n<li><a href=\"https:\/\/www.netzwerk-iq.de\/en\/\">Network IQ<\/a><\/li>\n<li><a href=\"https:\/\/www.mpg.de\/institutes\">Max Planck Institutes (MPI)<\/a><u><br \/>\n<\/u><\/li>\n<\/ul>\n<ul>\n<li><strong>GREECE<\/strong><\/li>\n<\/ul>\n<ul style=\"list-style-type: circle;\">\n<li><a href=\"https:\/\/imepo.org\/en\/home-2\/\"><span style=\"font-weight: 400;\">Hellenic Migration Policy Institute<\/span><\/a><\/li>\n<\/ul>\n<ul>\n<li><strong>ITALY<\/strong><\/li>\n<\/ul>\n<ul style=\"list-style-type: circle;\">\n<li><a title=\"ISMU\" href=\"http:\/\/www.ismu.org\/\" target=\"_blank\" rel=\"noopener noreferrer\">Fondazione ISMU <\/a><\/li>\n<\/ul>\n<ul>\n<li><strong>THE NETHERLANDS<\/strong><\/li>\n<\/ul>\n<ul style=\"list-style-type: circle;\">\n<li><a title=\"City of Rotterdam\" href=\"http:\/\/www.rotterdam.nl\" target=\"_blank\" rel=\"noopener noreferrer\">City of Rotterdam<\/a><\/li>\n<li><a href=\"https:\/\/www.uva.nl\/en\"><span style=\"font-weight: 400;\">University of Amsterdam<\/span><\/a><\/li>\n<\/ul>\n<ul>\n<li><strong>NORWAY<\/strong><\/li>\n<\/ul>\n<ul style=\"list-style-type: circle;\">\n<li style=\"font-weight: 400;\" aria-level=\"4\"><a href=\"https:\/\/www.regjeringen.no\/en\/dep\/kd\/id586\/\"><span style=\"font-weight: 400;\">Ministry of Education and Research\u00a0<\/span><\/a><\/li>\n<li style=\"font-weight: 400;\" aria-level=\"4\"><a href=\"https:\/\/www.ntnu.edu\/\"><span style=\"font-weight: 400;\">NTNU: Norwegian University of Science and Technology<\/span><\/a><\/li>\n<\/ul>\n<ul>\n<li><strong>POLAND<\/strong><\/li>\n<\/ul>\n<ul style=\"list-style-type: circle;\">\n<li style=\"font-weight: 400;\" aria-level=\"3\"><a href=\"https:\/\/knowledge4policy.ec.europa.eu\/organisation\/cmr-centre-migration-research-university-warsaw_en\"><span style=\"font-weight: 400;\">CMR &#8211; Centre of Migration Research, University of Warsaw<\/span><\/a><\/li>\n<li style=\"font-weight: 400;\" aria-level=\"3\"><a href=\"https:\/\/ies.lublin.pl\/en\/instytut\/about-the-institute\/\"><span style=\"font-weight: 400;\">The Institute of East-Central Europe | Instytut Europy \u015arodkowej<\/span><\/a><\/li>\n<\/ul>\n<ul>\n<li><strong>PORTUGAL<\/strong><\/li>\n<\/ul>\n<ul style=\"list-style-type: circle;\">\n<li>\n<div class=\"D6j0vc\">\n<div id=\"center_col\">\n<div id=\"taw\">\n<div class=\"yuRUbf\"><a href=\"https:\/\/www.ulisboa.pt\/en\" data-jsarwt=\"1\" data-usg=\"AOvVaw1S5RTdvXUn6hyNcIdF6Xk9\" data-ved=\"2ahUKEwiu7te-2b_vAhW1ds0KHWBaCCYQFjAAegQICBAD\">ULisboa | Universidade de Lisboa<\/a><\/div>\n<div class=\"yuRUbf\"><a href=\"https:\/\/portal.azores.gov.pt\/\"><span style=\"font-weight: 400;\">Governo dos A\u00e7ores. Regional Government of the Azores<\/span><\/a><\/div>\n<div><\/div>\n<\/div>\n<\/div>\n<\/div>\n<\/li>\n<\/ul>\n<ul>\n<li><strong>SWEDEN<\/strong><\/li>\n<\/ul>\n<ul style=\"list-style-type: circle;\">\n<li style=\"font-weight: 400;\" aria-level=\"4\"><a href=\"https:\/\/www.delmi.se\/en\/\"><span style=\"font-weight: 400;\">Delmi \u2013 The Migration Studies Delegation<\/span><\/a><\/li>\n<li style=\"font-weight: 400;\" aria-level=\"4\"><a href=\"https:\/\/mau.se\/en\/research\/research-centres\/malmo-institute-for-studies-of-migration-diversity-and-welfare\/\"><span style=\"font-weight: 400;\">Malm\u00f6 Institute for Studies of Migration, Diversity and Welfare<\/span><\/a><\/li>\n<li><a href=\"https:\/\/mau.se\/en\/study-education\/programme\/sgime\/\">International Migration and Ethnic Relations | Malm\u00f6 University<\/a><\/li>\n<\/ul>\n<ul>\n<li><strong>SWITZERLAND<\/strong><\/li>\n<\/ul>\n<ul style=\"list-style-type: circle;\">\n<li><a href=\"http:\/\/www.migration-population.ch\/\" target=\"_blank\" rel=\"noopener noreferrer\">Swiss Forum for Migration and Population Studies, <\/a><a title=\"University of Neuch\u00e2tel \" href=\"http:\/\/www.migration-population.ch\/\" target=\"_blank\" rel=\"noopener noreferrer\">University of Neuch\u00e2tel <\/a><\/li>\n<\/ul>\n<ul>\n<li><strong>UNITED KINGDOM<\/strong><\/li>\n<\/ul>\n<ul style=\"list-style-type: circle;\">\n<li><a title=\"COMPAS\" href=\"http:\/\/www.compas.ox.ac.uk\/\" target=\"_blank\" rel=\"noopener noreferrer\">Centre for Migration, Policy and Security (COMPAS), University of Oxford <\/a><\/li>\n<li><a href=\"https:\/\/www.gov.uk\/government\/organisations\/home-office\/about\/research\"><span style=\"font-weight: 400;\">Home Office Analysis &amp; Insight<\/span><\/a><\/li>\n<\/ul>\n<p><\/p><\/dd><dl><\/div><\/p>\n","protected":false},"excerpt":{"rendered":"<p>The above logos represent some, but not all, current and past partners. In its twenty-five years of existence, Metropolis International has formed a global cross-sectoral network of partners and experts, whether they are part of our International Steering Committee (coming from over 60 organizations &amp; institutions in 28 countries), collaborators with whom we have worked [&hellip;]<\/p>\n","protected":false},"author":9,"featured_media":0,"parent":42,"menu_order":0,"comment_status":"closed","ping_status":"closed","template":"","meta":{"_relevanssi_hide_post":"","_relevanssi_hide_content":"","_relevanssi_pin_for_all":"","_relevanssi_pin_keywords":"","_relevanssi_unpin_keywords":"","_relevanssi_related_keywords":"","_relevanssi_related_include_ids":"","_relevanssi_related_exclude_ids":"","_relevanssi_related_no_append":"","_relevanssi_related_not_related":"","_relevanssi_related_posts":"","_relevanssi_noindex_reason":"","_mi_skip_tracking":false,"_exactmetrics_sitenote_active":false,"_exactmetrics_sitenote_note":"","_exactmetrics_sitenote_category":0,"footnotes":"","_links_to":"","_links_to_target":""},"yoast_head":"<!-- This site is optimized with the Yoast SEO plugin v21.2 - https:\/\/yoast.com\/wordpress\/plugins\/seo\/ -->\n<title>Partners - Metropolis<\/title>\n<meta name=\"description\" content=\"The above logos represent some, but not all, current and past partners. In its twenty-five years of existence, Metropolis International has formed a\" \/>\n<meta name=\"robots\" content=\"index, follow, max-snippet:-1, max-image-preview:large, max-video-preview:-1\" \/>\n<link rel=\"canonical\" href=\"https:\/\/carleton.ca\/metropolis\/about-us-2\/partners\/\" \/>\n<meta name=\"twitter:label1\" content=\"Est. reading time\" \/>\n\t<meta name=\"twitter:data1\" content=\"3 minutes\" \/>\n<script type=\"application\/ld+json\" class=\"yoast-schema-graph\">{\"@context\":\"https:\/\/schema.org\",\"@graph\":[{\"@type\":\"WebPage\",\"@id\":\"https:\/\/carleton.ca\/metropolis\/about-us-2\/partners\/\",\"url\":\"https:\/\/carleton.ca\/metropolis\/about-us-2\/partners\/\",\"name\":\"Partners - Metropolis\",\"isPartOf\":{\"@id\":\"https:\/\/carleton.ca\/metropolis\/#website\"},\"datePublished\":\"2012-10-30T17:41:16+00:00\",\"dateModified\":\"2021-03-20T20:36:26+00:00\",\"description\":\"The above logos represent some, but not all, current and past partners. In its twenty-five years of existence, Metropolis International has formed a\",\"breadcrumb\":{\"@id\":\"https:\/\/carleton.ca\/metropolis\/about-us-2\/partners\/#breadcrumb\"},\"inLanguage\":\"en-US\",\"potentialAction\":[{\"@type\":\"ReadAction\",\"target\":[\"https:\/\/carleton.ca\/metropolis\/about-us-2\/partners\/\"]}]},{\"@type\":\"BreadcrumbList\",\"@id\":\"https:\/\/carleton.ca\/metropolis\/about-us-2\/partners\/#breadcrumb\",\"itemListElement\":[{\"@type\":\"ListItem\",\"position\":1,\"name\":\"Home\",\"item\":\"https:\/\/carleton.ca\/metropolis\/\"},{\"@type\":\"ListItem\",\"position\":2,\"name\":\"杏吧原创\",\"item\":\"https:\/\/carleton.ca\/metropolis\/about-us-2\/\"},{\"@type\":\"ListItem\",\"position\":3,\"name\":\"Partners\"}]},{\"@type\":\"WebSite\",\"@id\":\"https:\/\/carleton.ca\/metropolis\/#website\",\"url\":\"https:\/\/carleton.ca\/metropolis\/\",\"name\":\"Metropolis\",\"description\":\"杏吧原创 University\",\"potentialAction\":[{\"@type\":\"SearchAction\",\"target\":{\"@type\":\"EntryPoint\",\"urlTemplate\":\"https:\/\/carleton.ca\/metropolis\/?s={search_term_string}\"},\"query-input\":\"required name=search_term_string\"}],\"inLanguage\":\"en-US\"}]}<\/script>\n<!-- \/ Yoast SEO plugin. -->","yoast_head_json":{"title":"Partners - Metropolis","description":"The above logos represent some, but not all, current and past partners. In its twenty-five years of existence, Metropolis International has formed a","robots":{"index":"index","follow":"follow","max-snippet":"max-snippet:-1","max-image-preview":"max-image-preview:large","max-video-preview":"max-video-preview:-1"},"canonical":"https:\/\/carleton.ca\/metropolis\/about-us-2\/partners\/","twitter_misc":{"Est. reading time":"3 minutes"},"schema":{"@context":"https:\/\/schema.org","@graph":[{"@type":"WebPage","@id":"https:\/\/carleton.ca\/metropolis\/about-us-2\/partners\/","url":"https:\/\/carleton.ca\/metropolis\/about-us-2\/partners\/","name":"Partners - Metropolis","isPartOf":{"@id":"https:\/\/carleton.ca\/metropolis\/#website"},"datePublished":"2012-10-30T17:41:16+00:00","dateModified":"2021-03-20T20:36:26+00:00","description":"The above logos represent some, but not all, current and past partners. In its twenty-five years of existence, Metropolis International has formed a","breadcrumb":{"@id":"https:\/\/carleton.ca\/metropolis\/about-us-2\/partners\/#breadcrumb"},"inLanguage":"en-US","potentialAction":[{"@type":"ReadAction","target":["https:\/\/carleton.ca\/metropolis\/about-us-2\/partners\/"]}]},{"@type":"BreadcrumbList","@id":"https:\/\/carleton.ca\/metropolis\/about-us-2\/partners\/#breadcrumb","itemListElement":[{"@type":"ListItem","position":1,"name":"Home","item":"https:\/\/carleton.ca\/metropolis\/"},{"@type":"ListItem","position":2,"name":"杏吧原创","item":"https:\/\/carleton.ca\/metropolis\/about-us-2\/"},{"@type":"ListItem","position":3,"name":"Partners"}]},{"@type":"WebSite","@id":"https:\/\/carleton.ca\/metropolis\/#website","url":"https:\/\/carleton.ca\/metropolis\/","name":"Metropolis","description":"杏吧原创 University","potentialAction":[{"@type":"SearchAction","target":{"@type":"EntryPoint","urlTemplate":"https:\/\/carleton.ca\/metropolis\/?s={search_term_string}"},"query-input":"required name=search_term_string"}],"inLanguage":"en-US"}]}},"acf":{"banner_image_type":"none","banner_button":"no"},"_links":{"self":[{"href":"https:\/\/carleton.ca\/metropolis\/wp-json\/wp\/v2\/pages\/110"}],"collection":[{"href":"https:\/\/carleton.ca\/metropolis\/wp-json\/wp\/v2\/pages"}],"about":[{"href":"https:\/\/carleton.ca\/metropolis\/wp-json\/wp\/v2\/types\/page"}],"author":[{"embeddable":true,"href":"https:\/\/carleton.ca\/metropolis\/wp-json\/wp\/v2\/users\/9"}],"replies":[{"embeddable":true,"href":"https:\/\/carleton.ca\/metropolis\/wp-json\/wp\/v2\/comments?post=110"}],"version-history":[{"count":4,"href":"https:\/\/carleton.ca\/metropolis\/wp-json\/wp\/v2\/pages\/110\/revisions"}],"predecessor-version":[{"id":1778,"href":"https:\/\/carleton.ca\/metropolis\/wp-json\/wp\/v2\/pages\/110\/revisions\/1778"}],"up":[{"embeddable":true,"href":"https:\/\/carleton.ca\/metropolis\/wp-json\/wp\/v2\/pages\/42"}],"wp:attachment":[{"href":"https:\/\/carleton.ca\/metropolis\/wp-json\/wp\/v2\/media?parent=110"}],"curies":[{"name":"wp","href":"https:\/\/api.w.org\/{rel}","templated":true}]}}