  {"id":174,"date":"2022-05-15T11:35:00","date_gmt":"2022-05-15T15:35:00","guid":{"rendered":"https:\/\/carleton.ca\/jtheca\/?page_id=174"},"modified":"2023-02-11T09:31:06","modified_gmt":"2023-02-11T14:31:06","slug":"planning-committee","status":"publish","type":"page","link":"https:\/\/carleton.ca\/jtheca\/planning-committee\/","title":{"rendered":"Planning committee"},"content":{"rendered":"<h3><strong>JTHECA Planning Committee members<\/strong><\/h3>\n<ul>\n<li><strong>C\u00e9cile Bulle,<\/strong> UQAM<\/li>\n<li><strong>Claudine D\u00e9om<\/strong>, Universit\u00e9 de Montr\u00e9al<\/li>\n<li><strong>Mariana Esponda,<\/strong> 杏吧原创 University<\/li>\n<li><strong>Shabnam Inanloo Dailoo<\/strong>, Athabasca University, chair Feb.11, 2023 Cultural Voices from Arts and Heritage at COP27.<\/li>\n<li><strong>Abi Kang,<\/strong> 杏吧原创 University<\/li>\n<li><strong>Miquel Reina Ortiz,<\/strong> 杏吧原创 University<\/li>\n<li><strong>Susan Ross<\/strong>, 杏吧原创 University, co-chair June 3-4, 2022 ICOMOS University Forum<\/li>\n<li><strong>Milan Roy,<\/strong> 杏吧原创 University<\/li>\n<li><strong>Mario Santana,<\/strong> 杏吧原创 University, co-chair June 3-4, 2022 ICOMOS University Forum<\/li>\n<li><strong>Laurie Smith,<\/strong> 杏吧原创 University<\/li>\n<\/ul>\n","protected":false},"excerpt":{"rendered":"<p>JTHECA Planning Committee members C\u00e9cile Bulle, UQAM Claudine D\u00e9om, Universit\u00e9 de Montr\u00e9al Mariana Esponda, 杏吧原创 University Shabnam Inanloo Dailoo, Athabasca University, chair Feb.11, 2023 Cultural Voices from Arts and Heritage at COP27. Abi Kang, 杏吧原创 University Miquel Reina Ortiz, 杏吧原创 University Susan Ross, 杏吧原创 University, co-chair June 3-4, 2022 ICOMOS University Forum Milan Roy, 杏吧原创 [&hellip;]<\/p>\n","protected":false},"author":7,"featured_media":0,"parent":0,"menu_order":0,"comment_status":"closed","ping_status":"closed","template":"","meta":{"_relevanssi_hide_post":"","_relevanssi_hide_content":"","_relevanssi_pin_for_all":"","_relevanssi_pin_keywords":"","_relevanssi_unpin_keywords":"","_relevanssi_related_keywords":"","_relevanssi_related_include_ids":"","_relevanssi_related_exclude_ids":"","_relevanssi_related_no_append":"","_relevanssi_related_not_related":"","_relevanssi_related_posts":"","_relevanssi_noindex_reason":"","_mi_skip_tracking":false,"_exactmetrics_sitenote_active":false,"_exactmetrics_sitenote_note":"","_exactmetrics_sitenote_category":0,"_monsterinsights_sitenote_active":false,"_monsterinsights_sitenote_note":"","_monsterinsights_sitenote_category":0,"footnotes":"","_links_to":"","_links_to_target":""},"yoast_head":"<!-- This site is optimized with the Yoast SEO plugin v21.2 - https:\/\/yoast.com\/wordpress\/plugins\/seo\/ -->\n<title>Planning committee - Just Transitions: Heritage Education for Climate Adaptation<\/title>\n<meta name=\"description\" content=\"JTHECA Planning Committee members C\u00e9cile Bulle, UQAM Claudine D\u00e9om, Universit\u00e9 de Montr\u00e9al Mariana Esponda, 杏吧原创 University Shabnam Inanloo Dailoo,\" \/>\n<meta name=\"robots\" content=\"index, follow, max-snippet:-1, max-image-preview:large, max-video-preview:-1\" \/>\n<link rel=\"canonical\" href=\"https:\/\/carleton.ca\/jtheca\/planning-committee\/\" \/>\n<script type=\"application\/ld+json\" class=\"yoast-schema-graph\">{\"@context\":\"https:\/\/schema.org\",\"@graph\":[{\"@type\":\"WebPage\",\"@id\":\"https:\/\/carleton.ca\/jtheca\/planning-committee\/\",\"url\":\"https:\/\/carleton.ca\/jtheca\/planning-committee\/\",\"name\":\"Planning committee - Just Transitions: Heritage Education for Climate Adaptation\",\"isPartOf\":{\"@id\":\"https:\/\/carleton.ca\/jtheca\/#website\"},\"datePublished\":\"2022-05-15T15:35:00+00:00\",\"dateModified\":\"2023-02-11T14:31:06+00:00\",\"description\":\"JTHECA Planning Committee members C\u00e9cile Bulle, UQAM Claudine D\u00e9om, Universit\u00e9 de Montr\u00e9al Mariana Esponda, 杏吧原创 University Shabnam Inanloo Dailoo,\",\"breadcrumb\":{\"@id\":\"https:\/\/carleton.ca\/jtheca\/planning-committee\/#breadcrumb\"},\"inLanguage\":\"en-US\",\"potentialAction\":[{\"@type\":\"ReadAction\",\"target\":[\"https:\/\/carleton.ca\/jtheca\/planning-committee\/\"]}]},{\"@type\":\"BreadcrumbList\",\"@id\":\"https:\/\/carleton.ca\/jtheca\/planning-committee\/#breadcrumb\",\"itemListElement\":[{\"@type\":\"ListItem\",\"position\":1,\"name\":\"Home\",\"item\":\"https:\/\/carleton.ca\/jtheca\/\"},{\"@type\":\"ListItem\",\"position\":2,\"name\":\"Planning committee\"}]},{\"@type\":\"WebSite\",\"@id\":\"https:\/\/carleton.ca\/jtheca\/#website\",\"url\":\"https:\/\/carleton.ca\/jtheca\/\",\"name\":\"Just Transitions: Heritage Education for Climate Adaptation\",\"description\":\"杏吧原创 University\",\"potentialAction\":[{\"@type\":\"SearchAction\",\"target\":{\"@type\":\"EntryPoint\",\"urlTemplate\":\"https:\/\/carleton.ca\/jtheca\/?s={search_term_string}\"},\"query-input\":\"required name=search_term_string\"}],\"inLanguage\":\"en-US\"}]}<\/script>\n<!-- \/ Yoast SEO plugin. -->","yoast_head_json":{"title":"Planning committee - Just Transitions: Heritage Education for Climate Adaptation","description":"JTHECA Planning Committee members C\u00e9cile Bulle, UQAM Claudine D\u00e9om, Universit\u00e9 de Montr\u00e9al Mariana Esponda, 杏吧原创 University Shabnam Inanloo Dailoo,","robots":{"index":"index","follow":"follow","max-snippet":"max-snippet:-1","max-image-preview":"max-image-preview:large","max-video-preview":"max-video-preview:-1"},"canonical":"https:\/\/carleton.ca\/jtheca\/planning-committee\/","schema":{"@context":"https:\/\/schema.org","@graph":[{"@type":"WebPage","@id":"https:\/\/carleton.ca\/jtheca\/planning-committee\/","url":"https:\/\/carleton.ca\/jtheca\/planning-committee\/","name":"Planning committee - Just Transitions: Heritage Education for Climate Adaptation","isPartOf":{"@id":"https:\/\/carleton.ca\/jtheca\/#website"},"datePublished":"2022-05-15T15:35:00+00:00","dateModified":"2023-02-11T14:31:06+00:00","description":"JTHECA Planning Committee members C\u00e9cile Bulle, UQAM Claudine D\u00e9om, Universit\u00e9 de Montr\u00e9al Mariana Esponda, 杏吧原创 University Shabnam Inanloo Dailoo,","breadcrumb":{"@id":"https:\/\/carleton.ca\/jtheca\/planning-committee\/#breadcrumb"},"inLanguage":"en-US","potentialAction":[{"@type":"ReadAction","target":["https:\/\/carleton.ca\/jtheca\/planning-committee\/"]}]},{"@type":"BreadcrumbList","@id":"https:\/\/carleton.ca\/jtheca\/planning-committee\/#breadcrumb","itemListElement":[{"@type":"ListItem","position":1,"name":"Home","item":"https:\/\/carleton.ca\/jtheca\/"},{"@type":"ListItem","position":2,"name":"Planning committee"}]},{"@type":"WebSite","@id":"https:\/\/carleton.ca\/jtheca\/#website","url":"https:\/\/carleton.ca\/jtheca\/","name":"Just Transitions: Heritage Education for Climate Adaptation","description":"杏吧原创 University","potentialAction":[{"@type":"SearchAction","target":{"@type":"EntryPoint","urlTemplate":"https:\/\/carleton.ca\/jtheca\/?s={search_term_string}"},"query-input":"required name=search_term_string"}],"inLanguage":"en-US"}]}},"acf":{"banner_image_type":"upload","banner_button":"no","banner_uploaded_image":{"ID":123,"id":123,"title":"DSCN1546","filename":"Almonte-river-with-falls-scaled-e1652577069802.jpg","filesize":298690,"url":"https:\/\/carleton.ca\/jtheca\/wp-content\/uploads\/Almonte-river-with-falls-scaled-e1652577069802.jpg","link":"https:\/\/carleton.ca\/jtheca\/registration\/dscn1546-2\/","alt":"","author":"7","description":"","caption":"","name":"dscn1546-2","status":"inherit","uploaded_to":51,"date":"2022-05-15 00:47:28","modified":"2022-05-15 01:21:53","menu_order":0,"mime_type":"image\/jpeg","type":"image","subtype":"jpeg","icon":"https:\/\/carleton.ca\/jtheca\/wp\/wp-includes\/images\/media\/default.png","width":1600,"height":700,"sizes":{"thumbnail":"https:\/\/carleton.ca\/jtheca\/wp-content\/uploads\/Almonte-river-with-falls-scaled-e1652577069802-160x70.jpg","thumbnail-width":160,"thumbnail-height":70,"medium":"https:\/\/carleton.ca\/jtheca\/wp-content\/uploads\/Almonte-river-with-falls-scaled-e1652577069802-240x105.jpg","medium-width":240,"medium-height":105,"medium_large":"https:\/\/carleton.ca\/jtheca\/wp-content\/uploads\/Almonte-river-with-falls-scaled-e1652577069802-768x336.jpg","medium_large-width":768,"medium_large-height":336,"large":"https:\/\/carleton.ca\/jtheca\/wp-content\/uploads\/Almonte-river-with-falls-scaled-e1652577069802-400x175.jpg","large-width":400,"large-height":175,"gallery-thumb":"https:\/\/carleton.ca\/jtheca\/wp-content\/uploads\/Almonte-river-with-falls-scaled-e1652577069802-300x230.jpg","gallery-thumb-width":300,"gallery-thumb-height":230,"1536x1536":"https:\/\/carleton.ca\/jtheca\/wp-content\/uploads\/Almonte-river-with-falls-scaled-e1652577069802-1536x672.jpg","1536x1536-width":1536,"1536x1536-height":672,"2048x2048":"https:\/\/carleton.ca\/jtheca\/wp-content\/uploads\/Almonte-river-with-falls-2048x1536.jpg","2048x2048-width":2048,"2048x2048-height":1536,"banner":"https:\/\/carleton.ca\/jtheca\/wp-content\/uploads\/Almonte-river-with-falls-1600x700.jpg","banner-width":1600,"banner-height":700,"people":"https:\/\/carleton.ca\/jtheca\/wp-content\/uploads\/Almonte-river-with-falls-scaled-e1652577069802-200x200.jpg","people-width":200,"people-height":200,"post-thumb":"https:\/\/carleton.ca\/jtheca\/wp-content\/uploads\/Almonte-river-with-falls-scaled-e1652577069802-300x230.jpg","post-thumb-width":300,"post-thumb-height":230,"rotator-image":"https:\/\/carleton.ca\/jtheca\/wp-content\/uploads\/Almonte-river-with-falls-scaled-e1652577069802-800x600.jpg","rotator-image-width":800,"rotator-image-height":600,"video-thumb":"https:\/\/carleton.ca\/jtheca\/wp-content\/uploads\/Almonte-river-with-falls-scaled-e1652577069802-360x158.jpg","video-thumb-width":360,"video-thumb-height":158}},"banner_opacity":"default"},"_links":{"self":[{"href":"https:\/\/carleton.ca\/jtheca\/wp-json\/wp\/v2\/pages\/174"}],"collection":[{"href":"https:\/\/carleton.ca\/jtheca\/wp-json\/wp\/v2\/pages"}],"about":[{"href":"https:\/\/carleton.ca\/jtheca\/wp-json\/wp\/v2\/types\/page"}],"author":[{"embeddable":true,"href":"https:\/\/carleton.ca\/jtheca\/wp-json\/wp\/v2\/users\/7"}],"replies":[{"embeddable":true,"href":"https:\/\/carleton.ca\/jtheca\/wp-json\/wp\/v2\/comments?post=174"}],"version-history":[{"count":3,"href":"https:\/\/carleton.ca\/jtheca\/wp-json\/wp\/v2\/pages\/174\/revisions"}],"predecessor-version":[{"id":552,"href":"https:\/\/carleton.ca\/jtheca\/wp-json\/wp\/v2\/pages\/174\/revisions\/552"}],"wp:attachment":[{"href":"https:\/\/carleton.ca\/jtheca\/wp-json\/wp\/v2\/media?parent=174"}],"curies":[{"name":"wp","href":"https:\/\/api.w.org\/{rel}","templated":true}]}}