  {"id":344,"date":"2015-12-06T20:50:17","date_gmt":"2015-12-06T20:50:17","guid":{"rendered":"http:\/\/carleton.ca\/heritageengineering\/?page_id=344"},"modified":"2021-01-21T15:57:10","modified_gmt":"2021-01-21T20:57:10","slug":"masters","status":"publish","type":"page","link":"https:\/\/carleton.ca\/heritageengineering\/info-for-applicants\/masters\/","title":{"rendered":"Criteria for admission to Master&#8217;s program"},"content":{"rendered":"<p><strong>WE ARE CURRENTLY ACCEPTING MASTERS-LEVEL APPLICANTS FOR 2021-22.<\/strong><\/p>\n<p><strong>Applicants who meet the following criteria will be considered for admission:<\/strong><\/p>\n<p>Applicant has successfully completed an undergraduate-level degree in one of the relevant disciplines or a closely related discipline: (for example civil, environmental, mechanical or aerospace engineering; architecture; Indigenous &amp; Canadian studies, history or heritage conservation; or information technology).<\/p>\n<p>Applicant has an overall average of B+ or higher in that degree (GPA of 9.0 on a 12-point scale).<\/p>\n<p>Applicant has been accepted into one of the relevant Masters-level degree programs at 杏吧原创 University (civil engineering, environmental engineering, conservation\/built environment sustainability engineering, mechanical engineering, aerospace engineering, architecture, Indigenous &amp; Canadian Studies (Heritage Conservation) or information technology); Universit\u00e9 de Montr\u00e9al or Universit\u00e9 du Qu\u00e9bec \u00e0 Montr\u00e9al (architecture or heritage conservation).<\/p>\n<p>An NSERC CREATE research professor has agreed to act as the applicant\u2019s academic supervisor in one of the relevant programs.<\/p>\n<p>Applicant has a general idea of the subject area for her\/his research, and: (1) it fits with the supervisor and the Masters-level degree program; (2) it is within the three research tracks of NSERC CREATE Heritage Engineering; and (3) it addresses gaps and issues in heritage conservation\/built environment sustainability.<\/p>\n<p>Applicant has provided evidence of an awareness of and interest in heritage conservation\/built environment sustainability and the motivation to learn more about the practice.<\/p>\n<p>Applicant has provided evidence of a good work ethic and strong skills in: research, writing, leadership and presentation.<\/p>\n<p><strong>The required components of an application are listed <a href=\"http:\/\/carleton.ca\/heritageengineering\/info-for-applicants\/application\/\" target=\"_blank\" rel=\"noopener noreferrer\">here<\/a>.<\/strong><\/p>\n<p><strong>The online application form is <a href=\"https:\/\/carleton.ca\/heritageengineering\/application-for-masters-and-phd-programs\/\">here<\/a>.<\/strong><\/p>\n","protected":false},"excerpt":{"rendered":"<p>WE ARE CURRENTLY ACCEPTING MASTERS-LEVEL APPLICANTS FOR 2021-22. Applicants who meet the following criteria will be considered for admission: Applicant has successfully completed an undergraduate-level degree in one of the relevant disciplines or a closely related discipline: (for example civil, environmental, mechanical or aerospace engineering; architecture; Indigenous &amp; Canadian studies, history or heritage conservation; or [&hellip;]<\/p>\n","protected":false},"author":5,"featured_media":0,"parent":90,"menu_order":0,"comment_status":"closed","ping_status":"closed","template":"","meta":{"_relevanssi_hide_post":"","_relevanssi_hide_content":"","_relevanssi_pin_for_all":"","_relevanssi_pin_keywords":"","_relevanssi_unpin_keywords":"","_relevanssi_related_keywords":"","_relevanssi_related_include_ids":"","_relevanssi_related_exclude_ids":"","_relevanssi_related_no_append":"","_relevanssi_related_not_related":"","_relevanssi_related_posts":"","_relevanssi_noindex_reason":"","_mi_skip_tracking":false,"_exactmetrics_sitenote_active":false,"_exactmetrics_sitenote_note":"","_exactmetrics_sitenote_category":0,"footnotes":"","_links_to":"","_links_to_target":""},"yoast_head":"<!-- This site is optimized with the Yoast SEO plugin v21.2 - https:\/\/yoast.com\/wordpress\/plugins\/seo\/ -->\n<title>Criteria for admission to Master&#039;s program - NSERC CREATE Heritage Engineering<\/title>\n<meta name=\"description\" content=\"WE ARE CURRENTLY ACCEPTING MASTERS-LEVEL APPLICANTS FOR 2021-22. Applicants who meet the following criteria will be considered for admission: Applicant\" \/>\n<meta name=\"robots\" content=\"index, follow, max-snippet:-1, max-image-preview:large, max-video-preview:-1\" \/>\n<link rel=\"canonical\" href=\"https:\/\/carleton.ca\/heritageengineering\/info-for-applicants\/masters\/\" \/>\n<meta name=\"twitter:label1\" content=\"Est. reading time\" \/>\n\t<meta name=\"twitter:data1\" content=\"1 minute\" \/>\n<script type=\"application\/ld+json\" class=\"yoast-schema-graph\">{\"@context\":\"https:\/\/schema.org\",\"@graph\":[{\"@type\":\"WebPage\",\"@id\":\"https:\/\/carleton.ca\/heritageengineering\/info-for-applicants\/masters\/\",\"url\":\"https:\/\/carleton.ca\/heritageengineering\/info-for-applicants\/masters\/\",\"name\":\"Criteria for admission to Master's program - NSERC CREATE Heritage Engineering\",\"isPartOf\":{\"@id\":\"https:\/\/carleton.ca\/heritageengineering\/#website\"},\"datePublished\":\"2015-12-06T20:50:17+00:00\",\"dateModified\":\"2021-01-21T20:57:10+00:00\",\"description\":\"WE ARE CURRENTLY ACCEPTING MASTERS-LEVEL APPLICANTS FOR 2021-22. Applicants who meet the following criteria will be considered for admission: Applicant\",\"breadcrumb\":{\"@id\":\"https:\/\/carleton.ca\/heritageengineering\/info-for-applicants\/masters\/#breadcrumb\"},\"inLanguage\":\"en-US\",\"potentialAction\":[{\"@type\":\"ReadAction\",\"target\":[\"https:\/\/carleton.ca\/heritageengineering\/info-for-applicants\/masters\/\"]}]},{\"@type\":\"BreadcrumbList\",\"@id\":\"https:\/\/carleton.ca\/heritageengineering\/info-for-applicants\/masters\/#breadcrumb\",\"itemListElement\":[{\"@type\":\"ListItem\",\"position\":1,\"name\":\"Home\",\"item\":\"https:\/\/carleton.ca\/heritageengineering\/\"},{\"@type\":\"ListItem\",\"position\":2,\"name\":\"Info for Applicants &#8211; Master&#8217;s and Ph.D. Programs\",\"item\":\"https:\/\/carleton.ca\/heritageengineering\/info-for-applicants\/\"},{\"@type\":\"ListItem\",\"position\":3,\"name\":\"Criteria for admission to Master&#8217;s program\"}]},{\"@type\":\"WebSite\",\"@id\":\"https:\/\/carleton.ca\/heritageengineering\/#website\",\"url\":\"https:\/\/carleton.ca\/heritageengineering\/\",\"name\":\"NSERC CREATE Heritage Engineering\",\"description\":\"杏吧原创 University\",\"potentialAction\":[{\"@type\":\"SearchAction\",\"target\":{\"@type\":\"EntryPoint\",\"urlTemplate\":\"https:\/\/carleton.ca\/heritageengineering\/?s={search_term_string}\"},\"query-input\":\"required name=search_term_string\"}],\"inLanguage\":\"en-US\"}]}<\/script>\n<!-- \/ Yoast SEO plugin. -->","yoast_head_json":{"title":"Criteria for admission to Master's program - NSERC CREATE Heritage Engineering","description":"WE ARE CURRENTLY ACCEPTING MASTERS-LEVEL APPLICANTS FOR 2021-22. Applicants who meet the following criteria will be considered for admission: Applicant","robots":{"index":"index","follow":"follow","max-snippet":"max-snippet:-1","max-image-preview":"max-image-preview:large","max-video-preview":"max-video-preview:-1"},"canonical":"https:\/\/carleton.ca\/heritageengineering\/info-for-applicants\/masters\/","twitter_misc":{"Est. reading time":"1 minute"},"schema":{"@context":"https:\/\/schema.org","@graph":[{"@type":"WebPage","@id":"https:\/\/carleton.ca\/heritageengineering\/info-for-applicants\/masters\/","url":"https:\/\/carleton.ca\/heritageengineering\/info-for-applicants\/masters\/","name":"Criteria for admission to Master's program - NSERC CREATE Heritage Engineering","isPartOf":{"@id":"https:\/\/carleton.ca\/heritageengineering\/#website"},"datePublished":"2015-12-06T20:50:17+00:00","dateModified":"2021-01-21T20:57:10+00:00","description":"WE ARE CURRENTLY ACCEPTING MASTERS-LEVEL APPLICANTS FOR 2021-22. Applicants who meet the following criteria will be considered for admission: Applicant","breadcrumb":{"@id":"https:\/\/carleton.ca\/heritageengineering\/info-for-applicants\/masters\/#breadcrumb"},"inLanguage":"en-US","potentialAction":[{"@type":"ReadAction","target":["https:\/\/carleton.ca\/heritageengineering\/info-for-applicants\/masters\/"]}]},{"@type":"BreadcrumbList","@id":"https:\/\/carleton.ca\/heritageengineering\/info-for-applicants\/masters\/#breadcrumb","itemListElement":[{"@type":"ListItem","position":1,"name":"Home","item":"https:\/\/carleton.ca\/heritageengineering\/"},{"@type":"ListItem","position":2,"name":"Info for Applicants &#8211; Master&#8217;s and Ph.D. Programs","item":"https:\/\/carleton.ca\/heritageengineering\/info-for-applicants\/"},{"@type":"ListItem","position":3,"name":"Criteria for admission to Master&#8217;s program"}]},{"@type":"WebSite","@id":"https:\/\/carleton.ca\/heritageengineering\/#website","url":"https:\/\/carleton.ca\/heritageengineering\/","name":"NSERC CREATE Heritage Engineering","description":"杏吧原创 University","potentialAction":[{"@type":"SearchAction","target":{"@type":"EntryPoint","urlTemplate":"https:\/\/carleton.ca\/heritageengineering\/?s={search_term_string}"},"query-input":"required name=search_term_string"}],"inLanguage":"en-US"}]}},"acf":{"banner_image_type":"none","banner_button":"no"},"_links":{"self":[{"href":"https:\/\/carleton.ca\/heritageengineering\/wp-json\/wp\/v2\/pages\/344"}],"collection":[{"href":"https:\/\/carleton.ca\/heritageengineering\/wp-json\/wp\/v2\/pages"}],"about":[{"href":"https:\/\/carleton.ca\/heritageengineering\/wp-json\/wp\/v2\/types\/page"}],"author":[{"embeddable":true,"href":"https:\/\/carleton.ca\/heritageengineering\/wp-json\/wp\/v2\/users\/5"}],"replies":[{"embeddable":true,"href":"https:\/\/carleton.ca\/heritageengineering\/wp-json\/wp\/v2\/comments?post=344"}],"version-history":[{"count":4,"href":"https:\/\/carleton.ca\/heritageengineering\/wp-json\/wp\/v2\/pages\/344\/revisions"}],"predecessor-version":[{"id":1549,"href":"https:\/\/carleton.ca\/heritageengineering\/wp-json\/wp\/v2\/pages\/344\/revisions\/1549"}],"up":[{"embeddable":true,"href":"https:\/\/carleton.ca\/heritageengineering\/wp-json\/wp\/v2\/pages\/90"}],"wp:attachment":[{"href":"https:\/\/carleton.ca\/heritageengineering\/wp-json\/wp\/v2\/media?parent=344"}],"curies":[{"name":"wp","href":"https:\/\/api.w.org\/{rel}","templated":true}]}}