  {"id":14,"date":"2015-10-06T12:00:39","date_gmt":"2015-10-06T12:00:39","guid":{"rendered":"http:\/\/carleton.ca\/heritageengineering\/?page_id=14"},"modified":"2019-04-16T15:42:22","modified_gmt":"2019-04-16T19:42:22","slug":"building-sustainability-simulation","status":"publish","type":"page","link":"https:\/\/carleton.ca\/heritageengineering\/research-tracks\/building-sustainability-simulation\/","title":{"rendered":"Building Sustainability Simulation"},"content":{"rendered":"<p><img decoding=\"async\" loading=\"lazy\" class=\"alignnone wp-image-203 size-full\" src=\"https:\/\/carleton.ca\/heritageengineering\/wp-content\/uploads\/Liam-OBrien-杏吧原创-campus.jpg\" alt=\"Liam O'Brien - 杏吧原创 campus\" width=\"710\" height=\"395\" srcset=\"https:\/\/carleton.ca\/heritageengineering\/wp-content\/uploads\/Liam-OBrien-杏吧原创-campus.jpg 710w, https:\/\/carleton.ca\/heritageengineering\/wp-content\/uploads\/Liam-OBrien-杏吧原创-campus-160x89.jpg 160w, https:\/\/carleton.ca\/heritageengineering\/wp-content\/uploads\/Liam-OBrien-杏吧原创-campus-240x134.jpg 240w, https:\/\/carleton.ca\/heritageengineering\/wp-content\/uploads\/Liam-OBrien-杏吧原创-campus-400x223.jpg 400w, https:\/\/carleton.ca\/heritageengineering\/wp-content\/uploads\/Liam-OBrien-杏吧原创-campus-360x200.jpg 360w\" sizes=\"(max-width: 710px) 100vw, 710px\" \/>Researchers focus on computer-assisted building simulation to assess the impact of design, rehabilitation and retrofit options on heritage structures. Researchers assess the potential for cost-effective retrofits to achieve long-term sustainability.<\/p>\n<p>Students will investigate new materials, design retrofits and other interventions that consider energy efficiency, while respecting both environmental and heritage values. Research will focus on the use of appropriate interventions to prevent damage to \u00a0architectural elements of heritage buildings and prevent the accelerated decay of existing buildings.<\/p>\n<p>Proposed methodologies will assess operating energy use and embodied energy, and evaluate the potential impact of energy-efficiency-based interventions, adaptation of energy, and green-building rating systems, on heritage resources.<\/p>\n<p>Researchers in Building Sustainability Simulation include:<\/p>\n<p><a href=\"http:\/\/carleton.ca\/cee\/people\/liam-obrien\/\" target=\"_blank\" rel=\"noopener\">Liam O\u2019Brien<\/a>, Department of Civil &amp; Environmental Engineering, 杏吧原创 University<\/p>\n<p><a href=\"https:\/\/carleton.ca\/cee\/people\/erochko-jeffrey\/\" target=\"_blank\" rel=\"noopener\">Jeffrey Erochko<\/a>, Department of Civil &amp; Environmental Engineering, 杏吧原创 University<\/p>\n<p><a href=\"https:\/\/carleton.ca\/cee\/people\/bucking-scott\/\" target=\"_blank\" rel=\"noopener\">Scott Bucking<\/a>, Department of Civil &amp; Environmental Engineering, 杏吧原创 University<\/p>\n<p><a href=\"https:\/\/carleton.ca\/cee\/people\/santana-quintero-mario\/\" target=\"_blank\" rel=\"noopener\">Mario Santana<\/a>, Department of Civil &amp; Environmental Engineering, 杏吧原创 University<\/p>\n<p><a href=\"http:\/\/carleton.ca\/canadianstudies\/people\/susan-ross\/\" target=\"_blank\" rel=\"noopener\">Susan Ross<\/a>, School of Indigenous and Canadian Studies, 杏吧原创 University<\/p>\n<p><a href=\"https:\/\/carleton.ca\/architecture\/people-archives\/stephen-fai\/\" target=\"_blank\" rel=\"noopener\">Stephen Fai<\/a>, Director, 杏吧原创 Immersive Media Studio; Azrieli School of Architecture, cross-appointed to Department of Civil &amp; Environmental Engineering, 杏吧原创 University<\/p>\n<p><a href=\"https:\/\/professeurs.uqam.ca\/professeur\/bulle.cecile\/\" target=\"_blank\" rel=\"noopener\">C\u00e9cile Bulle<\/a>, D\u00e9partement de strat\u00e9gie, responsabilit\u00e9 sociale et environnementale,\u00a0Universit\u00e9 de Qu\u00e9bec \u00e0 Montr\u00e9al<\/p>\n","protected":false},"excerpt":{"rendered":"<p>Researchers focus on computer-assisted building simulation to assess the impact of design, rehabilitation and retrofit options on heritage structures. Researchers assess the potential for cost-effective retrofits to achieve long-term sustainability. Students will investigate new materials, design retrofits and other interventions that consider energy efficiency, while respecting both environmental and heritage values. Research will focus on [&hellip;]<\/p>\n","protected":false},"author":4,"featured_media":0,"parent":45,"menu_order":0,"comment_status":"closed","ping_status":"closed","template":"","meta":{"_relevanssi_hide_post":"","_relevanssi_hide_content":"","_relevanssi_pin_for_all":"","_relevanssi_pin_keywords":"","_relevanssi_unpin_keywords":"","_relevanssi_related_keywords":"","_relevanssi_related_include_ids":"","_relevanssi_related_exclude_ids":"","_relevanssi_related_no_append":"","_relevanssi_related_not_related":"","_relevanssi_related_posts":"","_relevanssi_noindex_reason":"","_mi_skip_tracking":false,"_exactmetrics_sitenote_active":false,"_exactmetrics_sitenote_note":"","_exactmetrics_sitenote_category":0,"footnotes":"","_links_to":"","_links_to_target":""},"yoast_head":"<!-- This site is optimized with the Yoast SEO plugin v21.2 - https:\/\/yoast.com\/wordpress\/plugins\/seo\/ -->\n<title>Building Sustainability Simulation - NSERC CREATE Heritage Engineering<\/title>\n<meta name=\"description\" content=\"Researchers focus on computer-assisted building simulation to assess the impact of design, rehabilitation and retrofit options on heritage structures.\" \/>\n<meta name=\"robots\" content=\"index, follow, max-snippet:-1, max-image-preview:large, max-video-preview:-1\" \/>\n<link rel=\"canonical\" href=\"https:\/\/carleton.ca\/heritageengineering\/research-tracks\/building-sustainability-simulation\/\" \/>\n<meta name=\"twitter:label1\" content=\"Est. reading time\" \/>\n\t<meta name=\"twitter:data1\" content=\"1 minute\" \/>\n<script type=\"application\/ld+json\" class=\"yoast-schema-graph\">{\"@context\":\"https:\/\/schema.org\",\"@graph\":[{\"@type\":\"WebPage\",\"@id\":\"https:\/\/carleton.ca\/heritageengineering\/research-tracks\/building-sustainability-simulation\/\",\"url\":\"https:\/\/carleton.ca\/heritageengineering\/research-tracks\/building-sustainability-simulation\/\",\"name\":\"Building Sustainability Simulation - NSERC CREATE Heritage Engineering\",\"isPartOf\":{\"@id\":\"https:\/\/carleton.ca\/heritageengineering\/#website\"},\"datePublished\":\"2015-10-06T12:00:39+00:00\",\"dateModified\":\"2019-04-16T19:42:22+00:00\",\"description\":\"Researchers focus on computer-assisted building simulation to assess the impact of design, rehabilitation and retrofit options on heritage structures.\",\"breadcrumb\":{\"@id\":\"https:\/\/carleton.ca\/heritageengineering\/research-tracks\/building-sustainability-simulation\/#breadcrumb\"},\"inLanguage\":\"en-US\",\"potentialAction\":[{\"@type\":\"ReadAction\",\"target\":[\"https:\/\/carleton.ca\/heritageengineering\/research-tracks\/building-sustainability-simulation\/\"]}]},{\"@type\":\"BreadcrumbList\",\"@id\":\"https:\/\/carleton.ca\/heritageengineering\/research-tracks\/building-sustainability-simulation\/#breadcrumb\",\"itemListElement\":[{\"@type\":\"ListItem\",\"position\":1,\"name\":\"Home\",\"item\":\"https:\/\/carleton.ca\/heritageengineering\/\"},{\"@type\":\"ListItem\",\"position\":2,\"name\":\"Research Tracks\",\"item\":\"https:\/\/carleton.ca\/heritageengineering\/research-tracks\/\"},{\"@type\":\"ListItem\",\"position\":3,\"name\":\"Building Sustainability Simulation\"}]},{\"@type\":\"WebSite\",\"@id\":\"https:\/\/carleton.ca\/heritageengineering\/#website\",\"url\":\"https:\/\/carleton.ca\/heritageengineering\/\",\"name\":\"NSERC CREATE Heritage Engineering\",\"description\":\"杏吧原创 University\",\"potentialAction\":[{\"@type\":\"SearchAction\",\"target\":{\"@type\":\"EntryPoint\",\"urlTemplate\":\"https:\/\/carleton.ca\/heritageengineering\/?s={search_term_string}\"},\"query-input\":\"required name=search_term_string\"}],\"inLanguage\":\"en-US\"}]}<\/script>\n<!-- \/ Yoast SEO plugin. -->","yoast_head_json":{"title":"Building Sustainability Simulation - NSERC CREATE Heritage Engineering","description":"Researchers focus on computer-assisted building simulation to assess the impact of design, rehabilitation and retrofit options on heritage structures.","robots":{"index":"index","follow":"follow","max-snippet":"max-snippet:-1","max-image-preview":"max-image-preview:large","max-video-preview":"max-video-preview:-1"},"canonical":"https:\/\/carleton.ca\/heritageengineering\/research-tracks\/building-sustainability-simulation\/","twitter_misc":{"Est. reading time":"1 minute"},"schema":{"@context":"https:\/\/schema.org","@graph":[{"@type":"WebPage","@id":"https:\/\/carleton.ca\/heritageengineering\/research-tracks\/building-sustainability-simulation\/","url":"https:\/\/carleton.ca\/heritageengineering\/research-tracks\/building-sustainability-simulation\/","name":"Building Sustainability Simulation - NSERC CREATE Heritage Engineering","isPartOf":{"@id":"https:\/\/carleton.ca\/heritageengineering\/#website"},"datePublished":"2015-10-06T12:00:39+00:00","dateModified":"2019-04-16T19:42:22+00:00","description":"Researchers focus on computer-assisted building simulation to assess the impact of design, rehabilitation and retrofit options on heritage structures.","breadcrumb":{"@id":"https:\/\/carleton.ca\/heritageengineering\/research-tracks\/building-sustainability-simulation\/#breadcrumb"},"inLanguage":"en-US","potentialAction":[{"@type":"ReadAction","target":["https:\/\/carleton.ca\/heritageengineering\/research-tracks\/building-sustainability-simulation\/"]}]},{"@type":"BreadcrumbList","@id":"https:\/\/carleton.ca\/heritageengineering\/research-tracks\/building-sustainability-simulation\/#breadcrumb","itemListElement":[{"@type":"ListItem","position":1,"name":"Home","item":"https:\/\/carleton.ca\/heritageengineering\/"},{"@type":"ListItem","position":2,"name":"Research Tracks","item":"https:\/\/carleton.ca\/heritageengineering\/research-tracks\/"},{"@type":"ListItem","position":3,"name":"Building Sustainability Simulation"}]},{"@type":"WebSite","@id":"https:\/\/carleton.ca\/heritageengineering\/#website","url":"https:\/\/carleton.ca\/heritageengineering\/","name":"NSERC CREATE Heritage Engineering","description":"杏吧原创 University","potentialAction":[{"@type":"SearchAction","target":{"@type":"EntryPoint","urlTemplate":"https:\/\/carleton.ca\/heritageengineering\/?s={search_term_string}"},"query-input":"required name=search_term_string"}],"inLanguage":"en-US"}]}},"acf":{"banner_image_type":"none","banner_button":"no"},"_links":{"self":[{"href":"https:\/\/carleton.ca\/heritageengineering\/wp-json\/wp\/v2\/pages\/14"}],"collection":[{"href":"https:\/\/carleton.ca\/heritageengineering\/wp-json\/wp\/v2\/pages"}],"about":[{"href":"https:\/\/carleton.ca\/heritageengineering\/wp-json\/wp\/v2\/types\/page"}],"author":[{"embeddable":true,"href":"https:\/\/carleton.ca\/heritageengineering\/wp-json\/wp\/v2\/users\/4"}],"replies":[{"embeddable":true,"href":"https:\/\/carleton.ca\/heritageengineering\/wp-json\/wp\/v2\/comments?post=14"}],"version-history":[{"count":4,"href":"https:\/\/carleton.ca\/heritageengineering\/wp-json\/wp\/v2\/pages\/14\/revisions"}],"predecessor-version":[{"id":1147,"href":"https:\/\/carleton.ca\/heritageengineering\/wp-json\/wp\/v2\/pages\/14\/revisions\/1147"}],"up":[{"embeddable":true,"href":"https:\/\/carleton.ca\/heritageengineering\/wp-json\/wp\/v2\/pages\/45"}],"wp:attachment":[{"href":"https:\/\/carleton.ca\/heritageengineering\/wp-json\/wp\/v2\/media?parent=14"}],"curies":[{"name":"wp","href":"https:\/\/api.w.org\/{rel}","templated":true}]}}