  {"id":952,"date":"2015-11-03T10:59:19","date_gmt":"2015-11-03T15:59:19","guid":{"rendered":"http:\/\/carleton.ca\/heritage-conservation-symposium\/?page_id=952"},"modified":"2017-04-06T13:31:12","modified_gmt":"2017-04-06T17:31:12","slug":"participant-information","status":"publish","type":"page","link":"https:\/\/carleton.ca\/heritage-conservation-symposium\/participant-information\/","title":{"rendered":"Speakers"},"content":{"rendered":"<h2 style=\"text-align: center;\">\u00a0<strong>We are pleased to present our Heritage Conservation Symposium 2017 Speakers<\/strong><\/h2>\n<p><\/p>\n<p><strong>Annette Arsenault-\u00a0<em>Heritage Conservation in Quidi Vidi Village, Newfoundland and Labrador<\/em><\/strong><\/p>\n<p><span style=\"font-weight: 400;\">Annette is a Masters student in 杏吧原创 University&#8217;s School of Indigenous and Canadian Studies. Born and raised in Labrador City, Newfoundland, Annette moved to Ottawa in the year 2000 and has worked as a federal public servant since that time. Annette holds a Bachelor of Arts honours degree in International Development Studies and Social Anthropology from Dalhousie University.<\/span><\/p>\n<p><\/p>\n<p><strong>Mathieu Dormaels-\u00a0<em>Cultural heritage landscapes in Quebec: challenges in local development<\/em><\/strong><\/p>\n<p><span style=\"font-weight: 400;\">Mathieu Dormaels is a professor in the urban and tourism studies department at the University of Quebec in Montreal. His teaching and research focus on urban heritage, heritagization processes and cultural landscapes, and especially UNESCO World Heritage. He is also member of ICOMOS Canada and of the Canadian commission for UNESCO. He wrote several articles on World Heritage, Heritage management and Tourism, and gave more than 30 conferences in Europe and the Americas.<\/span><\/p>\n<p><\/p>\n<p><strong> Lauren Archer-\u00a0<em>Climate Change and the Hockey Cultural Heritage Landscape<\/em><\/strong><\/p>\n<p><span style=\"font-weight: 400;\">Lauren Archer is a Cultural Heritage Specialist at ASI Heritage. \u00a0She is an experienced cultural heritage planning professional with eight years of experience working in the heritage planning and historic conservation field. She has a special interest in hockey cultural heritage landscapes, public consultation and the sub-cultures that define communities.<\/span><\/p>\n<p><\/p>\n<p><strong>Lindsay Reid- <em>Location, location, (re)location?<\/em> <i>Moving heritage resources in the age of Ecological Bias<\/i><\/strong><\/p>\n<p><span style=\"font-weight: 400;\">Lindsay Reid, OAA, CAHP, LEED AP is a licensed architect with extensive experience in the field of heritage conservation. An Associate at ERA, Lindsay has a special interest in the conservation of our cultural institutions as well as the protection and appreciation of modern era and vernacular rural<\/span><span style=\"font-weight: 400;\"> heritage.<\/span><\/p>\n<p><\/p>\n<p><strong>Zeynep Ekim-\u00a0<em>Ruin-Ophilia: Preserving the Narrative without Restoration<\/em><\/strong><\/p>\n<p><span style=\"font-weight: 400;\">Zeynep Ekim is a Master of Architecture student at 杏吧原创 University. She holds a bachelor degree in architectural studies with a major in conservation and sustainability \u00a0also from 杏吧原创 University. Currently in the concluding stages, her thesis research focuses on communal identity and its relationship to the left-over buildings of post-industrial landscapes. <\/span><\/p>\n<p><\/p>\n<p><strong>Rebecca Dolgoy,\u00a0Sarah Gelbard and\u00a0Amanda Montague-<em>\u00a0\u201cBut what about the\u2026library?\u201d: Place-Forward Place-making<\/em><\/strong><\/p>\n<p><span style=\"font-weight: 400;\">Rebecca is a SSHRC-funded postdoctoral research fellow based in Ottawa. Her work explores questions of cultural memory in museums, architecture, and urban space. She is the co-founder and co-orgnizaer of Ottawa&#8217;s Cultural Memory Workshops. <\/span><\/p>\n<p><span style=\"font-weight: 400;\">Sarah is a PhD student in urban planning at McGill and graduate of the Azrieli School of Architecture and Urbanism. She is interested in how we shape our cities, how our cities shape us, and transgressive urban spatial practices, traditions, and tactics of marginalized and alternative groups. Sarah is editor of Spacing Ottawa and hosts the Brutalism walking tour with Ottawa (de)tours.<\/span><\/p>\n<p><span style=\"font-weight: 400;\">Amanda is a PhD candidate in the Department of English at the University of Ottawa. Her research focuses on the impact of digital technologies on memory practices in urban space. She is a co-founder of Ottawa&#8217;s Cultural Memory Workshops.<\/span><\/p>\n<p><\/p>\n<p><strong>Heena Gajjar and Amita Sinah-\u00a0<em>Dwarka Lost and Reclaimed: Planning for a Resilient Landscape<\/em><\/strong><\/p>\n<p><span style=\"font-weight: 400;\">Heena Gajjar was a University Olmstead Scholar in 2015 and graduated with a Masters in\u00a0<\/span><span style=\"font-weight: 400;\">Landscape Architecture from University of Illinois at Urbana Champaign, USA. She is\u00a0<\/span><span style=\"font-weight: 400;\">currently working as a landscape designer with Sasaki Associates in Watertown, MA.<\/span><\/p>\n<p><span style=\"font-weight: 400;\">Amita Sinha is a Professor in the Department of Landscape Architecture at the University\u00a0<\/span><span style=\"font-weight: 400;\">of Illinois at Urbana Champaign, USA. She is the author of Landscapes In India: Forms\u00a0<\/span><span style=\"font-weight: 400;\">and Meanings (University Press of Colorado, 2006; reprinted by Asia Educational\u00a0<\/span><span style=\"font-weight: 400;\">Services, 2011) and editor of Landscape Perception (Academic Press, 1995) and Natural\u00a0<\/span><span style=\"font-weight: 400;\">Heritage of Delhi (USIEF and INTACH, 2009). Her co-edited volume Cultural\u00a0<\/span><span style=\"font-weight: 400;\">Landscapes and Heritage Conservation in South Asia was recently published by\u00a0<\/span><span style=\"font-weight: 400;\">Routledge.<\/span><\/p>\n<p><\/p>\n<p><strong>Angela Garvey and Hallie Church-<em>\u00a0It\u2019s not ours to name<\/em><\/strong><\/p>\n<p><span style=\"font-weight: 400;\">As an emerging heritage conservation professional in Toronto, Angela provides site\u00a0<\/span><span style=\"font-weight: 400;\">research and the coordination of various heritage assessment projects. Her specific\u00a0<\/span><span style=\"font-weight: 400;\">interest lies in how we incorporate community understanding into cultural heritage\u00a0<\/span><span style=\"font-weight: 400;\">evaluations and the interpretation of our environment.\u00a0<\/span><span style=\"font-weight: 400;\">Angela brings a cultural landscape approach to the heritage planning process, and\u00a0<\/span><span style=\"font-weight: 400;\">draws on holistic methods for understanding the interrelationship between the\u00a0<\/span><span style=\"font-weight: 400;\">natural landscape, built environment, and the intangible practices that support them.\u00a0<\/span><span style=\"font-weight: 400;\">As an active member of ICOMOS Canada, Angela contributes her time to facilitate\u00a0<\/span><span style=\"font-weight: 400;\">the ongoing \u201cNational Conversation on Cultural Landscape\u201d to connect practitioners\u00a0<\/span><span style=\"font-weight: 400;\">across Canada who are working within this topic of inquiry.<\/span><\/p>\n<p><\/p>\n<p><strong>Darlene Bearskin,\u00a0Dr. Sarah Pashagumskum and\u00a0Laura Phillips-\u00a0<em>Exhibitions, Landscape, Community Cultural Heritage and Healing: The development of a travelling exhibition- \u201cFootprints: A Walk Through Generations\u201d<\/em><\/strong><\/p>\n<p><span style=\"font-weight: 400;\">Laura took up the post of consulting Coordinator of Collections &amp; Exhibitions at\u00a0<\/span><span style=\"font-weight: 400;\">Aanischaaukamikw Cree Cultural Institute in September 2014. Prior to this, she was the Collections\u00a0<\/span><span style=\"font-weight: 400;\">Manager at The Wolfsonian-Florida International University in Miami Beach, Florida. Laura has worked\u00a0<\/span><span style=\"font-weight: 400;\">in museums and heritage organisations for over fifteen years: at the University of Oxford\u2019s Pitt Rivers\u00a0<\/span><span style=\"font-weight: 400;\">Museum of Anthropology and World Archaeology, English Heritage\u2019s National Monument Record Centre\u00a0<\/span><span style=\"font-weight: 400;\">in Swindon and Bristol City Museum and Art Gallery (UK).<\/span><\/p>\n<p>From 2010 to 2013, Laura was the Head of Museums Documentation for Qatar Museums and completed\u00a0<span style=\"font-weight: 400;\">the implementation of a national centralised collections management database for all of the public\u00a0<\/span><span style=\"font-weight: 400;\">collections. Laura achieved her Honours BA in Classical Studies at Western University (Canada). She\u00a0<\/span><span style=\"font-weight: 400;\">undertook a Post-Graduate Diploma in Professional Archaeology at the University of Oxford (UK), and a\u00a0<\/span><span style=\"font-weight: 400;\">research Masters (M.Phil) at the University of Bristol (UK). Laura specialises in collections information\u00a0<\/span><span style=\"font-weight: 400;\">management, museum documentation, and collections management. She is particularly interested in\u00a0<\/span><span style=\"font-weight: 400;\">adapting museum practice and training museum professionals to support emerging museums,\u00a0<\/span><span style=\"font-weight: 400;\">particularly indigenous institutions.<\/span><\/p>\n<p><span style=\"font-weight: 400;\">Dr. Sarah Pash is a member of the Cree Nation of Chisasibi in northern Quebec, and\u00a0<\/span><span style=\"font-weight: 400;\">has been the Executive Director of Aanischaaukamikw, the regional Cree Cultural\u00a0<\/span><span style=\"font-weight: 400;\">Institute for Eeyou Istchee, since 2015. She joined the Cree Cultural Institute when it\u00a0<\/span><span style=\"font-weight: 400;\">opened in 2011 as Director of Programs, assisting in the organizational\u00a0<\/span><span style=\"font-weight: 400;\">development of the Institute with her experience in program development and\u00a0<\/span><span style=\"font-weight: 400;\">implementation, indigenous research, and public sector planning and management.\u00a0<\/span><span style=\"font-weight: 400;\">In her capacity as Executive Director, Sarah leads a dynamic team supporting\u00a0<\/span><span style=\"font-weight: 400;\">culture and heritage programming for the 10 Cree communities in Northern Quebec.\u00a0<\/span><span style=\"font-weight: 400;\">Sarah has a background in First Nations education, culture and language\u00a0<\/span><span style=\"font-weight: 400;\">maintenance, as a teacher, university instructor, education consultant, research\u00a0<\/span><span style=\"font-weight: 400;\">coordinator, and author. Her community service includes terms as a band councilor\u00a0<\/span><span style=\"font-weight: 400;\">and board member on various First Nations community organizations. Sarah holds B.A.\u00a0<\/span><span style=\"font-weight: 400;\">(Hons.), a B.Ed. and M.Ed., a PhD. in education, and a Master\u2019s Certificate in\u00a0<\/span><span style=\"font-weight: 400;\">Public Organization Management.<\/span><\/p>\n<p><\/p>\n<p><strong>Ben Gallagher and Aubyn O\u2019Grady-\u00a0<em>Material Distance: Memories and the Poetics of Landscape<\/em><\/strong><\/p>\n<p><span style=\"font-weight: 400;\">Artist- researchers Aubyn O\u2019Grady and Ben Gallagher\u2019s collaborative work is anchored in social practices and the relational capacities of poetry. Their work responds to the ways in which the material and natural world is active and dynamic. Drawing on theories from Feminist New Materialism and post-human phenomenology, they contend that landscapes themselves are agential and propose artistic methodologies.<\/span><\/p>\n<p><\/p>\n<p><strong>Emma Bider-\u00a0<em>Sounding the World: Imagining ontologies as mobile through sound and song<\/em><\/strong><\/p>\n<p><span style=\"font-weight: 400;\">Emma Bider is a graduate student at 杏吧原创 University in Anthropology and African studies. Her work focuses on the intersection between music, ethnic identity and forced migration.<\/span><\/p>\n<p><\/p>\n<p><strong>Marie-Paule MacDonald-\u00a0<em>Trajectories and Territories: Hendrix Soundscapes<\/em><\/strong><\/p>\n<p>Marie-Paule Macdonald obtained a Bachelor of Architecture from Dalhousie University and a post-professional graduate degree from the\u00a0<i>Institut Fran\u00e7ais d\u2019Urbanisme, Universit\u00e9 de Paris VIII,\u00a0<\/i>studying with Fran\u00e7oise Choay. She is a registered architect, and member of the Order of Architects of Qu\u00e9bec. She is an associate professor at the School of Architecture, University of Waterloo and has coordinated graduate and undergraduate off-campus design studios in Montr\u00e9al. Macdonald recently published\u00a0<i>Jimi Hendrix: Soundscapes<\/i> (London: Reaktion Books, 2016), <span class=\"m_-4839323242684082959f\">reviewed by Brian Morton in the <i>Times Literary Supplement<\/i>, Aug 3, 2016<\/span>. Other publications include the architectural project and text entitled R<i>ockspaces <\/i>(Toronto: Art Metropole, 2000), and \u00a0the rock opera scenographic design project <i>Wild in the Streets: the Sixties<\/i>, in collaboration with Dan Graham (Ghent: Dirk Imschoot, 1993). Articles include \u2018Reach for the Pain\u2019 in the volume <i>When Pain Strikes<\/i>, (Minneapolis: University of Minnesota Press, 1999) and \u2018Glass Perception\u2019 in <i>Parkett<\/i> no. 68, 2003.<\/p>\n<p><\/p>\n<p><strong>Passerelles-\u00a0<em>Passerelles\/Vivre le patrimoine \u2013 Richelieu Park cognitive maps workshop\u00a0<\/em><\/strong><\/p>\n<p>Passerelles est une coop\u00e9rative de travail qui offre des services visant la mise en valeur du patrimoine culturel des collectivit\u00e9s. L&#8217;organisme valorise le patrimoine par la recherche, la sensibilisation et contribue \u00e0 sa diffusion, tout en d\u00e9veloppant des projets \u00e0 caract\u00e8re festif, cr\u00e9atif, novateurs et rassembleurs. Passerelles se positionne \u00e0 l\u2019avant-garde des pratiques de m\u00e9diation culturelle et inscrit ses actions au regard de l\u2019actualit\u00e9.<\/p>\n","protected":false},"excerpt":{"rendered":"<p>\u00a0We are pleased to present our Heritage Conservation Symposium 2017 Speakers Annette Arsenault-\u00a0Heritage Conservation in Quidi Vidi Village, Newfoundland and Labrador Annette is a Masters student in 杏吧原创 University&#8217;s School of Indigenous and Canadian Studies. Born and raised in Labrador City, Newfoundland, Annette moved to Ottawa in the year 2000 and has worked as a [&hellip;]<\/p>\n","protected":false},"author":16,"featured_media":0,"parent":0,"menu_order":4,"comment_status":"closed","ping_status":"closed","template":"","meta":{"_relevanssi_hide_post":"","_relevanssi_hide_content":"","_relevanssi_pin_for_all":"","_relevanssi_pin_keywords":"","_relevanssi_unpin_keywords":"","_relevanssi_related_keywords":"","_relevanssi_related_include_ids":"","_relevanssi_related_exclude_ids":"","_relevanssi_related_no_append":"","_relevanssi_related_not_related":"","_relevanssi_related_posts":"","_relevanssi_noindex_reason":"","_mi_skip_tracking":false,"_exactmetrics_sitenote_active":false,"_exactmetrics_sitenote_note":"","_exactmetrics_sitenote_category":0,"footnotes":"","_links_to":"","_links_to_target":""},"yoast_head":"<!-- This site is optimized with the Yoast SEO plugin v21.2 - https:\/\/yoast.com\/wordpress\/plugins\/seo\/ -->\n<title>Speakers - Heritage Conservation Symposium<\/title>\n<meta name=\"description\" content=\"\u00a0We are pleased to present our Heritage Conservation Symposium 2017 Speakers &nbsp; Annette Arsenault-\u00a0Heritage Conservation in Quidi Vidi Village,\" \/>\n<meta name=\"robots\" content=\"index, follow, max-snippet:-1, max-image-preview:large, max-video-preview:-1\" \/>\n<link rel=\"canonical\" href=\"https:\/\/carleton.ca\/heritage-conservation-symposium\/participant-information\/\" \/>\n<meta name=\"twitter:label1\" content=\"Est. reading time\" \/>\n\t<meta name=\"twitter:data1\" content=\"7 minutes\" \/>\n<script type=\"application\/ld+json\" class=\"yoast-schema-graph\">{\"@context\":\"https:\/\/schema.org\",\"@graph\":[{\"@type\":\"WebPage\",\"@id\":\"https:\/\/carleton.ca\/heritage-conservation-symposium\/participant-information\/\",\"url\":\"https:\/\/carleton.ca\/heritage-conservation-symposium\/participant-information\/\",\"name\":\"Speakers - Heritage Conservation Symposium\",\"isPartOf\":{\"@id\":\"https:\/\/carleton.ca\/heritage-conservation-symposium\/#website\"},\"datePublished\":\"2015-11-03T15:59:19+00:00\",\"dateModified\":\"2017-04-06T17:31:12+00:00\",\"description\":\"\u00a0We are pleased to present our Heritage Conservation Symposium 2017 Speakers &nbsp; Annette Arsenault-\u00a0Heritage Conservation in Quidi Vidi Village,\",\"breadcrumb\":{\"@id\":\"https:\/\/carleton.ca\/heritage-conservation-symposium\/participant-information\/#breadcrumb\"},\"inLanguage\":\"en-US\",\"potentialAction\":[{\"@type\":\"ReadAction\",\"target\":[\"https:\/\/carleton.ca\/heritage-conservation-symposium\/participant-information\/\"]}]},{\"@type\":\"BreadcrumbList\",\"@id\":\"https:\/\/carleton.ca\/heritage-conservation-symposium\/participant-information\/#breadcrumb\",\"itemListElement\":[{\"@type\":\"ListItem\",\"position\":1,\"name\":\"Home\",\"item\":\"https:\/\/carleton.ca\/heritage-conservation-symposium\/\"},{\"@type\":\"ListItem\",\"position\":2,\"name\":\"Speakers\"}]},{\"@type\":\"WebSite\",\"@id\":\"https:\/\/carleton.ca\/heritage-conservation-symposium\/#website\",\"url\":\"https:\/\/carleton.ca\/heritage-conservation-symposium\/\",\"name\":\"Heritage Conservation Symposium\",\"description\":\"杏吧原创 University\",\"potentialAction\":[{\"@type\":\"SearchAction\",\"target\":{\"@type\":\"EntryPoint\",\"urlTemplate\":\"https:\/\/carleton.ca\/heritage-conservation-symposium\/?s={search_term_string}\"},\"query-input\":\"required name=search_term_string\"}],\"inLanguage\":\"en-US\"}]}<\/script>\n<!-- \/ Yoast SEO plugin. -->","yoast_head_json":{"title":"Speakers - Heritage Conservation Symposium","description":"\u00a0We are pleased to present our Heritage Conservation Symposium 2017 Speakers &nbsp; Annette Arsenault-\u00a0Heritage Conservation in Quidi Vidi Village,","robots":{"index":"index","follow":"follow","max-snippet":"max-snippet:-1","max-image-preview":"max-image-preview:large","max-video-preview":"max-video-preview:-1"},"canonical":"https:\/\/carleton.ca\/heritage-conservation-symposium\/participant-information\/","twitter_misc":{"Est. reading time":"7 minutes"},"schema":{"@context":"https:\/\/schema.org","@graph":[{"@type":"WebPage","@id":"https:\/\/carleton.ca\/heritage-conservation-symposium\/participant-information\/","url":"https:\/\/carleton.ca\/heritage-conservation-symposium\/participant-information\/","name":"Speakers - Heritage Conservation Symposium","isPartOf":{"@id":"https:\/\/carleton.ca\/heritage-conservation-symposium\/#website"},"datePublished":"2015-11-03T15:59:19+00:00","dateModified":"2017-04-06T17:31:12+00:00","description":"\u00a0We are pleased to present our Heritage Conservation Symposium 2017 Speakers &nbsp; Annette Arsenault-\u00a0Heritage Conservation in Quidi Vidi Village,","breadcrumb":{"@id":"https:\/\/carleton.ca\/heritage-conservation-symposium\/participant-information\/#breadcrumb"},"inLanguage":"en-US","potentialAction":[{"@type":"ReadAction","target":["https:\/\/carleton.ca\/heritage-conservation-symposium\/participant-information\/"]}]},{"@type":"BreadcrumbList","@id":"https:\/\/carleton.ca\/heritage-conservation-symposium\/participant-information\/#breadcrumb","itemListElement":[{"@type":"ListItem","position":1,"name":"Home","item":"https:\/\/carleton.ca\/heritage-conservation-symposium\/"},{"@type":"ListItem","position":2,"name":"Speakers"}]},{"@type":"WebSite","@id":"https:\/\/carleton.ca\/heritage-conservation-symposium\/#website","url":"https:\/\/carleton.ca\/heritage-conservation-symposium\/","name":"Heritage Conservation Symposium","description":"杏吧原创 University","potentialAction":[{"@type":"SearchAction","target":{"@type":"EntryPoint","urlTemplate":"https:\/\/carleton.ca\/heritage-conservation-symposium\/?s={search_term_string}"},"query-input":"required name=search_term_string"}],"inLanguage":"en-US"}]}},"acf":{"banner_image_type":"none"},"_links":{"self":[{"href":"https:\/\/carleton.ca\/heritage-conservation-symposium\/wp-json\/wp\/v2\/pages\/952"}],"collection":[{"href":"https:\/\/carleton.ca\/heritage-conservation-symposium\/wp-json\/wp\/v2\/pages"}],"about":[{"href":"https:\/\/carleton.ca\/heritage-conservation-symposium\/wp-json\/wp\/v2\/types\/page"}],"author":[{"embeddable":true,"href":"https:\/\/carleton.ca\/heritage-conservation-symposium\/wp-json\/wp\/v2\/users\/16"}],"replies":[{"embeddable":true,"href":"https:\/\/carleton.ca\/heritage-conservation-symposium\/wp-json\/wp\/v2\/comments?post=952"}],"version-history":[{"count":5,"href":"https:\/\/carleton.ca\/heritage-conservation-symposium\/wp-json\/wp\/v2\/pages\/952\/revisions"}],"predecessor-version":[{"id":1101,"href":"https:\/\/carleton.ca\/heritage-conservation-symposium\/wp-json\/wp\/v2\/pages\/952\/revisions\/1101"}],"wp:attachment":[{"href":"https:\/\/carleton.ca\/heritage-conservation-symposium\/wp-json\/wp\/v2\/media?parent=952"}],"curies":[{"name":"wp","href":"https:\/\/api.w.org\/{rel}","templated":true}]}}