  {"id":795,"date":"2014-11-13T13:25:21","date_gmt":"2014-11-13T18:25:21","guid":{"rendered":"http:\/\/carleton.ca\/heritage-conservation-symposium\/?page_id=795"},"modified":"2014-11-13T13:50:33","modified_gmt":"2014-11-13T18:50:33","slug":"2014-participant-information","status":"publish","type":"page","link":"https:\/\/carleton.ca\/heritage-conservation-symposium\/previous-editions\/2014-2\/2014-participant-information\/","title":{"rendered":"2014 Participant Information"},"content":{"rendered":"<h2 style=\"text-align: center;\">Interested in learning more about our 2014 line-up of participants?<br \/>\nCheck out their bios below:<\/h2>\n<p><\/p>\n<p><strong>NANCY OAKLEY<\/strong>:\u00a0<em>Heritage in the Borderlands: The Yukon Experience<\/em><\/p>\n<p>Nancy Oakley is the Executive Director of the Yukon Historical &amp; Museums Association. A graduate of the heritage conservation program at 杏吧原创 University, Nancy has been involved in the heritage field in a variety of professional and volunteer capacities related to interpretation, public history, heritage planning and advocacy. Nancy is passionate about sharing the stories of conservation with others, and has published articles, guest lectured and organized conferences, workshops and other events on various of heritage topics. Nancy is active with a number of organizations including the Canadian Museums Association and the Heritage Canada Foundation, and is currently a Director of ICOMOS Canada. Nancy maintains a heritage blog at <a href=\"http:\/\/www.heritagetravels.wordpress.com.\">www.heritagetravels.wordpress.com.<\/a><\/p>\n<p style=\"text-align: center;\">&#8212;<\/p>\n<p><strong>JULIE HARRIS<\/strong>:\u00a0<em>What to do with what we know about conventional housing for Inuit<\/em><\/p>\n<p>Julie Harris, President, Contentworks Inc., is a heritage consultant based in Ottawa whose work has spanned Canada for almost 30 years. Over the past several years, she has worked on various historic, cultural and tourism projects for northern, Inuit and Nunavut organizations, including Parks Canada, Nunavut Tunngavik Inc., Nunavut\u2019s department of Culture, Language, Elders and Youth, the Inuit Heritage Trust and the Qikiqtani Inuit Association. She is a former member of the Ontario Conservation Review Board, has served as an expert witness for a hearing of the Ontario Municipal Board, and is currently Secretary of the Canadian Association of Heritage Professionals.<\/p>\n<p style=\"text-align: center;\">&#8212;<\/p>\n<p><strong>TIMOTHY DI LEO BROWNE<\/strong>:\u00a0<em>Debunking Nationalist Ideas of Architectural Style<\/em><\/p>\n<p>Timothy Di Leo Browne is a Ph.D. candidate and contract instructor at 杏吧原创 University&#8217;s School of Canadian Studies. He holds a master&#8217;s degree in linguistics, and his doctoral research focuses on contact between Indigenous and non-Indigenous languages in Canada. He also examines contact a variety of other contexts, for example between rural and urban peoples and between nations. He considers architecture to be a form of &#8220;language&#8221; that is subject to contact influences in a manner comparable to spoken language.<\/p>\n<p style=\"text-align: center;\">&#8212;<\/p>\n<p><strong>VICTORIA EDWARDS<\/strong>:\u00a0<em>Heritage and Conservation in the Royal 22e Regiment&#8217;s Centennial<\/em><\/p>\n<p>Victoria Edwards is a senior analyst with the Department of National Defence in Ottawa. She holds an undergraduate degree from the Royal Military College of Canada. She is a regular contributor to<a href=\"http:\/\/everitas.rmcclub.ca\/\"><em> e-Veritas<\/em><\/a> and <em>Veritas<\/em>, the alumni journals of the Canadian Military Colleges, for which she was awarded the RMC Club president&#8217;s award. She holds a graduate degree from Dalhousie University and a graduate certificate from George Washington University.<\/p>\n<p style=\"text-align: center;\">&#8212;<\/p>\n<p><a href=\"http:\/\/carleton.ca\/canadianstudies\/people\/trepanier-anne\/\"><strong>DR. ANNE TR\u00c9PANIER<\/strong><\/a>:\u00a0<em>A true trompe-l&#8217;oeil: la fresque des Quebecois in the context of Place Royale<\/em><\/p>\n<p>Anne Tr\u00e9panier is a tenured professor in the School of Canadian Studies at 杏吧原创 University (Ottawa, Canada). Her teaching and research interests comprise national representations and moments of re-foundation; redefinition of collective identity at various points in history as a result of the tensions between a group\u2019s political self-concept and historical reality.<\/p>\n<p style=\"text-align: center;\">&#8212;<\/p>\n<p><a href=\"http:\/\/carleton.ca\/arthistory\/people\/peter-coffman\/\"><strong>DR. PETER COFFMAN<\/strong><\/a>: <em>Subverting the Disciplinary Silos: The Role of Architectural History in Heritage Conservation Education<\/em><\/p>\n<p>Peter Coffman is an architectural historian specializing in Canadian and English architecture. He has degrees from the University of Toronto, Ryerson University, York University and Queen&#8217;s University, and taught at York, U of T, Dalhousie and and Queen&#8217;s before arriving at 杏吧原创 as Supervisor of the History and Theory of Architecture program in 2010. He is the author of the book Newfoundland Gothic as well as numerous articles on Canadian Gothic Revival and English Romanesque architecture. He is currently in his second (and final) term as president of the Society for the Study of Architecture in Canada.<\/p>\n<p style=\"text-align: center;\">&#8212;<\/p>\n<p><a href=\"http:\/\/www.geography.uottawa.ca\/prof\/benali.htm\"><strong>DR. KENZA BENALI<\/strong><\/a>:\u00a0<em>&#8220;L&#8217;\u00e9vocation du patrimoine dans la d\u00e9fense de 3 quartiers menac\u00e9s par la densification : Vanier, Basse-Ville, Les Plaines Lebreton\u201d<\/em><\/p>\n<p>Kenza Benali est professeure-adjointe au d\u00e9partement de g\u00e9ographie de l\u2019Universit\u00e9 d\u2019Ottawa. Jeune chercheure en g\u00e9ographie urbaine\/culturelle, elle s\u2019int\u00e9resse, de mani\u00e8re g\u00e9n\u00e9rale, aux repr\u00e9sentations socio-symboliques de la ville contemporaine et, en particulier, \u00e0 celles li\u00e9es \u00e0 l\u2019am\u00e9nagement urbain (R\u00e9ception sociale de l\u2019urbanisme : acceptabilit\u00e9, rejet, conflits, luttes citoyennes). La plupart de ses travaux s\u2019inscrivent dans l\u2019approche g\u00e9ographique qui aborde la ville comme champ de significations et fait appel \u00e0 l\u2019analyse de la presse \u00e9crite. Si les premi\u00e8res \u00e9tudes ont essentiellement port\u00e9 sur les repr\u00e9sentations\/conflits li\u00e9s aux villes moderne et postmoderne, les plus r\u00e9centes se sont, quant \u00e0 elles, consacr\u00e9es \u00e0 ceux de la ville durable. Elle participe en ce moment au projet collaboratif intitul\u00e9 \u00abOttawa, capitale de la vie fran\u00e7aise au Canada\u00bb, men\u00e9 sous l\u2019\u00e9gide du Centre de recherche en Civilisation Canadienne-fran\u00e7aise, et \u00e0 deux projets internationaux sur le d\u00e9veloppement urbain durable.<\/p>\n<p style=\"text-align: center;\">&#8212;<\/p>\n<p><strong>MIKE STEINHAUER<\/strong>:\u00a0<em>Saint-Charles Church, Ottawa: Site of History and Memory<\/em><\/p>\n<p>Mike Steinhauer is a photographer, conceptual artist, blogger and arts administrator. He is keenly interested in the urban environment\u2014in particular the relationship between past and present use of space, the correlation between cultural property and the environment in which it is placed, and the interaction between viewer and object.<br \/>\nSince moving to Ottawa in 2003, Mike has worked at the National Gallery of Canada, the House of Commons and the Library of Parliament. Mike is the past director of the Bytown Museum and is currently employed by the Department of Canadian Heritage.<br \/>\nHe has a Bachelor of Arts in History of Art and Visual Culture from the University of Alberta, Edmonton, Alberta, and a Diploma (Honours) in Applied Museum Studies from Algonquin College, Ottawa, Ontario. Mike commenced a Master\u2019s Program in Art History from the School for Studies in Art and Culture at 杏吧原创 University in September of 2013. Mike is the past President of the Council of Heritage Organizations in Ottawa and past Vice-Chair of the Ottawa Museum Network. He sits on the Board of Directors of SAW Gallery and is the Co-Founder of <a href=\"http:\/\/vaniernow.blogspot.ca\/\">VanierNow<\/a>.<\/p>\n<p>For more information on Mike Steinhauer&#8217;s research:<br \/>\n<a href=\"http:\/\/gradstudents.carleton.ca\/2014\/grad-student-sets-save-church\/\">http:\/\/gradstudents.carleton.ca\/2014\/grad-student-sets-save-church\/<\/a><\/p>\n<p style=\"text-align: center;\">&#8212;<\/p>\n<p><strong>JAMES MADDIGAN<\/strong>:\u00a0<em>When to Let Go<\/em><\/p>\n<p>Mr. Maddigan is a Building Conservation Specialist, who has worked on a diverse range of existing and new building projects, developing an expertise in building conservation with emphasis on metal, wood, windows and masonry. Mr. Maddigan\u2019s involvement with heritage started with his enrolment in the building conservation stream in the Architectural Technologist program at Algonquin College. After graduation in 1995, he worked with DMA architectes in Montre\u0301al, and during his time working with DMA completed a Masters in Conservation of the Built Environment (M.Sc.A. ame\u0301nagement, option Conservation de l\u2019environnement ba\u0302ti) at the Universite\u0301 de Montre\u0301al. He moved to Ottawa in 2002, and started working with Robertson Martin Architects, where he is presently a Senior Associate. He is a past board member and Secretary for the Canadian Association of Heritage Professionals.<\/p>\n<p style=\"text-align: center;\">&#8212;<\/p>\n<p><strong>ELENA LEWIS<\/strong>: <i>Defining Heritage: Conservation Planning in the Post-Industrial City<\/i><\/p>\n<p>Originally from Victoria, BC, Elena Lewis graduated from UBC with a BA in History in 2009. She spent the following two years in the Netherlands where she completed a master\u2019s degree in the history of Migration and Global Interdependence at Leiden University. Her final master\u2019s thesis was about the history of marketplace redevelopments in North American cities since the 1970s. After finishing her studies in the Netherlands, Ms. Lewis spent three months as a curatorial intern at the Canadian Museum of Immigration at Pier 21. She has since moved to Sault Ste. Marie, ON, where she currently works at the Art Gallery of Algoma as Visitor Services and Public Engagement Coordinator.<\/p>\n<p style=\"text-align: center;\">&#8212;<\/p>\n<p><strong>JESSLYN GRANDA AND CRYSTAL HANLEY<\/strong>:\u00a0<em>Church of Santiago de Ku\u00f1o Tambo<\/em><\/p>\n<p>Jesslyn Granda is currently completing her Bachelors of Architectural Studies with a major in Conservation and Sustainability at the Azrieli School of Architecture and Urbanism at 杏吧原创 University. In the summer of 2013, Jesslyn joined the 杏吧原创 Immersive Media Studio (CIMS) under the direction of The Getty Conservation Institute (GCI) in Ku\u00f1o Tambo, Peru to document the historic wall paintings of a seventeenth-century mud brick church. The study and condition assessment of these wall paintings is necessary prior to retrofitting work as part of the Seismic Retrofitting Project at the GCI.<\/p>\n<p>Crystal Hanley is a recent graduate of 杏吧原创 University\u2019s Azrieli School of Architecture and Urbanism program and currently holds a position as a research assistant for the 杏吧原创 Immersive Media Studio (CIMS). She has been practicing research and documentation methods of <a href=\"http:\/\/www.cims.carleton.ca\/projects\/view\/39\">Canadian heritage sites through the Cultural Diversity and Material Imagination in Canadian Architecture (CDMICA)<\/a> project and Building Information Modelling of the West Block rehabilitation project of Parliament Hill. She has also been a consultant in collaboration with the Getty Conservation Institute on a condition assessment of historic wall paintings of the earthen Ku\u00f1o Tambo church in Peru. Crystal\u2019s personal research interests include cultural identity and diversity of the built world, site sensitive design initiatives, and photography \u2013 all of which continue to inspire her personal interests in travel.<\/p>\n<p style=\"text-align: center;\">&#8212;<\/p>\n<p><strong>SHARI RUTHERFORD<\/strong>:\u00a0<em>Frozen Foods: Making the Leap from Harvest to Heritage<\/em><\/p>\n<p>After graduating from Dalhousie University with a B.A. History (First Class Honours) in 2010, I came to 杏吧原创 University to pursue an M.A. Canadian Studies (Heritage Conservation). I am presently completing my final project on the topic of culinary heritage, which uses a case study of Canada\u2019s iconic maple products to examine issues affecting a burgeoning field in heritage conservation. As one of last year\u2019s co-organizers of the 杏吧原创 University Heritage Symposium, I look forward to presenting some of my research in this arena and wish this year\u2019s organizers the best of luck and hearty congratulations for all their hard work!<\/p>\n<p style=\"text-align: center;\">&#8212;<\/p>\n<p><strong>CHRIS WIEBE<\/strong>:\u00a0<em>On Conservation\u2019s Edge: The Call for a Social Science of Destruction<\/em><\/p>\n<p>Chris joined Heritage Canada The National Trust in 2007 where one of his primary activities is organizing their annual conference. He holds an MA (Heritage Conservation) from 杏吧原创 University, an MA (English) from the University of Alberta, and undergraduate degrees in English, History, and Religious Studies from the University of Winnipeg and Canadian Mennonite University. He sits on the board of the Willowbank School of Restoration Arts and is a contract instructor with the CRM Program at the University of Victoria. He has presented on heritage conservation topics at such conferences as the 杏吧原创 Heritage Conservation Symposium, Architectural Conservancy of Ontario annual conference, and the Canada Research Chair on Built Heritage Montreal Roundtable. He has written widely on cultural issues for such magazines as Canadian Geographic, Literary Review of Canada, and AlbertaViews.<\/p>\n","protected":false},"excerpt":{"rendered":"<p>Interested in learning more about our 2014 line-up of participants? Check out their bios below: NANCY OAKLEY:\u00a0Heritage in the Borderlands: The Yukon Experience Nancy Oakley is the Executive Director of the Yukon Historical &amp; Museums Association. A graduate of the heritage conservation program at 杏吧原创 University, Nancy has been involved in the heritage field in [&hellip;]<\/p>\n","protected":false},"author":10,"featured_media":0,"parent":790,"menu_order":0,"comment_status":"open","ping_status":"closed","template":"pg-full.php","meta":{"_relevanssi_hide_post":"","_relevanssi_hide_content":"","_relevanssi_pin_for_all":"","_relevanssi_pin_keywords":"","_relevanssi_unpin_keywords":"","_relevanssi_related_keywords":"","_relevanssi_related_include_ids":"","_relevanssi_related_exclude_ids":"","_relevanssi_related_no_append":"","_relevanssi_related_not_related":"","_relevanssi_related_posts":"","_relevanssi_noindex_reason":"","_mi_skip_tracking":false,"_exactmetrics_sitenote_active":false,"_exactmetrics_sitenote_note":"","_exactmetrics_sitenote_category":0,"footnotes":"","_links_to":"","_links_to_target":""},"yoast_head":"<!-- This site is optimized with the Yoast SEO plugin v21.2 - https:\/\/yoast.com\/wordpress\/plugins\/seo\/ -->\n<title>2014 Participant Information - Heritage Conservation Symposium<\/title>\n<meta name=\"description\" content=\"Interested in learning more about our 2014 line-up of participants? Check out their bios below: &nbsp; NANCY OAKLEY:\u00a0Heritage in the Borderlands: The\" \/>\n<meta name=\"robots\" content=\"index, follow, max-snippet:-1, max-image-preview:large, max-video-preview:-1\" \/>\n<link rel=\"canonical\" href=\"https:\/\/carleton.ca\/heritage-conservation-symposium\/previous-editions\/2014-2\/2014-participant-information\/\" \/>\n<meta name=\"twitter:label1\" content=\"Est. reading time\" \/>\n\t<meta name=\"twitter:data1\" content=\"9 minutes\" \/>\n<script type=\"application\/ld+json\" class=\"yoast-schema-graph\">{\"@context\":\"https:\/\/schema.org\",\"@graph\":[{\"@type\":\"WebPage\",\"@id\":\"https:\/\/carleton.ca\/heritage-conservation-symposium\/previous-editions\/2014-2\/2014-participant-information\/\",\"url\":\"https:\/\/carleton.ca\/heritage-conservation-symposium\/previous-editions\/2014-2\/2014-participant-information\/\",\"name\":\"2014 Participant Information - Heritage Conservation Symposium\",\"isPartOf\":{\"@id\":\"https:\/\/carleton.ca\/heritage-conservation-symposium\/#website\"},\"datePublished\":\"2014-11-13T18:25:21+00:00\",\"dateModified\":\"2014-11-13T18:50:33+00:00\",\"description\":\"Interested in learning more about our 2014 line-up of participants? Check out their bios below: &nbsp; NANCY OAKLEY:\u00a0Heritage in the Borderlands: The\",\"breadcrumb\":{\"@id\":\"https:\/\/carleton.ca\/heritage-conservation-symposium\/previous-editions\/2014-2\/2014-participant-information\/#breadcrumb\"},\"inLanguage\":\"en-US\",\"potentialAction\":[{\"@type\":\"ReadAction\",\"target\":[\"https:\/\/carleton.ca\/heritage-conservation-symposium\/previous-editions\/2014-2\/2014-participant-information\/\"]}]},{\"@type\":\"BreadcrumbList\",\"@id\":\"https:\/\/carleton.ca\/heritage-conservation-symposium\/previous-editions\/2014-2\/2014-participant-information\/#breadcrumb\",\"itemListElement\":[{\"@type\":\"ListItem\",\"position\":1,\"name\":\"Home\",\"item\":\"https:\/\/carleton.ca\/heritage-conservation-symposium\/\"},{\"@type\":\"ListItem\",\"position\":2,\"name\":\"Previous Editions\",\"item\":\"https:\/\/carleton.ca\/heritage-conservation-symposium\/previous-editions\/\"},{\"@type\":\"ListItem\",\"position\":3,\"name\":\"2014\",\"item\":\"https:\/\/carleton.ca\/heritage-conservation-symposium\/previous-editions\/2014-2\/\"},{\"@type\":\"ListItem\",\"position\":4,\"name\":\"2014 Participant Information\"}]},{\"@type\":\"WebSite\",\"@id\":\"https:\/\/carleton.ca\/heritage-conservation-symposium\/#website\",\"url\":\"https:\/\/carleton.ca\/heritage-conservation-symposium\/\",\"name\":\"Heritage Conservation Symposium\",\"description\":\"杏吧原创 University\",\"potentialAction\":[{\"@type\":\"SearchAction\",\"target\":{\"@type\":\"EntryPoint\",\"urlTemplate\":\"https:\/\/carleton.ca\/heritage-conservation-symposium\/?s={search_term_string}\"},\"query-input\":\"required name=search_term_string\"}],\"inLanguage\":\"en-US\"}]}<\/script>\n<!-- \/ Yoast SEO plugin. -->","yoast_head_json":{"title":"2014 Participant Information - Heritage Conservation Symposium","description":"Interested in learning more about our 2014 line-up of participants? Check out their bios below: &nbsp; NANCY OAKLEY:\u00a0Heritage in the Borderlands: The","robots":{"index":"index","follow":"follow","max-snippet":"max-snippet:-1","max-image-preview":"max-image-preview:large","max-video-preview":"max-video-preview:-1"},"canonical":"https:\/\/carleton.ca\/heritage-conservation-symposium\/previous-editions\/2014-2\/2014-participant-information\/","twitter_misc":{"Est. reading time":"9 minutes"},"schema":{"@context":"https:\/\/schema.org","@graph":[{"@type":"WebPage","@id":"https:\/\/carleton.ca\/heritage-conservation-symposium\/previous-editions\/2014-2\/2014-participant-information\/","url":"https:\/\/carleton.ca\/heritage-conservation-symposium\/previous-editions\/2014-2\/2014-participant-information\/","name":"2014 Participant Information - Heritage Conservation Symposium","isPartOf":{"@id":"https:\/\/carleton.ca\/heritage-conservation-symposium\/#website"},"datePublished":"2014-11-13T18:25:21+00:00","dateModified":"2014-11-13T18:50:33+00:00","description":"Interested in learning more about our 2014 line-up of participants? Check out their bios below: &nbsp; NANCY OAKLEY:\u00a0Heritage in the Borderlands: The","breadcrumb":{"@id":"https:\/\/carleton.ca\/heritage-conservation-symposium\/previous-editions\/2014-2\/2014-participant-information\/#breadcrumb"},"inLanguage":"en-US","potentialAction":[{"@type":"ReadAction","target":["https:\/\/carleton.ca\/heritage-conservation-symposium\/previous-editions\/2014-2\/2014-participant-information\/"]}]},{"@type":"BreadcrumbList","@id":"https:\/\/carleton.ca\/heritage-conservation-symposium\/previous-editions\/2014-2\/2014-participant-information\/#breadcrumb","itemListElement":[{"@type":"ListItem","position":1,"name":"Home","item":"https:\/\/carleton.ca\/heritage-conservation-symposium\/"},{"@type":"ListItem","position":2,"name":"Previous Editions","item":"https:\/\/carleton.ca\/heritage-conservation-symposium\/previous-editions\/"},{"@type":"ListItem","position":3,"name":"2014","item":"https:\/\/carleton.ca\/heritage-conservation-symposium\/previous-editions\/2014-2\/"},{"@type":"ListItem","position":4,"name":"2014 Participant Information"}]},{"@type":"WebSite","@id":"https:\/\/carleton.ca\/heritage-conservation-symposium\/#website","url":"https:\/\/carleton.ca\/heritage-conservation-symposium\/","name":"Heritage Conservation Symposium","description":"杏吧原创 University","potentialAction":[{"@type":"SearchAction","target":{"@type":"EntryPoint","urlTemplate":"https:\/\/carleton.ca\/heritage-conservation-symposium\/?s={search_term_string}"},"query-input":"required name=search_term_string"}],"inLanguage":"en-US"}]}},"acf":{"banner_image_type":null,"banner_uploaded_image":null,"banner_hosted_image":null,"banner_opacity":null,"banner_button":null,"banner_buttons":null},"_links":{"self":[{"href":"https:\/\/carleton.ca\/heritage-conservation-symposium\/wp-json\/wp\/v2\/pages\/795"}],"collection":[{"href":"https:\/\/carleton.ca\/heritage-conservation-symposium\/wp-json\/wp\/v2\/pages"}],"about":[{"href":"https:\/\/carleton.ca\/heritage-conservation-symposium\/wp-json\/wp\/v2\/types\/page"}],"author":[{"embeddable":true,"href":"https:\/\/carleton.ca\/heritage-conservation-symposium\/wp-json\/wp\/v2\/users\/10"}],"replies":[{"embeddable":true,"href":"https:\/\/carleton.ca\/heritage-conservation-symposium\/wp-json\/wp\/v2\/comments?post=795"}],"version-history":[{"count":1,"href":"https:\/\/carleton.ca\/heritage-conservation-symposium\/wp-json\/wp\/v2\/pages\/795\/revisions"}],"predecessor-version":[{"id":796,"href":"https:\/\/carleton.ca\/heritage-conservation-symposium\/wp-json\/wp\/v2\/pages\/795\/revisions\/796"}],"up":[{"embeddable":true,"href":"https:\/\/carleton.ca\/heritage-conservation-symposium\/wp-json\/wp\/v2\/pages\/790"}],"wp:attachment":[{"href":"https:\/\/carleton.ca\/heritage-conservation-symposium\/wp-json\/wp\/v2\/media?parent=795"}],"curies":[{"name":"wp","href":"https:\/\/api.w.org\/{rel}","templated":true}]}}