  {"id":2609,"date":"2025-04-03T13:02:55","date_gmt":"2025-04-03T17:02:55","guid":{"rendered":"https:\/\/carleton.ca\/heritage-conservation-symposium\/?page_id=2609"},"modified":"2025-04-23T16:01:12","modified_gmt":"2025-04-23T20:01:12","slug":"programme-2","status":"publish","type":"page","link":"https:\/\/carleton.ca\/heritage-conservation-symposium\/2024-2\/programme-2\/","title":{"rendered":"Programme | 2025"},"content":{"rendered":"<h4 style=\"text-align: center;\"><strong>April 26, 2025: <\/strong><\/h4>\n<p style=\"text-align: center;\"><strong>17<\/strong><strong><sup>th\u00a0<\/sup><\/strong><strong>Annual Heritage Conservation Symposium &amp; Herb Stovel Memorial Lecture<br \/>\n<\/strong><\/p>\n<h2 style=\"text-align: center;\"><span data-contrast=\"none\">On The Edge of Collapse:<\/span><span data-ccp-props=\"{&quot;335551550&quot;:2,&quot;335551620&quot;:2}\">\u00a0<\/span><\/h2>\n<h2 style=\"text-align: center;\"><span data-contrast=\"none\">Changing Heritage for a Climate in Crisis<\/span><\/h2>\n<h4 style=\"text-align: center;\"><strong>Library and Archives Canada, Alfred Pellan Room, 395 Wellington Street, Ottawa<br \/>\n<\/strong><\/h4>\n<table style=\"border-collapse: collapse; width: 100%;\">\n<tbody>\n<tr>\n<td style=\"width: 7.00011%; text-align: right;\">8:30<\/td>\n<td style=\"width: 93%;\">Doors open\u00a0 for pre-registered participants.<\/td>\n<\/tr>\n<tr>\n<td style=\"width: 7.00011%; text-align: right;\">9:00<\/td>\n<td style=\"width: 93%;\">\n<h3>Welcome and Opening Remarks<\/h3>\n<ul>\n<li><em>remarks by Akbel Guzide and Susan Ross for the Symposium organizing committee<\/em><\/li>\n<\/ul>\n<\/td>\n<\/tr>\n<tr>\n<td style=\"width: 7.00011%; text-align: right;\">9:15<\/td>\n<td style=\"width: 93%;\">\n<h3>Session 1: Landscapes and Legacies &#8211; session chairs<\/h3>\n<ul>\n<li><em>chaired by Elizabeth Harding and Susan Ross<\/em><\/li>\n<\/ul>\n<p><strong><span class=\"TextRun SCXW144966298 BCX0\" lang=\"EN-CA\" xml:lang=\"EN-CA\" data-contrast=\"none\"><span class=\"NormalTextRun SCXW144966298 BCX0\">Adrian Hutchinson<\/span><\/span><\/strong>, M.Arch Graduate, University of Waterloo<\/p>\n<p><span class=\"TextRun SCXW267185450 BCX0\" lang=\"EN-CA\" xml:lang=\"EN-CA\" data-contrast=\"auto\"><span class=\"NormalTextRun SCXW267185450 BCX0\">Reading the Mutable Monument: (Industrial) Heritage as Index of (Ecological) Change<\/span><\/span><\/p>\n<p><strong><span class=\"TextRun SCXW85100235 BCX0\" lang=\"EN-CA\" xml:lang=\"EN-CA\" data-contrast=\"none\"><span class=\"NormalTextRun SCXW85100235 BCX0\">Eugene Henry<\/span><\/span><\/strong>, Ph.D. Student, 杏吧原创 University<\/p>\n<p><span class=\"TextRun SCXW19900311 BCX0\" lang=\"EN-CA\" xml:lang=\"EN-CA\" data-contrast=\"auto\"><span class=\"NormalTextRun SCXW19900311 BCX0\">Naked Truths in the Climat: (Re)constructions of Viticultural Heritage and Climatic Shifts in Burgundy<\/span><\/span><span class=\"EOP SCXW19900311 BCX0\" data-ccp-props=\"{&quot;201341983&quot;:0,&quot;335559740&quot;:276}\">\u00a0<\/span><\/p>\n<p><strong>Miquel Reina Ortiz<\/strong>, Assistant Professor, Universit\u00e9 de Montr\u00e9al, &amp; <strong>Giovanni (John) Diodati,<\/strong> Principal, Director, EVOQ, Montreal<\/p>\n<p>Recommissioning the Fort to Defend Montreal from Climate Change: New Narratives for Cultural Resilience in the \u00cele Sainte-H\u00e9l\u00e8ne<\/td>\n<\/tr>\n<tr>\n<td style=\"width: 7.00011%; text-align: right;\">10:15<\/td>\n<td style=\"width: 93%;\">Coffee Break<\/td>\n<\/tr>\n<tr>\n<td style=\"width: 7.00011%; text-align: right;\">10:30<\/td>\n<td style=\"width: 93%;\">\n<h3>Session 2: Indigenous and Local Relations<\/h3>\n<ul>\n<li><em>chaired by Dylan Jozkow and Orly Lael Netzer<\/em><\/li>\n<\/ul>\n<p><strong>Brenda Vellino<\/strong>, Professor (English), 杏吧原创 University<\/p>\n<p>Island Kinship Relations as Heritage in Kathy-Jetnil Kiji\u00f1er (Marshall Islands) &amp; Aka Nivi\u00e2na\u2019s (Inuit Greenlander) Video Poem, \u201cRise: From One Island to Another.\u201d\u201d<\/p>\n<p><strong>Akbel Guzide<\/strong>, M.A Canadian Studies, 杏吧原创 University<\/p>\n<p>Addressing Climate Change Through Inuit Artists\u2019 Knowledge &amp; Artworks in Nunavut<\/p>\n<p><strong>V\u00e9ronika Brandl Mouton<\/strong>, H\u00e9ritage Montr\u00e9al<\/p>\n<p>Priorit\u00e9 et patrimoine urbain : R\u00e9-\u00e9valuer l\u2019agenda de conservation montr\u00e9alais en temps de crises multiples<\/td>\n<\/tr>\n<tr>\n<td style=\"width: 7.00011%; text-align: right;\">11:45<\/td>\n<td style=\"width: 93%;\">Lunch<\/td>\n<\/tr>\n<tr>\n<td style=\"width: 7.00011%; text-align: right;\">12:45<\/td>\n<td style=\"width: 93%;\">\n<h3>Session 3: Policies and Case Studies<\/h3>\n<ul>\n<li><em>chaired by Jonathan Hinkins and Damiano Aiello<\/em><\/li>\n<\/ul>\n<p><strong>Ritika Khanna<\/strong>, Ph.D. Student, Universit\u00e9 de Laval, Heritage and Ethnology<\/p>\n<p>Examining the Integration of Climate Action in UNESCO\u2019s World Heritage and Intangible Cultural Heritage Conventions<\/p>\n<p><strong>Fergus Maclaren,<\/strong> ICOMOS International Cultural Tourism Committee<\/p>\n<p>The Loss and Damage Conundrum: The Challenge of Preserving African UNESCO World Heritage Sites as Destinations in the Face of Climate Change<\/td>\n<\/tr>\n<tr>\n<td style=\"width: 7.00011%; text-align: right;\">13:30<\/td>\n<td style=\"width: 93%;\">Coffee Break<\/td>\n<\/tr>\n<tr>\n<td style=\"width: 7.00011%; text-align: right;\">13:45<\/td>\n<td style=\"width: 93%;\">\n<h3>Session 4: Reuse and Resilience<\/h3>\n<ul>\n<li><em>chaired by Keisha Cuffie and Susan Ross<\/em><\/li>\n<\/ul>\n<p><b>Lea Di Giulio,<\/b> M.Arch Student, Azrieli School of Architecture and Urbanism, 杏吧原创 University<\/p>\n<p>Adaptive Reuse from Below<\/p>\n<p><strong>S\u00e9bastien Beauregard,<\/strong> Director, SURCY<\/p>\n<p>Social enterprise as a vector for reuse: the case study of Quebec<\/p>\n<p><strong>Carly Connor<\/strong>, P.Eng. CAHP, Green Salvaged Materials, Inc.<\/p>\n<p>Building Resilience: Bridging Heritage and Sustainability in Practice<\/td>\n<\/tr>\n<tr>\n<td style=\"width: 7.00011%; text-align: right;\">15:00<\/td>\n<td style=\"width: 93%;\">\n<h3>Reflective Discussion \/ Closing Remarks<\/h3>\n<p><strong>Stefan Simon,<\/strong> Director Rathgen-Forschungslabor, National Museums Berlin and Fulbright Distinguished Research Chair for the Arts and Social Sciences in North America 2024-25, 杏吧原创 University<\/td>\n<\/tr>\n<tr>\n<td style=\"width: 7.00011%; text-align: right;\">15:15<\/td>\n<td style=\"width: 93%;\">Intermission<\/td>\n<\/tr>\n<tr>\n<td style=\"width: 7.00011%; text-align: right;\">15:30<\/td>\n<td style=\"width: 93%;\">\n<h3><strong>HERB STOVEL MEMORIAL LECTURE<\/strong><\/h3>\n<ul>\n<li><em>introduction by Jerzy El\u017canowski<\/em><\/li>\n<\/ul>\n<h2><strong>LOST AND FOUND: THREE PALACES IN ONE IN BERLIN&#8217;S CITY CENTRE<\/strong><\/h2>\n<p><strong>Gabi Dolff-Bonek\u00e4mper<\/strong>, Technical University of Berlin<\/td>\n<\/tr>\n<tr>\n<td style=\"width: 7.00011%; text-align: right;\">16:45<\/td>\n<td style=\"width: 93%;\">Clean up &amp; departures<\/td>\n<\/tr>\n<\/tbody>\n<\/table>\n<p><\/p>\n","protected":false},"excerpt":{"rendered":"<p>April 26, 2025: 17th\u00a0Annual Heritage Conservation Symposium &amp; Herb Stovel Memorial Lecture On The Edge of Collapse:\u00a0 Changing Heritage for a Climate in Crisis Library and Archives Canada, Alfred Pellan Room, 395 Wellington Street, Ottawa 8:30 Doors open\u00a0 for pre-registered participants. 9:00 Welcome and Opening Remarks remarks by Akbel Guzide and Susan Ross for the [&hellip;]<\/p>\n","protected":false},"author":24,"featured_media":0,"parent":2350,"menu_order":3,"comment_status":"closed","ping_status":"closed","template":"","meta":{"_relevanssi_hide_post":"","_relevanssi_hide_content":"","_relevanssi_pin_for_all":"","_relevanssi_pin_keywords":"","_relevanssi_unpin_keywords":"","_relevanssi_related_keywords":"","_relevanssi_related_include_ids":"","_relevanssi_related_exclude_ids":"","_relevanssi_related_no_append":"","_relevanssi_related_not_related":"","_relevanssi_related_posts":"","_relevanssi_noindex_reason":"","_mi_skip_tracking":false,"_exactmetrics_sitenote_active":false,"_exactmetrics_sitenote_note":"","_exactmetrics_sitenote_category":0,"footnotes":"","_links_to":"","_links_to_target":""},"yoast_head":"<!-- This site is optimized with the Yoast SEO plugin v21.2 - https:\/\/yoast.com\/wordpress\/plugins\/seo\/ -->\n<title>Programme | 2025 - Heritage Conservation Symposium<\/title>\n<meta name=\"description\" content=\"April 26, 2025: 17th\u00a0Annual Heritage Conservation Symposium &amp; Herb Stovel Memorial Lecture On The Edge of Collapse:\u00a0 Changing Heritage for a Climate\" \/>\n<meta name=\"robots\" content=\"index, follow, max-snippet:-1, max-image-preview:large, max-video-preview:-1\" \/>\n<link rel=\"canonical\" href=\"https:\/\/carleton.ca\/heritage-conservation-symposium\/2024-2\/programme-2\/\" \/>\n<meta name=\"twitter:label1\" content=\"Est. reading time\" \/>\n\t<meta name=\"twitter:data1\" content=\"2 minutes\" \/>\n<script type=\"application\/ld+json\" class=\"yoast-schema-graph\">{\"@context\":\"https:\/\/schema.org\",\"@graph\":[{\"@type\":\"WebPage\",\"@id\":\"https:\/\/carleton.ca\/heritage-conservation-symposium\/2024-2\/programme-2\/\",\"url\":\"https:\/\/carleton.ca\/heritage-conservation-symposium\/2024-2\/programme-2\/\",\"name\":\"Programme | 2025 - Heritage Conservation Symposium\",\"isPartOf\":{\"@id\":\"https:\/\/carleton.ca\/heritage-conservation-symposium\/#website\"},\"datePublished\":\"2025-04-03T17:02:55+00:00\",\"dateModified\":\"2025-04-23T20:01:12+00:00\",\"description\":\"April 26, 2025: 17th\u00a0Annual Heritage Conservation Symposium &amp; Herb Stovel Memorial Lecture On The Edge of Collapse:\u00a0 Changing Heritage for a Climate\",\"breadcrumb\":{\"@id\":\"https:\/\/carleton.ca\/heritage-conservation-symposium\/2024-2\/programme-2\/#breadcrumb\"},\"inLanguage\":\"en-US\",\"potentialAction\":[{\"@type\":\"ReadAction\",\"target\":[\"https:\/\/carleton.ca\/heritage-conservation-symposium\/2024-2\/programme-2\/\"]}]},{\"@type\":\"BreadcrumbList\",\"@id\":\"https:\/\/carleton.ca\/heritage-conservation-symposium\/2024-2\/programme-2\/#breadcrumb\",\"itemListElement\":[{\"@type\":\"ListItem\",\"position\":1,\"name\":\"Home\",\"item\":\"https:\/\/carleton.ca\/heritage-conservation-symposium\/\"},{\"@type\":\"ListItem\",\"position\":2,\"name\":\"2024\",\"item\":\"https:\/\/carleton.ca\/heritage-conservation-symposium\/2024-2\/\"},{\"@type\":\"ListItem\",\"position\":3,\"name\":\"Programme | 2025\"}]},{\"@type\":\"WebSite\",\"@id\":\"https:\/\/carleton.ca\/heritage-conservation-symposium\/#website\",\"url\":\"https:\/\/carleton.ca\/heritage-conservation-symposium\/\",\"name\":\"Heritage Conservation Symposium\",\"description\":\"杏吧原创 University\",\"potentialAction\":[{\"@type\":\"SearchAction\",\"target\":{\"@type\":\"EntryPoint\",\"urlTemplate\":\"https:\/\/carleton.ca\/heritage-conservation-symposium\/?s={search_term_string}\"},\"query-input\":\"required name=search_term_string\"}],\"inLanguage\":\"en-US\"}]}<\/script>\n<!-- \/ Yoast SEO plugin. -->","yoast_head_json":{"title":"Programme | 2025 - Heritage Conservation Symposium","description":"April 26, 2025: 17th\u00a0Annual Heritage Conservation Symposium &amp; Herb Stovel Memorial Lecture On The Edge of Collapse:\u00a0 Changing Heritage for a Climate","robots":{"index":"index","follow":"follow","max-snippet":"max-snippet:-1","max-image-preview":"max-image-preview:large","max-video-preview":"max-video-preview:-1"},"canonical":"https:\/\/carleton.ca\/heritage-conservation-symposium\/2024-2\/programme-2\/","twitter_misc":{"Est. reading time":"2 minutes"},"schema":{"@context":"https:\/\/schema.org","@graph":[{"@type":"WebPage","@id":"https:\/\/carleton.ca\/heritage-conservation-symposium\/2024-2\/programme-2\/","url":"https:\/\/carleton.ca\/heritage-conservation-symposium\/2024-2\/programme-2\/","name":"Programme | 2025 - Heritage Conservation Symposium","isPartOf":{"@id":"https:\/\/carleton.ca\/heritage-conservation-symposium\/#website"},"datePublished":"2025-04-03T17:02:55+00:00","dateModified":"2025-04-23T20:01:12+00:00","description":"April 26, 2025: 17th\u00a0Annual Heritage Conservation Symposium &amp; Herb Stovel Memorial Lecture On The Edge of Collapse:\u00a0 Changing Heritage for a Climate","breadcrumb":{"@id":"https:\/\/carleton.ca\/heritage-conservation-symposium\/2024-2\/programme-2\/#breadcrumb"},"inLanguage":"en-US","potentialAction":[{"@type":"ReadAction","target":["https:\/\/carleton.ca\/heritage-conservation-symposium\/2024-2\/programme-2\/"]}]},{"@type":"BreadcrumbList","@id":"https:\/\/carleton.ca\/heritage-conservation-symposium\/2024-2\/programme-2\/#breadcrumb","itemListElement":[{"@type":"ListItem","position":1,"name":"Home","item":"https:\/\/carleton.ca\/heritage-conservation-symposium\/"},{"@type":"ListItem","position":2,"name":"2024","item":"https:\/\/carleton.ca\/heritage-conservation-symposium\/2024-2\/"},{"@type":"ListItem","position":3,"name":"Programme | 2025"}]},{"@type":"WebSite","@id":"https:\/\/carleton.ca\/heritage-conservation-symposium\/#website","url":"https:\/\/carleton.ca\/heritage-conservation-symposium\/","name":"Heritage Conservation Symposium","description":"杏吧原创 University","potentialAction":[{"@type":"SearchAction","target":{"@type":"EntryPoint","urlTemplate":"https:\/\/carleton.ca\/heritage-conservation-symposium\/?s={search_term_string}"},"query-input":"required name=search_term_string"}],"inLanguage":"en-US"}]}},"acf":{"banner_image_type":"hosted","banner_button":"no","banner_hosted_image":"campus-night","banner_opacity":"dark","banner_buttons":[{"button_text":"Register Here","button_link_type":"external","button_page_link":false,"button_post_link":false,"button_event_link":false,"button_video_link":false,"button_external_link":"https:\/\/events.carleton.ca\/2025-graduate-student-heritage-conservation-symposium-and-herb-stovel-memorial-lecture\/"}]},"_links":{"self":[{"href":"https:\/\/carleton.ca\/heritage-conservation-symposium\/wp-json\/wp\/v2\/pages\/2609"}],"collection":[{"href":"https:\/\/carleton.ca\/heritage-conservation-symposium\/wp-json\/wp\/v2\/pages"}],"about":[{"href":"https:\/\/carleton.ca\/heritage-conservation-symposium\/wp-json\/wp\/v2\/types\/page"}],"author":[{"embeddable":true,"href":"https:\/\/carleton.ca\/heritage-conservation-symposium\/wp-json\/wp\/v2\/users\/24"}],"replies":[{"embeddable":true,"href":"https:\/\/carleton.ca\/heritage-conservation-symposium\/wp-json\/wp\/v2\/comments?post=2609"}],"version-history":[{"count":4,"href":"https:\/\/carleton.ca\/heritage-conservation-symposium\/wp-json\/wp\/v2\/pages\/2609\/revisions"}],"predecessor-version":[{"id":2719,"href":"https:\/\/carleton.ca\/heritage-conservation-symposium\/wp-json\/wp\/v2\/pages\/2609\/revisions\/2719"}],"up":[{"embeddable":true,"href":"https:\/\/carleton.ca\/heritage-conservation-symposium\/wp-json\/wp\/v2\/pages\/2350"}],"wp:attachment":[{"href":"https:\/\/carleton.ca\/heritage-conservation-symposium\/wp-json\/wp\/v2\/media?parent=2609"}],"curies":[{"name":"wp","href":"https:\/\/api.w.org\/{rel}","templated":true}]}}