  {"id":1909,"date":"2019-03-21T16:38:23","date_gmt":"2019-03-21T20:38:23","guid":{"rendered":"https:\/\/carleton.ca\/heritage-conservation-symposium\/?page_id=1909"},"modified":"2021-05-06T23:49:12","modified_gmt":"2021-05-07T03:49:12","slug":"programme","status":"publish","type":"page","link":"https:\/\/carleton.ca\/heritage-conservation-symposium\/2019-2\/programme\/","title":{"rendered":"Programme | 2019"},"content":{"rendered":"<p>Our preliminary programme for the 2019 Heritage Conservation Symposium is ready! Check out the awesome list of speakers! Please note that the programme is subject to change by the symposium date.<\/p>\n<p>Refreshment breaks and lunch will be provided.<\/p>\n<h4 style=\"text-align: center;\"><strong>School of Indigenous and Canadian Studies, 杏吧原创 University<br \/>\n<\/strong><strong>14<\/strong><strong><sup>th\u00a0<\/sup><\/strong><strong>Annual Heritage Conservation Symposium<br \/>\n<\/strong><\/h4>\n<h2 style=\"text-align: center;\"><strong>Heritage Intersections: People and Placemaking<\/strong><\/h2>\n<h4 style=\"text-align: center;\"><strong>Global Centre for Pluralism, 330 Sussex Drive &#8211; April 27<sup>th<\/sup>, 2019<\/strong><\/h4>\n<p style=\"text-align: center;\">Doors Open at 8:30am.<\/p>\n<h4>Session 1 &#8211; Landscapes and Communities<\/h4>\n<p><strong>Marie-Christine Blais &amp; Cristina Ranalli <\/strong><em>杏吧原创 (Indigenous and Canadian Studies \/ Architecture &#8211; Graduates)<br \/>\n<\/em>Spirit of Place in Public Space: Exploring Digital Technologies in Documenting Bologna&#8217;s Cultural Heritage<\/p>\n<p><strong> Sampoorna Bhattacharya <\/strong><em>杏吧原创 (History and Theory of Architecture &#8211; Graduate)<\/em><em><br \/>\n<\/em>The Architecture of Ethnic Enclaves: Global Immigration and the Built Environment<\/p>\n<p><strong> Cristina\u00a0<\/strong><strong>Wood<\/strong> <em>杏吧原创 (Public History and Digital Humanities)<br \/>\n<\/em>Projection Mapping as &#8220;Guerilla&#8221; Intervention: Re-placing light, colour and play on Ottawa&#8217;s Lebreton Flats<\/p>\n<p><strong>Meighen Katz\u00a0<\/strong><em>杏吧原创 (Graduate Diploma in Architectural Conservation)<br \/>\n<\/em>The Enemy of My Enemy is My Friend? Space, interpretation and alliances in Prenzlauer Berg, Berlin<\/p>\n<h4>Session 2 &#8211; Art, Music, Language, Heritage<\/h4>\n<p><strong>Gemey Kelly <\/strong><em>杏吧原创 (Cultural Mediations)<br \/>\n<\/em>The Ties that Bind: The &#8216;Found Object&#8217; in Eric Walker\u2019s Trains<\/p>\n<p><strong> Heather Horak <\/strong><em>杏吧原创 (Music and Culture)<br \/>\n<\/em>Locating Musical Heritage: Animating community music heritage in the postcolonial village<\/p>\n<p><a href=\"https:\/\/carleton.ca\/heritage-conservation-symposium\/current-year-2019\/programme-2019\/michelle-thompson-presentation\/\"><strong> Michelle Thompson\u00a0<\/strong><\/a><em>杏吧原创 (Indigenous and Canadian Studies &#8211; PhD Candidate)<br \/>\n<\/em>Les lieux m\u00e9moriels en Acadie et en Louisiane : Comm\u00e9morer le Grand D\u00e9rangement en 2019<\/p>\n<h4>Session 3 &#8211; New Tools<\/h4>\n<p><strong> Amanda Parkinson <\/strong><em>Waterloo (Architecture)<br \/>\n<\/em>Layers of History: A Study on Conserving Old Buildings and Creating New Places<\/p>\n<p><strong> Brodie Hobson &amp; Daniel Lowcay\u00a0<\/strong><em>杏吧原创 (Civil and Environmental Engineering)<br \/>\n<\/em>Occupant Sensing: A tool for sustainable tourism management at historic sites<\/p>\n<p><strong> Desiree Geib <\/strong><em>Carbon Architects Incorporated<br \/>\n<\/em>Mapping the City: Narratives of Memory and Place<\/p>\n<h4>Session 4 &#8211; Adaptive Reuse<\/h4>\n<p><strong>Adrian Soble <\/strong><em>杏吧原创 (Civil and Environmental Engineering \/ NSERC CREATE)<br \/>\n<\/em>Holistic Performance Prediction of Heritage Building Retrofits<\/p>\n<p><strong> Heather Thomson &amp; Chris Hoyt <\/strong><em>National Capital Commission<br \/>\n<\/em>Old to New: Creating Successful Additions to Heritage Buildings in Canada\u2019s Capital<\/p>\n<p><strong> Courtney Vaughan <\/strong><em>杏吧原创 (Indigenous and Canadian Studies)<\/em><br \/>\nAltering the Altar: Exploring (Re)conciliation and Reclamation through M\u00e9tis Adaptive Reuse Strategies at St John Evangelist Anglican Church, Sault St Marie<\/p>\n","protected":false},"excerpt":{"rendered":"<p>Our preliminary programme for the 2019 Heritage Conservation Symposium is ready! Check out the awesome list of speakers! Please note that the programme is subject to change by the symposium date. Refreshment breaks and lunch will be provided. School of Indigenous and Canadian Studies, 杏吧原创 University 14th\u00a0Annual Heritage Conservation Symposium Heritage Intersections: People and Placemaking [&hellip;]<\/p>\n","protected":false},"author":27,"featured_media":0,"parent":1717,"menu_order":1,"comment_status":"closed","ping_status":"closed","template":"","meta":{"_relevanssi_hide_post":"","_relevanssi_hide_content":"","_relevanssi_pin_for_all":"","_relevanssi_pin_keywords":"","_relevanssi_unpin_keywords":"","_relevanssi_related_keywords":"","_relevanssi_related_include_ids":"","_relevanssi_related_exclude_ids":"","_relevanssi_related_no_append":"","_relevanssi_related_not_related":"","_relevanssi_related_posts":"","_relevanssi_noindex_reason":"","_mi_skip_tracking":false,"_exactmetrics_sitenote_active":false,"_exactmetrics_sitenote_note":"","_exactmetrics_sitenote_category":0,"footnotes":"","_links_to":"","_links_to_target":""},"yoast_head":"<!-- This site is optimized with the Yoast SEO plugin v21.2 - https:\/\/yoast.com\/wordpress\/plugins\/seo\/ -->\n<title>Programme | 2019 - Heritage Conservation Symposium<\/title>\n<meta name=\"description\" content=\"Our preliminary programme for the 2019 Heritage Conservation Symposium is ready! Check out the awesome list of speakers! Please note that the programme is\" \/>\n<meta name=\"robots\" content=\"index, follow, max-snippet:-1, max-image-preview:large, max-video-preview:-1\" \/>\n<link rel=\"canonical\" href=\"https:\/\/carleton.ca\/heritage-conservation-symposium\/2019-2\/programme\/\" \/>\n<meta name=\"twitter:label1\" content=\"Est. reading time\" \/>\n\t<meta name=\"twitter:data1\" content=\"2 minutes\" \/>\n<script type=\"application\/ld+json\" class=\"yoast-schema-graph\">{\"@context\":\"https:\/\/schema.org\",\"@graph\":[{\"@type\":\"WebPage\",\"@id\":\"https:\/\/carleton.ca\/heritage-conservation-symposium\/2019-2\/programme\/\",\"url\":\"https:\/\/carleton.ca\/heritage-conservation-symposium\/2019-2\/programme\/\",\"name\":\"Programme | 2019 - Heritage Conservation Symposium\",\"isPartOf\":{\"@id\":\"https:\/\/carleton.ca\/heritage-conservation-symposium\/#website\"},\"datePublished\":\"2019-03-21T20:38:23+00:00\",\"dateModified\":\"2021-05-07T03:49:12+00:00\",\"description\":\"Our preliminary programme for the 2019 Heritage Conservation Symposium is ready! Check out the awesome list of speakers! Please note that the programme is\",\"breadcrumb\":{\"@id\":\"https:\/\/carleton.ca\/heritage-conservation-symposium\/2019-2\/programme\/#breadcrumb\"},\"inLanguage\":\"en-US\",\"potentialAction\":[{\"@type\":\"ReadAction\",\"target\":[\"https:\/\/carleton.ca\/heritage-conservation-symposium\/2019-2\/programme\/\"]}]},{\"@type\":\"BreadcrumbList\",\"@id\":\"https:\/\/carleton.ca\/heritage-conservation-symposium\/2019-2\/programme\/#breadcrumb\",\"itemListElement\":[{\"@type\":\"ListItem\",\"position\":1,\"name\":\"Home\",\"item\":\"https:\/\/carleton.ca\/heritage-conservation-symposium\/\"},{\"@type\":\"ListItem\",\"position\":2,\"name\":\"2019\",\"item\":\"https:\/\/carleton.ca\/heritage-conservation-symposium\/2019-2\/\"},{\"@type\":\"ListItem\",\"position\":3,\"name\":\"Programme | 2019\"}]},{\"@type\":\"WebSite\",\"@id\":\"https:\/\/carleton.ca\/heritage-conservation-symposium\/#website\",\"url\":\"https:\/\/carleton.ca\/heritage-conservation-symposium\/\",\"name\":\"Heritage Conservation Symposium\",\"description\":\"杏吧原创 University\",\"potentialAction\":[{\"@type\":\"SearchAction\",\"target\":{\"@type\":\"EntryPoint\",\"urlTemplate\":\"https:\/\/carleton.ca\/heritage-conservation-symposium\/?s={search_term_string}\"},\"query-input\":\"required name=search_term_string\"}],\"inLanguage\":\"en-US\"}]}<\/script>\n<!-- \/ Yoast SEO plugin. -->","yoast_head_json":{"title":"Programme | 2019 - Heritage Conservation Symposium","description":"Our preliminary programme for the 2019 Heritage Conservation Symposium is ready! Check out the awesome list of speakers! Please note that the programme is","robots":{"index":"index","follow":"follow","max-snippet":"max-snippet:-1","max-image-preview":"max-image-preview:large","max-video-preview":"max-video-preview:-1"},"canonical":"https:\/\/carleton.ca\/heritage-conservation-symposium\/2019-2\/programme\/","twitter_misc":{"Est. reading time":"2 minutes"},"schema":{"@context":"https:\/\/schema.org","@graph":[{"@type":"WebPage","@id":"https:\/\/carleton.ca\/heritage-conservation-symposium\/2019-2\/programme\/","url":"https:\/\/carleton.ca\/heritage-conservation-symposium\/2019-2\/programme\/","name":"Programme | 2019 - Heritage Conservation Symposium","isPartOf":{"@id":"https:\/\/carleton.ca\/heritage-conservation-symposium\/#website"},"datePublished":"2019-03-21T20:38:23+00:00","dateModified":"2021-05-07T03:49:12+00:00","description":"Our preliminary programme for the 2019 Heritage Conservation Symposium is ready! Check out the awesome list of speakers! Please note that the programme is","breadcrumb":{"@id":"https:\/\/carleton.ca\/heritage-conservation-symposium\/2019-2\/programme\/#breadcrumb"},"inLanguage":"en-US","potentialAction":[{"@type":"ReadAction","target":["https:\/\/carleton.ca\/heritage-conservation-symposium\/2019-2\/programme\/"]}]},{"@type":"BreadcrumbList","@id":"https:\/\/carleton.ca\/heritage-conservation-symposium\/2019-2\/programme\/#breadcrumb","itemListElement":[{"@type":"ListItem","position":1,"name":"Home","item":"https:\/\/carleton.ca\/heritage-conservation-symposium\/"},{"@type":"ListItem","position":2,"name":"2019","item":"https:\/\/carleton.ca\/heritage-conservation-symposium\/2019-2\/"},{"@type":"ListItem","position":3,"name":"Programme | 2019"}]},{"@type":"WebSite","@id":"https:\/\/carleton.ca\/heritage-conservation-symposium\/#website","url":"https:\/\/carleton.ca\/heritage-conservation-symposium\/","name":"Heritage Conservation Symposium","description":"杏吧原创 University","potentialAction":[{"@type":"SearchAction","target":{"@type":"EntryPoint","urlTemplate":"https:\/\/carleton.ca\/heritage-conservation-symposium\/?s={search_term_string}"},"query-input":"required name=search_term_string"}],"inLanguage":"en-US"}]}},"acf":{"banner_image_type":"hosted","banner_button":"no","banner_hosted_image":"eng-sustainability","banner_opacity":"dark"},"_links":{"self":[{"href":"https:\/\/carleton.ca\/heritage-conservation-symposium\/wp-json\/wp\/v2\/pages\/1909"}],"collection":[{"href":"https:\/\/carleton.ca\/heritage-conservation-symposium\/wp-json\/wp\/v2\/pages"}],"about":[{"href":"https:\/\/carleton.ca\/heritage-conservation-symposium\/wp-json\/wp\/v2\/types\/page"}],"author":[{"embeddable":true,"href":"https:\/\/carleton.ca\/heritage-conservation-symposium\/wp-json\/wp\/v2\/users\/27"}],"replies":[{"embeddable":true,"href":"https:\/\/carleton.ca\/heritage-conservation-symposium\/wp-json\/wp\/v2\/comments?post=1909"}],"version-history":[{"count":5,"href":"https:\/\/carleton.ca\/heritage-conservation-symposium\/wp-json\/wp\/v2\/pages\/1909\/revisions"}],"predecessor-version":[{"id":2056,"href":"https:\/\/carleton.ca\/heritage-conservation-symposium\/wp-json\/wp\/v2\/pages\/1909\/revisions\/2056"}],"up":[{"embeddable":true,"href":"https:\/\/carleton.ca\/heritage-conservation-symposium\/wp-json\/wp\/v2\/pages\/1717"}],"wp:attachment":[{"href":"https:\/\/carleton.ca\/heritage-conservation-symposium\/wp-json\/wp\/v2\/media?parent=1909"}],"curies":[{"name":"wp","href":"https:\/\/api.w.org\/{rel}","templated":true}]}}