  {"id":1123,"date":"2016-05-19T10:57:35","date_gmt":"2016-05-19T14:57:35","guid":{"rendered":"https:\/\/carleton.ca\/heritage-conservation-symposium\/?page_id=1123"},"modified":"2017-04-20T19:39:50","modified_gmt":"2017-04-20T23:39:50","slug":"programme-2","status":"publish","type":"page","link":"https:\/\/carleton.ca\/heritage-conservation-symposium\/programme-2\/","title":{"rendered":"Programme"},"content":{"rendered":"<p>Our preliminary programme for the 2017 Heritage Conservation Symposium is ready! Check out the awesome list of speakers! Please note that the programme is subject to change by the symposium date.<\/p>\n<p style=\"text-align: center;\"><strong>School of Indigenous and Canadian Studies, 杏吧原创 University<\/strong><\/p>\n<p style=\"text-align: center;\"><strong>12th Annual Heritage Conservation Symposium<\/strong><\/p>\n<h2 style=\"text-align: center;\"><strong>Dynamic and Migrating Landscapes: Re-visioning Heritage Conservation<\/strong><\/h2>\n<p style=\"text-align: center;\"><strong>Richelieu Vanier Community Centre\u2028- April 22, 2017<\/strong><\/p>\n<p>*Doors open at 8:30am<\/p>\n<p>9:00-9:30-Opening Remarks<\/p>\n<p>9:30-10:30 <span style=\"text-decoration: underline;\">-Session 1: Changing Communities and Climates<\/span><br \/>\nChair: Marie- Christine Blais, School of Indigenous and Canadian Studies, 杏吧原创 University<\/p>\n<p style=\"padding-left: 30px;\"><strong>1. Annette Arsenault \u2013 Managing heritage values of Quidi Vidi an evolving cultural landscape<\/strong><\/p>\n<p style=\"padding-left: 30px;\"><strong>2. Mathiew Dormaels \u2013 Cultural heritage landscapes in Quebec: challenges in local development<\/strong><\/p>\n<p style=\"padding-left: 30px;\"><strong>3. Lauren Archer \u2013 Climate Change and the Hockey Cultural Heritage Landscape<\/strong><\/p>\n<p>10:30-11:00-Break<\/p>\n<p>11:00-12:00-<span style=\"text-decoration: underline;\">Session 2: (re)routing, (re)locating, and (re)constructing place<\/span><br \/>\nChair: Alison Creba, School of Indigenous and Canadian Studies, 杏吧原创 University<\/p>\n<p style=\"padding-left: 30px;\"><strong>1. Zeynep Ekim\u2013 Ruin-Ophilia: Preserving the Narrative without Restoration<\/strong><\/p>\n<p style=\"padding-left: 30px;\"><strong>2. Lindsay Reid\u2013 Location, location, (re)location? Moving heritage resources in the age of Ecological Bias<\/strong><\/p>\n<p style=\"padding-left: 30px;\"><strong>3. Rebecca Dolgoy, Sarah Gelbard, Amanda Montague \u2013 \u201cBut what about the\u2026library?\u201d: Place-Forward Place-making<\/strong><\/p>\n<p style=\"padding-left: 30px;\"><strong>4. H\u00e9l\u00e8ne Santoni, Odile Rompr\u00e9 Brodeur, Passerelles \u2013 workshop intro<\/strong><\/p>\n<p>12:00-1:30-Lunch<\/p>\n<p>12:30-1:15- <span style=\"text-decoration: underline;\">Workshop 1: The Cultural Memory Workshop-\u201cBut what about the library?\u201d<\/span><\/p>\n<p>12:30-1:15- <span style=\"text-decoration: underline;\">Workshop 2: Passerelles Workshop \u2013 Retracing the Mental Stories of a Cultural Landscape<\/span><\/p>\n<p>1:30-2:30-\u00a0<span style=\"text-decoration: underline;\">Session 3: Walking, making, healing<\/span><br \/>\nChair: Heather Burton, School of Indigenous and Canadian Studies, 杏吧原创 University<\/p>\n<p style=\"padding-left: 30px;\"><strong>1. Workshop summary<\/strong><\/p>\n<p style=\"padding-left: 30px;\"><strong>2. Amita Sinha \u2013 Dwarka Lost and Reclaimed: Planning for a Resilient Landscape<\/strong><\/p>\n<p style=\"padding-left: 30px;\"><strong>3. Dr. Sarah Pashagumskum, Darlene Bearskin, and Laura Phillips \u2013 Exhibitions, Landscape, Community Cultural Heritage and Healing: The development of a travelling exhibition- \u201cFootprints: A Walk Through Generations\u201d<\/strong><\/p>\n<p>2:30-3:00-Break<\/p>\n<p>3:00-4:00- <span style=\"text-decoration: underline;\">Session 4: Moving in sound and memory<\/span><br \/>\nChair: Casey Gray, School of Indigenous and Canadian Studies, 杏吧原创 University<\/p>\n<p style=\"padding-left: 30px;\"><strong>1. Emma Bider \u2013 Sounding the World: Imagining ontologies as mobile through sound and song<\/strong><\/p>\n<p style=\"padding-left: 30px;\"><strong>2. Marie-Paule Macdonald \u2013 Trajectories and Territories: Hendrix Soundscapes<\/strong><\/p>\n<p style=\"padding-left: 30px;\"><strong>3. Aubyn O\u2019Grady and Ben Gallagher \u2013 Material Distance: Memories and the Poetics of Landscape<\/strong><\/p>\n<p>4:00-4:30- Closing remarks<\/p>\n<ol>\n<li><strong>Rapporteur\u00a0&#8211; Hilary Grant, PhD Student, Cultural Mediations<\/strong><\/li>\n<\/ol>\n","protected":false},"excerpt":{"rendered":"<p>Our preliminary programme for the 2017 Heritage Conservation Symposium is ready! Check out the awesome list of speakers! Please note that the programme is subject to change by the symposium date. School of Indigenous and Canadian Studies, 杏吧原创 University 12th Annual Heritage Conservation Symposium Dynamic and Migrating Landscapes: Re-visioning Heritage Conservation Richelieu Vanier Community Centre\u2028- [&hellip;]<\/p>\n","protected":false},"author":16,"featured_media":0,"parent":0,"menu_order":0,"comment_status":"closed","ping_status":"closed","template":"","meta":{"_relevanssi_hide_post":"","_relevanssi_hide_content":"","_relevanssi_pin_for_all":"","_relevanssi_pin_keywords":"","_relevanssi_unpin_keywords":"","_relevanssi_related_keywords":"","_relevanssi_related_include_ids":"","_relevanssi_related_exclude_ids":"","_relevanssi_related_no_append":"","_relevanssi_related_not_related":"","_relevanssi_related_posts":"","_relevanssi_noindex_reason":"","_mi_skip_tracking":false,"_exactmetrics_sitenote_active":false,"_exactmetrics_sitenote_note":"","_exactmetrics_sitenote_category":0,"footnotes":"","_links_to":"","_links_to_target":""},"yoast_head":"<!-- This site is optimized with the Yoast SEO plugin v21.2 - https:\/\/yoast.com\/wordpress\/plugins\/seo\/ -->\n<title>Programme - Heritage Conservation Symposium<\/title>\n<meta name=\"description\" content=\"Our preliminary programme for the 2017 Heritage Conservation Symposium is ready! Check out the awesome list of speakers! Please note that the programme is\" \/>\n<meta name=\"robots\" content=\"index, follow, max-snippet:-1, max-image-preview:large, max-video-preview:-1\" \/>\n<link rel=\"canonical\" href=\"https:\/\/carleton.ca\/heritage-conservation-symposium\/programme-2\/\" \/>\n<meta name=\"twitter:label1\" content=\"Est. reading time\" \/>\n\t<meta name=\"twitter:data1\" content=\"2 minutes\" \/>\n<script type=\"application\/ld+json\" class=\"yoast-schema-graph\">{\"@context\":\"https:\/\/schema.org\",\"@graph\":[{\"@type\":\"WebPage\",\"@id\":\"https:\/\/carleton.ca\/heritage-conservation-symposium\/programme-2\/\",\"url\":\"https:\/\/carleton.ca\/heritage-conservation-symposium\/programme-2\/\",\"name\":\"Programme - Heritage Conservation Symposium\",\"isPartOf\":{\"@id\":\"https:\/\/carleton.ca\/heritage-conservation-symposium\/#website\"},\"datePublished\":\"2016-05-19T14:57:35+00:00\",\"dateModified\":\"2017-04-20T23:39:50+00:00\",\"description\":\"Our preliminary programme for the 2017 Heritage Conservation Symposium is ready! Check out the awesome list of speakers! Please note that the programme is\",\"breadcrumb\":{\"@id\":\"https:\/\/carleton.ca\/heritage-conservation-symposium\/programme-2\/#breadcrumb\"},\"inLanguage\":\"en-US\",\"potentialAction\":[{\"@type\":\"ReadAction\",\"target\":[\"https:\/\/carleton.ca\/heritage-conservation-symposium\/programme-2\/\"]}]},{\"@type\":\"BreadcrumbList\",\"@id\":\"https:\/\/carleton.ca\/heritage-conservation-symposium\/programme-2\/#breadcrumb\",\"itemListElement\":[{\"@type\":\"ListItem\",\"position\":1,\"name\":\"Home\",\"item\":\"https:\/\/carleton.ca\/heritage-conservation-symposium\/\"},{\"@type\":\"ListItem\",\"position\":2,\"name\":\"Programme\"}]},{\"@type\":\"WebSite\",\"@id\":\"https:\/\/carleton.ca\/heritage-conservation-symposium\/#website\",\"url\":\"https:\/\/carleton.ca\/heritage-conservation-symposium\/\",\"name\":\"Heritage Conservation Symposium\",\"description\":\"杏吧原创 University\",\"potentialAction\":[{\"@type\":\"SearchAction\",\"target\":{\"@type\":\"EntryPoint\",\"urlTemplate\":\"https:\/\/carleton.ca\/heritage-conservation-symposium\/?s={search_term_string}\"},\"query-input\":\"required name=search_term_string\"}],\"inLanguage\":\"en-US\"}]}<\/script>\n<!-- \/ Yoast SEO plugin. -->","yoast_head_json":{"title":"Programme - Heritage Conservation Symposium","description":"Our preliminary programme for the 2017 Heritage Conservation Symposium is ready! Check out the awesome list of speakers! Please note that the programme is","robots":{"index":"index","follow":"follow","max-snippet":"max-snippet:-1","max-image-preview":"max-image-preview:large","max-video-preview":"max-video-preview:-1"},"canonical":"https:\/\/carleton.ca\/heritage-conservation-symposium\/programme-2\/","twitter_misc":{"Est. reading time":"2 minutes"},"schema":{"@context":"https:\/\/schema.org","@graph":[{"@type":"WebPage","@id":"https:\/\/carleton.ca\/heritage-conservation-symposium\/programme-2\/","url":"https:\/\/carleton.ca\/heritage-conservation-symposium\/programme-2\/","name":"Programme - Heritage Conservation Symposium","isPartOf":{"@id":"https:\/\/carleton.ca\/heritage-conservation-symposium\/#website"},"datePublished":"2016-05-19T14:57:35+00:00","dateModified":"2017-04-20T23:39:50+00:00","description":"Our preliminary programme for the 2017 Heritage Conservation Symposium is ready! Check out the awesome list of speakers! Please note that the programme is","breadcrumb":{"@id":"https:\/\/carleton.ca\/heritage-conservation-symposium\/programme-2\/#breadcrumb"},"inLanguage":"en-US","potentialAction":[{"@type":"ReadAction","target":["https:\/\/carleton.ca\/heritage-conservation-symposium\/programme-2\/"]}]},{"@type":"BreadcrumbList","@id":"https:\/\/carleton.ca\/heritage-conservation-symposium\/programme-2\/#breadcrumb","itemListElement":[{"@type":"ListItem","position":1,"name":"Home","item":"https:\/\/carleton.ca\/heritage-conservation-symposium\/"},{"@type":"ListItem","position":2,"name":"Programme"}]},{"@type":"WebSite","@id":"https:\/\/carleton.ca\/heritage-conservation-symposium\/#website","url":"https:\/\/carleton.ca\/heritage-conservation-symposium\/","name":"Heritage Conservation Symposium","description":"杏吧原创 University","potentialAction":[{"@type":"SearchAction","target":{"@type":"EntryPoint","urlTemplate":"https:\/\/carleton.ca\/heritage-conservation-symposium\/?s={search_term_string}"},"query-input":"required name=search_term_string"}],"inLanguage":"en-US"}]}},"acf":{"banner_image_type":"none"},"_links":{"self":[{"href":"https:\/\/carleton.ca\/heritage-conservation-symposium\/wp-json\/wp\/v2\/pages\/1123"}],"collection":[{"href":"https:\/\/carleton.ca\/heritage-conservation-symposium\/wp-json\/wp\/v2\/pages"}],"about":[{"href":"https:\/\/carleton.ca\/heritage-conservation-symposium\/wp-json\/wp\/v2\/types\/page"}],"author":[{"embeddable":true,"href":"https:\/\/carleton.ca\/heritage-conservation-symposium\/wp-json\/wp\/v2\/users\/16"}],"replies":[{"embeddable":true,"href":"https:\/\/carleton.ca\/heritage-conservation-symposium\/wp-json\/wp\/v2\/comments?post=1123"}],"version-history":[{"count":5,"href":"https:\/\/carleton.ca\/heritage-conservation-symposium\/wp-json\/wp\/v2\/pages\/1123\/revisions"}],"predecessor-version":[{"id":1495,"href":"https:\/\/carleton.ca\/heritage-conservation-symposium\/wp-json\/wp\/v2\/pages\/1123\/revisions\/1495"}],"wp:attachment":[{"href":"https:\/\/carleton.ca\/heritage-conservation-symposium\/wp-json\/wp\/v2\/media?parent=1123"}],"curies":[{"name":"wp","href":"https:\/\/api.w.org\/{rel}","templated":true}]}}