  {"id":51344,"date":"2025-01-20T13:41:12","date_gmt":"2025-01-20T18:41:12","guid":{"rendered":"https:\/\/carleton.ca\/fass\/?page_id=51344"},"modified":"2025-01-22T14:27:27","modified_gmt":"2025-01-22T19:27:27","slug":"2022-curop-internships","status":"publish","type":"page","link":"https:\/\/carleton.ca\/fass\/carleton-university-research-opportunity-program-curop-call-for-applications\/2022-curop-internships\/","title":{"rendered":"2022 CUROP Internships"},"content":{"rendered":"\n<section class=\"w-screen px-6 cu-section cu-section--white ml-offset-center md:px-8 lg:px-14\">\n    <div class=\"space-y-6 cu-max-w-child-max  md:space-y-10 cu-prose-first-last\">\n\n        \n                    \n                    \n            \n    <div class=\"cu-wideimage relative flex items-center justify-center mx-auto px-8 overflow-hidden md:px-16 rounded-xl not-prose  my-6 md:my-12 first:mt-0 bg-opacity-50 bg-cover bg-cu-black-50 py-24 md:py-28 lg:py-36 xl:py-48\" style=\"background-image: url(https:\/\/carleton.ca\/fass\/wp-content\/uploads\/sites\/46\/2025\/01\/151-banner.jpg); background-position: 12% 45%;\">\n\n                    <div class=\"absolute top-0 w-full h-screen\" style=\"background-color:rgba(0,0,0,0.600);\"><\/div>\n        \n        <div class=\"relative z-[2] max-w-4xl w-full flex flex-col items-center gap-2 cu-wideimage-image cu-zero-first-last\">\n            <header class=\"mx-auto mb-6 text-center text-white cu-pageheader cu-component-updated cu-pageheader--center md:mb-12\">\n\n                                    <h1 class=\"cu-prose-first-last font-semibold mb-2 text-3xl md:text-4xl lg:text-5xl lg:leading-[3.5rem] cu-pageheader--center text-center mx-auto after:left-px\">\n                        2022 CUROP Internships\n                    <\/h1>\n                \n                            <\/header>\n        <\/div>\n\n            <\/div>\n\n    \n\n    <\/div>\n<\/section>\n\n\n\n<h2 id=\"about\" class=\"wp-block-heading\">杏吧原创<\/h2>\n\n\n\n<p>As part of the 杏吧原创 University Research Opportunity Program (CUROP), the Faculty of Arts and Social Sciences hosts summer undergraduate research internships.&nbsp; Under supervision of a faculty member, each student designed their own research project and completed it over the summer. <\/p>\n\n\n\n<p>Here are the 2022 winners:<\/p>\n\n\n\n<figure class=\"wp-block-table\"><table class=\"has-fixed-layout\"><thead><tr><th>Title<\/th><th>Name<\/th><th>Supervisor<\/th><th>Research Project<\/th><\/tr><\/thead><tbody><tr><td>The Cloak of Disability: How Disabled Persons are Made Invisible in Fantasy and Portals to Better Representation<\/td><td>Maya Chorney<\/td><td>Dr. Katharine Bausch<\/td><td><a href=\"https:\/\/carleton.ca\/fass\/wp-content\/uploads\/sites\/46\/2025\/01\/The-Cloak-of-Disability-\u2014-Abstract-1.pdf\" target=\"_blank\" rel=\"noreferrer noopener\">Abstract<\/a><br><a href=\"https:\/\/carleton.ca\/fass\/wp-content\/uploads\/sites\/46\/2025\/01\/Chorney-\u2014-The-Cloak-of-Disability-.pptx\" target=\"_blank\" rel=\"noreferrer noopener\">Powerpoint<\/a><\/td><\/tr><tr><td>(De)Colonizing Heritage &#8211; Colonial and Imperial Roots Shaping Cultural Heritage in Malta<\/td><td>Ni\u0121el Klemen\u010di\u010d-Puglisevich<\/td><td>Dr. Susan Whitney<\/td><td><a href=\"https:\/\/carleton.ca\/fass\/wp-content\/uploads\/sites\/46\/2025\/01\/nigel-kp-abstract.docx\" target=\"_blank\" rel=\"noreferrer noopener\">Abstract<\/a><br><a href=\"https:\/\/carleton.ca\/fass\/wp-content\/uploads\/sites\/46\/2025\/01\/nigel-kp-presentation.pptx\" target=\"_blank\" rel=\"noreferrer noopener\">Powerpoint<\/a><\/td><\/tr><tr><td>The Effect of Adult Mask-Wearing on Speech Production in Children<\/td><td>Chesha Marzenska<\/td><td>Dr. Tamara Sorenson Duncan<\/td><td><a href=\"https:\/\/carleton.ca\/fass\/wp-content\/uploads\/sites\/46\/2025\/01\/CUROP-Abstract-CheshaMarzenska.docx\" target=\"_blank\" rel=\"noreferrer noopener\">Abstract<\/a><br><a href=\"https:\/\/carleton.ca\/fass\/wp-content\/uploads\/sites\/46\/2025\/01\/CUROP-Poster-CheshMarzenska.pptx\" target=\"_blank\" rel=\"noreferrer noopener\">Powerpoint<\/a><\/td><\/tr><tr><td>A Systematic Literature Review of Non-Police Response Models to Those in Crisis<\/td><td>Meghan Mitchell<\/td><td>Dr. Craig Bennell<\/td><td><a href=\"https:\/\/carleton.ca\/fass\/wp-content\/uploads\/sites\/46\/2025\/01\/MMitch-Abstract-CUROP-2022.docx\" target=\"_blank\" rel=\"noreferrer noopener\">Abstract<\/a><br><a href=\"https:\/\/carleton.ca\/fass\/wp-content\/uploads\/sites\/46\/2025\/01\/MMitch-slide-CUROP-2022.pptx\" target=\"_blank\" rel=\"noreferrer noopener\">Powerpoint<\/a><\/td><\/tr><tr><td>Ominous Oddities: Why We Love Murder<\/td><td>\u00a0Nikki Mosca<\/td><td>Dr. Marc Furstenau<\/td><td><a href=\"https:\/\/carleton.ca\/fass\/wp-content\/uploads\/sites\/46\/2025\/01\/FINAL-Ominous-Oddities-Why-We-Love-Murder-Mosca.docx\" target=\"_blank\" rel=\"noreferrer noopener\">Abstract<\/a><br><a href=\"https:\/\/carleton.ca\/fass\/wp-content\/uploads\/sites\/46\/2025\/01\/Ominous-Oddities-Why-We-Love-Murder-FINAL-Nikki-Mosca.pptx\" target=\"_blank\" rel=\"noreferrer noopener\">Powerpoint<\/a><\/td><\/tr><tr><td>Unconscious Motivations Behind and Reactions to Artificial General Intelligence as Revealed by Religious Artwork and Eschatological Language<\/td><td>Marina Nekrasova<\/td><td>Dr. Andrew Brook<\/td><td><a href=\"https:\/\/carleton.ca\/fass\/wp-content\/uploads\/sites\/46\/2025\/01\/CUROP-Abstract_Marina-Nekrasova_2022.docx\" target=\"_blank\" rel=\"noreferrer noopener\">Abstract<\/a><br><a href=\"https:\/\/carleton.ca\/fass\/wp-content\/uploads\/sites\/46\/2025\/01\/CUROP_Power-Point_-Marina-Nekrasova-002-1.pptx\" target=\"_blank\" rel=\"noreferrer noopener\">Powerpoint<\/a><\/td><\/tr><tr><td>Mental Imagery as a Cognitive Predictor of Academic Anxiety<\/td><td>Rawan Othman<\/td><td>Dr. Nadiya Slobodenyuk<\/td><td><a href=\"https:\/\/carleton.ca\/fass\/wp-content\/uploads\/sites\/46\/2025\/01\/Research-Abstract_Final.pdf\" target=\"_blank\" rel=\"noreferrer noopener\">Abstract<\/a><br><a href=\"https:\/\/carleton.ca\/fass\/wp-content\/uploads\/sites\/46\/2025\/01\/Research-Project-Powerpoint.pptx\" target=\"_blank\" rel=\"noreferrer noopener\">Powerpoint<\/a><\/td><\/tr><tr><td>Shakespeare and Postcolonial Themes: How Contemporary Authors Utilize Shakespeare<\/td><td>Taylor Simard<\/td><td><strong>\u00a0<\/strong>Dr. Micheline White<\/td><td><a href=\"https:\/\/carleton.ca\/fass\/wp-content\/uploads\/sites\/46\/2025\/01\/Taylor-Simard-FASS-research-abstract.docx\" target=\"_blank\" rel=\"noreferrer noopener\">Abstract<\/a><br><a href=\"https:\/\/carleton.ca\/fass\/wp-content\/uploads\/sites\/46\/2025\/01\/Research-Project-Powerpoint.pptx\" target=\"_blank\" rel=\"noreferrer noopener\">Powerpoint<\/a><\/td><\/tr><tr><td>The Impact of Signing Bonuses on Entitlement in Young Adult Employees<\/td><td>Annie Steep<\/td><td>Dr. Janet Mantler<\/td><td><a href=\"https:\/\/carleton.ca\/fass\/wp-content\/uploads\/sites\/46\/2025\/01\/Taylor-Simard-FASS-research-abstract.docx\">Abstract<\/a><br><a href=\"https:\/\/carleton.ca\/fass\/wp-content\/uploads\/sites\/46\/2025\/01\/Slide-The-Impact-of-Signing-Bonuses-on-Young-Adult-Employees.pptx\">Powerpoint<\/a><\/td><\/tr><tr><td>Air Quality Impacts of Increasing Smouldering and Flaming Combustion in Canada&#8217;s Boreal Forest and Peatlands Using Available TROPOMI Earth Engine Data<\/td><td>Matthew Wierdsma<\/td><td>Dr. Koreen Millard<\/td><td><a href=\"https:\/\/carleton.ca\/fass\/wp-content\/uploads\/sites\/46\/2025\/01\/WierdsmaAbstract.pdf\">Abstract<\/a><br><a href=\"https:\/\/carleton.ca\/fass\/wp-content\/uploads\/sites\/46\/2025\/01\/WierdsmaSlide.pptx\">Powerpoint<\/a><\/td><\/tr><\/tbody><\/table><\/figure>\n\n\n\n<p><\/p>\n","protected":false},"excerpt":{"rendered":"<p>杏吧原创 As part of the 杏吧原创 University Research Opportunity Program (CUROP), the Faculty of Arts and Social Sciences hosts summer undergraduate research internships.&nbsp; Under supervision of a faculty member, each student designed their own research project and completed it over the summer. Here are the 2022 winners: Title Name Supervisor Research Project The Cloak of [&hellip;]<\/p>\n","protected":false},"author":120,"featured_media":0,"parent":51323,"menu_order":0,"comment_status":"closed","ping_status":"closed","template":"","meta":{"_acf_changed":false,"_cu_dining_location_slug":"","footnotes":"","_links_to":"","_links_to_target":""},"cu_page_type":[838],"class_list":["post-51344","page","type-page","status-publish","hentry","cu_page_type-curop"],"acf":{"cu_post_thumbnail":false},"_links":{"self":[{"href":"https:\/\/carleton.ca\/fass\/wp-json\/wp\/v2\/pages\/51344","targetHints":{"allow":["GET"]}}],"collection":[{"href":"https:\/\/carleton.ca\/fass\/wp-json\/wp\/v2\/pages"}],"about":[{"href":"https:\/\/carleton.ca\/fass\/wp-json\/wp\/v2\/types\/page"}],"author":[{"embeddable":true,"href":"https:\/\/carleton.ca\/fass\/wp-json\/wp\/v2\/users\/120"}],"replies":[{"embeddable":true,"href":"https:\/\/carleton.ca\/fass\/wp-json\/wp\/v2\/comments?post=51344"}],"version-history":[{"count":4,"href":"https:\/\/carleton.ca\/fass\/wp-json\/wp\/v2\/pages\/51344\/revisions"}],"predecessor-version":[{"id":51457,"href":"https:\/\/carleton.ca\/fass\/wp-json\/wp\/v2\/pages\/51344\/revisions\/51457"}],"up":[{"embeddable":true,"href":"https:\/\/carleton.ca\/fass\/wp-json\/wp\/v2\/pages\/51323"}],"wp:attachment":[{"href":"https:\/\/carleton.ca\/fass\/wp-json\/wp\/v2\/media?parent=51344"}],"wp:term":[{"taxonomy":"cu_page_type","embeddable":true,"href":"https:\/\/carleton.ca\/fass\/wp-json\/wp\/v2\/cu_page_type?post=51344"}],"curies":[{"name":"wp","href":"https:\/\/api.w.org\/{rel}","templated":true}]}}