  {"id":227,"date":"2018-08-21T10:57:24","date_gmt":"2018-08-21T14:57:24","guid":{"rendered":"https:\/\/carleton.ca\/employers\/?page_id=227"},"modified":"2026-04-07T09:57:35","modified_gmt":"2026-04-07T13:57:35","slug":"student-work-placement-program","status":"publish","type":"page","link":"https:\/\/carleton.ca\/employers\/funding-resources\/student-work-placement-program\/","title":{"rendered":"Student Work Placement Program"},"content":{"rendered":"\n<section class=\"w-screen px-6 cu-section cu-section--white ml-offset-center md:px-8 lg:px-14\">\n    <div class=\"space-y-6 cu-max-w-child-5xl  md:space-y-10 cu-prose-first-last\">\n\n            <div class=\"cu-textmedia flex flex-col lg:flex-row mx-auto gap-6 md:gap-10 my-6 md:my-12 first:mt-0 max-w-5xl\">\n        <div class=\"justify-start cu-textmedia-content cu-prose-first-last\" style=\"flex: 0 0 100%;\">\n            <header class=\"font-light prose-xl cu-pageheader md:prose-2xl cu-component-updated cu-prose-first-last\">\n                                    <h1 class=\"cu-prose-first-last font-semibold !mt-2 mb-4 md:mb-6 relative after:absolute after:h-px after:bottom-0 after:bg-cu-red after:left-px text-3xl md:text-4xl lg:text-5xl lg:leading-[3.5rem] pb-5 after:w-10 text-cu-black-700 not-prose\">\n                        Student Work Placement Program\n                    <\/h1>\n                \n                                \n                            <\/header>\n\n                    <\/div>\n\n            <\/div>\n\n    <\/div>\n<\/section>\n\n\n\n<p>Hire a 杏吧原创 co-op student and you may be eligible to receive up to $5000 in wage subsidies. The <a href=\"https:\/\/www.canada.ca\/en\/employment-social-development\/services\/student-work-placements-wage-subsidies.html\" target=\"_blank\" rel=\"noopener\">Student Work Placement Program<\/a><strong>\u00a0(SWPP)<\/strong> provides to eligible private sector and not-for-profit employers to assist them with the cost of hiring students.<\/p>\n\n\n\n<h3 id=\"overview\" class=\"wp-block-heading\">Overview<\/h3>\n\n\n\n<ul class=\"wp-block-list\">\n<li>The program provides 50% (to a maximum of $5000.00) of a student\u2019s pay in wage subsidies to employers.<\/li>\n\n\n\n<li>Employers can hire students in any program<\/li>\n\n\n\n<li>Students must be Canadian citizens, permanent residents or a person to whom refugee protection has been conferred under the Immigration and Refugee Protection Act for the duration of employment to qualify for funding from SWPP<\/li>\n\n\n\n<li>Federal, Provincial, Territorial and Municipal governments are NOT eligible for SWPP funding<\/li>\n\n\n\n<li>Private sector employers based in <a href=\"https:\/\/www.fin.gov.on.ca\/en\/credit\/cetc\/\" target=\"_blank\" rel=\"noopener\">Ontario<\/a>, <a href=\"http:\/\/creditimpot.inforoutefpt.org\/en\/\" target=\"_blank\" rel=\"noopener\">Quebec<\/a> and Manitoba who hire a co-op student for a full-time work term can qualify for a tax credit of up to <strong>$3,000&nbsp;<\/strong>as part of the&nbsp;Co-operative Education Tax Credit.<\/li>\n<\/ul>\n\n\n\n<h3 id=\"how-to-apply\" class=\"wp-block-heading\">How to Apply<\/h3>\n\n\n\n<p>This funding is being administered by Employment and Social Development Canada (ESDC) through delivery partners representing target industry sectors. The delivery partners are responsible for managing the approval and distribution of the wage subsidies.<\/p>\n\n\n\n<p>杏吧原创\u2019s Co-operative Education office at 杏吧原创 University is working with delivery partners and employers to facilitate student recruitment.<\/p>\n\n\n\n<p>Learn more about each delivery partner\u2019s programs, eligibility requirements and application process.<\/p>\n\n\n\n<figure class=\"wp-block-table\"><table><thead><tr><th>Companies<\/th><th>Details<\/th><\/tr><\/thead><tbody><tr><td><img decoding=\"async\" src=\"https:\/\/carleton.ca\/employers\/wp-content\/uploads\/sites\/113\/biotalent_logo.png\" alt=\"BioTalent Canada logo\"><\/td><td><a href=\"https:\/\/www.biotalent.ca\/programs\/student-work-placement-program\/\" target=\"_blank\" rel=\"noopener\">BioTalent Canada<\/a> <br>Employers within the Biotechnology or Healthcare sectors.<\/td><\/tr><tr><td><figure><img decoding=\"async\" src=\"https:\/\/carleton.ca\/employers\/wp-content\/uploads\/sites\/113\/cahrc-logo.png\"><\/figure><\/td><td><a href=\"https:\/\/cahrc-ccrha.ca\/programs\/agri-talent\" target=\"_blank\" rel=\"noopener\">Canadian Agricultural Human Resources Council<\/a><p><\/p>\n<p>Employers within the Agricultural sector.<\/p><\/td><\/tr><tr><td><figure><img decoding=\"async\" src=\"https:\/\/carleton.ca\/employers\/wp-content\/uploads\/sites\/113\/ccaa_logo.jpg\" alt=\"CCAA logo\"><\/figure><\/td><td><a href=\"https:\/\/avaerocouncil.ca\/subsidies\/swpp\" target=\"_blank\" rel=\"noopener\">Canadian Council for Aviation and Aerospace (CCAA)<\/a><p><\/p>\n<p>Employers must be involved in the aviation\/aerospace industry, i.e. directly as an aviation\/aerospace organization or indirectly, as a supplier of goods and services for the aviation\/aerospace industry.<\/p><\/td><\/tr><tr><td><figure><img decoding=\"async\" loading=\"lazy\" class=\"alignnone size-full wp-image-1881\" src=\"https:\/\/carleton.ca\/employers\/wp-content\/uploads\/sites\/113\/CHRC-Logo.png\" alt=\"\" width=\"78\" height=\"68\"><\/figure><\/td><td><a href=\"https:\/\/www.culturalhrc.ca\/news\/2021\/chrc-delivery-partner-student-work-placement-program\">Cultural Human Resources Council<\/a><p><\/p>\n<p>Employers within the Canadian cultural sector.<\/p><\/td><\/tr><tr><td><figure><img decoding=\"async\" src=\"https:\/\/carleton.ca\/employers\/wp-content\/uploads\/sites\/113\/cmpa-logo.png\"><\/figure><\/td><td><a href=\"https:\/\/cmpa.ca\/mentorship\/?toolkit=swpp\" target=\"_blank\" rel=\"noopener\">Canadian Media Producers Association<\/a><p><\/p>\n<p>The Canadian Media Producers Association is Canada\u2019s trade association for independent producers. We represent hundreds of companies engaged in the development, production and distribution of English-language content for TV, feature film and digital media channels.<\/p><\/td><\/tr><tr><td><figure><img decoding=\"async\" loading=\"lazy\" class=\"\" src=\"https:\/\/carleton.ca\/employers\/wp-content\/uploads\/sites\/113\/eco_canada_logo.png\" alt=\"ECO Canada\" width=\"122\" height=\"93\"><\/figure><\/td><td><a href=\"https:\/\/www.eco.ca\/employment-programs\/student-placement\/\" target=\"_blank\" rel=\"noopener\">ECO Canada<\/a><p><\/p>\n<p>Employers within the Environmental Sector.<\/p><\/td><\/tr><tr><td><figure><img decoding=\"async\" src=\"https:\/\/carleton.ca\/employers\/wp-content\/uploads\/sites\/113\/electricity_hr_logo.png\" alt=\"Electricity Human Resources Canada logo\"><\/figure><\/td><td><a href=\"https:\/\/electricityhr.ca\/workplace-solutions\/youth-employment-funding\/empowering-futures\/\" target=\"_blank\" rel=\"noopener\">Electricity Human Resources Canada \u2013 Empowering Futures<\/a><p><\/p>\n<p>Employers within the Canadian electricity and renewable energy sector.<\/p><\/td><\/tr><tr><td><figure><img decoding=\"async\" loading=\"lazy\" class=\"alignright size-full wp-image-2455\" src=\"https:\/\/carleton.ca\/employers\/wp-content\/uploads\/sites\/113\/emc_logo.png\" alt=\"\" width=\"217\" height=\"86\"><\/figure><\/td><td><a href=\"https:\/\/offers.emccanada.org\/en-ca\/emcwil\" target=\"_blank\" rel=\"noopener\">EMC (Excellence in Manufacturing Consortium)<\/a><p><\/p>\n<p>EMC, a preferred partner with the Government of Canada, delivers the Student Work Placement Program (SWPP) wage subsidy to the Canadian Manufacturing industry.<\/p><\/td><\/tr><tr><td><figure><img decoding=\"async\" loading=\"lazy\" class=\"size-full wp-image-2003 alignleft\" src=\"https:\/\/carleton.ca\/employers\/wp-content\/uploads\/sites\/113\/FCCQ_logo.jpg\" alt=\"\" width=\"175\" height=\"75\"><\/figure><\/td><td><strong><a href=\"https:\/\/pratiquesrh.com\/fr\/nous-joindre#form\" target=\"_blank\" rel=\"noopener\">F\u00e9d\u00e9ration des chambres de commerce du Qu\u00e9bec (FCCQ)<\/a><\/strong><p><\/p>\n<p>Pratiques RH, powered by the F\u00e9d\u00e9ration des Chambres de Commerce du Qu\u00e9bec is proud to present Accueillez un stagiaire, an innovative initiative in which various players in the federal and provincial sectors unite their forces for the benefit of employers operating in Qu\u00e9bec and Canadian students.<\/p><\/td><\/tr><tr><td><img decoding=\"async\" loading=\"lazy\" class=\"alignnone size-full wp-image-1882\" src=\"https:\/\/carleton.ca\/employers\/wp-content\/uploads\/sites\/113\/FPSC-Logo.png\" alt=\"\" width=\"63\" height=\"62\"><\/td><td><a href=\"https:\/\/fpsc-ctac.com\/student-workplace-placement-program\/\">Food Processing Skills Canada<\/a><p><\/p>\n<p>Employers within the Food and Beverage Manufacturing sector.<\/p><\/td><\/tr><tr><td><img decoding=\"async\" src=\"https:\/\/carleton.ca\/employers\/wp-content\/uploads\/sites\/113\/ictc_logo.png\" alt=\"ICTC logo\"><\/td><td><a href=\"https:\/\/ictc-ctic.smapply.ca\/prog\/wil_digital\/\" target=\"_blank\" rel=\"noopener\">Information and Communications Technology Council&nbsp; \u2013 WIL Digital Program<\/a><p><\/p>\n<p>Canadian Registered business or Not-for-profit organization that provides a student with a meaningful work placement that includes a Digital or Technology component and uses technology in some capacity.<\/p><\/td><\/tr><tr><td><img decoding=\"async\" src=\"https:\/\/carleton.ca\/employers\/wp-content\/uploads\/sites\/113\/magnet_logo.png\" alt=\"Magnet Student Work Placement Program logo\"><\/td><td><a href=\"https:\/\/swpprogram.ca\/\" target=\"_blank\" rel=\"noreferrer noopener\">Magnet Student Work Placement Program<\/a> <p>All Registered Canadian Businesses and Not for Profits.<\/p><\/td><\/tr><tr><td><img decoding=\"async\" src=\"https:\/\/carleton.ca\/employers\/wp-content\/uploads\/sites\/113\/mining_logo.png\" alt=\"Ministry Industry Human Resources Council logo\"><\/td><td><a href=\"https:\/\/www.mihr.ca\/careers\/gearing-up\" target=\"_blank\" rel=\"noopener\">Mining Industry Human Resources Council<\/a><p><\/p>\n<p>Small, medium, or large companies involved in the mining or mineral exploration sector.<\/p><\/td><\/tr><tr><td><img decoding=\"async\" src=\"https:\/\/carleton.ca\/employers\/wp-content\/uploads\/sites\/113\/top_logo.jpg\" alt=\"Ontario Chamber of Commerce logo\"><\/td><td><a href=\"https:\/\/occ.ca\/talent-opportunities-program\/\" target=\"_blank\" rel=\"noopener\">Ontario Chamber of Commerce \u2013 Talent Opportunities Program<\/a><p><\/p>\n<p>Employers must be a registered Canadian business or not-for-profit organization, may be located anywhere in Canada, and may operate in any industry sector.<\/p><\/td><\/tr><tr><td><img decoding=\"async\" src=\"https:\/\/carleton.ca\/employers\/wp-content\/uploads\/sites\/113\/technation_logo.png\" alt=\"technation logo\"><\/td><td><a href=\"http:\/\/www.technationcanada.ca\/careerready\" target=\"_blank\" rel=\"noopener\">TECHNATION (formerly ITAC)&nbsp; \u2013 Career Ready Program<\/a><p><\/p>\n<p>Employers within the Information and Communications Technology Sector or for positions immersed in technology.<\/p><\/td><\/tr><tr><td><img decoding=\"async\" loading=\"lazy\" class=\"alignnone size-full wp-image-1883\" src=\"https:\/\/carleton.ca\/employers\/wp-content\/uploads\/sites\/113\/PSWPP-Logog.png\" alt=\"\" width=\"166\" height=\"54\"><\/td><td><a href=\"https:\/\/tourismhr.ca\/programs-and-services\/propel-student-work-placement-program\/\">Propel Student Work Placement Program<\/a><p><\/p>\n<p>Tourism and hospitality sector<\/p><\/td><\/tr><tr><td><img decoding=\"async\" loading=\"lazy\" class=\"alignnone size-full wp-image-1884\" src=\"https:\/\/carleton.ca\/employers\/wp-content\/uploads\/sites\/113\/trucking-HR-Canada-Logo.png\" alt=\"\" width=\"158\" height=\"72\"><\/td><td><a href=\"https:\/\/truckinghr.com\/student-work-placement-subsidy\/\">Trucking HR Canada<\/a><p><\/p>\n<p>Employers in the Canadian truck&nbsp; transportation and logistics industry.<\/p><\/td><\/tr><tr><td><img decoding=\"async\" src=\"https:\/\/carleton.ca\/employers\/wp-content\/uploads\/sites\/113\/venture_logo.png\" alt=\"venture logo\"><\/td><td><a href=\"https:\/\/ventureforcanada.ca\/programs\/internship\" target=\"_blank\" rel=\"noopener\">Venture for Canada \u2013 Internship Program&nbsp;<\/a><p><\/p>\n<p>Startups and entrepreneurial projects in Atlantic Canada, BC and the Prairies.<\/p><\/td><\/tr><\/tbody><\/table><\/figure>\n","protected":false},"excerpt":{"rendered":"<p>Hire a 杏吧原创 co-op student and you may be eligible to receive up to $5000 in wage subsidies. The Student Work Placement Program\u00a0(SWPP) provides to eligible private sector and not-for-profit employers to assist them with the cost of hiring students. Overview How to Apply This funding is being administered by Employment and Social Development Canada [&hellip;]<\/p>\n","protected":false},"author":2,"featured_media":0,"parent":94,"menu_order":0,"comment_status":"closed","ping_status":"closed","template":"","meta":{"_acf_changed":false,"_cu_dining_location_slug":"","footnotes":"","_links_to":"","_links_to_target":""},"cu_page_type":[],"class_list":["post-227","page","type-page","status-publish","hentry"],"acf":{"cu_post_thumbnail":""},"_links":{"self":[{"href":"https:\/\/carleton.ca\/employers\/wp-json\/wp\/v2\/pages\/227","targetHints":{"allow":["GET"]}}],"collection":[{"href":"https:\/\/carleton.ca\/employers\/wp-json\/wp\/v2\/pages"}],"about":[{"href":"https:\/\/carleton.ca\/employers\/wp-json\/wp\/v2\/types\/page"}],"author":[{"embeddable":true,"href":"https:\/\/carleton.ca\/employers\/wp-json\/wp\/v2\/users\/2"}],"replies":[{"embeddable":true,"href":"https:\/\/carleton.ca\/employers\/wp-json\/wp\/v2\/comments?post=227"}],"version-history":[{"count":5,"href":"https:\/\/carleton.ca\/employers\/wp-json\/wp\/v2\/pages\/227\/revisions"}],"predecessor-version":[{"id":3080,"href":"https:\/\/carleton.ca\/employers\/wp-json\/wp\/v2\/pages\/227\/revisions\/3080"}],"up":[{"embeddable":true,"href":"https:\/\/carleton.ca\/employers\/wp-json\/wp\/v2\/pages\/94"}],"wp:attachment":[{"href":"https:\/\/carleton.ca\/employers\/wp-json\/wp\/v2\/media?parent=227"}],"wp:term":[{"taxonomy":"cu_page_type","embeddable":true,"href":"https:\/\/carleton.ca\/employers\/wp-json\/wp\/v2\/cu_page_type?post=227"}],"curies":[{"name":"wp","href":"https:\/\/api.w.org\/{rel}","templated":true}]}}