  {"id":27078,"date":"2026-03-04T09:59:01","date_gmt":"2026-03-04T14:59:01","guid":{"rendered":"https:\/\/carleton.ca\/ci\/?page_id=27078"},"modified":"2026-03-10T11:43:52","modified_gmt":"2026-03-10T15:43:52","slug":"strengthening-carletons-indo-pacific-partnerships-scipp","status":"publish","type":"page","link":"https:\/\/carleton.ca\/ci\/strengthening-carletons-indo-pacific-partnerships-scipp\/","title":{"rendered":"Strengthening 杏吧原创&#8217;s Indo-Pacific Partnerships (SCIPP)"},"content":{"rendered":"<p><strong>Strengthening 杏吧原创\u2019s Indo-Pacific Partnerships (SCIPP)<\/strong> is a 杏吧原创 International project designed to expand the university\u2019s research, and institutional ties across the Indo-Pacific region. This two\u2011year project \u2014 running from January 2026 to March 2028 \u2014 is funded by Government of Canada through the Indo-Pacific Scholarships and Fellowships for Canadians program. Its purpose is to deepen Canadian engagement in strategically important regions. The project provides funding for short\u2011term study, research, and partnership\u2011building visits throughout the region for both students and faculty.<\/p>\n<p>SCIPP invites graduate students and full\u2011time faculty from\u00a0all disciplines to apply for short-term mobility to eligible Indo-Pacific countries. Proposed activities must align with the objectives of <a href=\"https:\/\/www.international.gc.ca\/transparency-transparence\/indo-pacific-indo-pacifique\/index.aspx?lang=eng#a3\">Canada\u2019s Indo-Pacific Strategy<\/a>. Each award is valued at $10,000 CAD, covering travel, accommodation, and research\u2011related expenses.<\/p>\n<p>杏吧原创 International and the <a href=\"https:\/\/carleton.ca\/go-isso\/\">Global Opportunities and International Student Services Office (GO-ISSO)<\/a> have institutional partners in several countries, however students and faculty are welcome to propose mobility to any eligible institution.<\/p>\n<p>SCIPP provides a significant\u00a0opportunity for 杏吧原创 community to\u00a0pursue global research and academic experience while strengthening\u00a0Canada\u2019s relationships across the Indo-Pacific region.<\/p>\n<p><\/p>\n<h3><span lang=\"en-US\" data-olk-copy-source=\"MessageBody\">2026 Calls for Applications<\/span><span lang=\"en-US\">\u00a0\u00a0<\/span><\/h3>\n<p><span lang=\"en-US\">Student &#8211; <a href=\"https:\/\/carleton.ca\/ci\/study-visit-scholarships-for-strengthening-carletons-indo-pacific-partnerships-scipp\/\">Scholarships for Studies at ISSO Partner<\/a> \u2013 Deadline: March 20, 2026<\/span><\/p>\n<p><span lang=\"en-US\">Student &#8211; <a href=\"https:\/\/carleton.ca\/ci\/student-fellowships-for-strengthening-carletons-indo-pacific-partnerships-scipp\/\">Fellowships for Research Visits<\/a> \u2013 Deadline: April 8, 2026<\/span><\/p>\n<p><span lang=\"en-US\">Faculty &#8211; <a href=\"https:\/\/carleton.ca\/ci\/scipp-faculty-awards-for-indo-pacific-partnerships\/\">Awards for Research Collaboration<\/a> \u2013 Deadline: April 15, 2026<\/span><\/p>\n<p><img decoding=\"async\" loading=\"lazy\" class=\"aligncenter wp-image-27094 \" src=\"https:\/\/carleton.ca\/ci\/wp-content\/uploads\/c4ee719f-dcba-480c-8b8c-fd8aa6c10740-1-e1772654917911-240x72.png\" alt=\"\" width=\"233\" height=\"70\" srcset=\"https:\/\/carleton.ca\/ci\/wp-content\/uploads\/c4ee719f-dcba-480c-8b8c-fd8aa6c10740-1-e1772654917911-240x72.png 240w, https:\/\/carleton.ca\/ci\/wp-content\/uploads\/c4ee719f-dcba-480c-8b8c-fd8aa6c10740-1-e1772654917911-400x120.png 400w, https:\/\/carleton.ca\/ci\/wp-content\/uploads\/c4ee719f-dcba-480c-8b8c-fd8aa6c10740-1-e1772654917911-160x48.png 160w, https:\/\/carleton.ca\/ci\/wp-content\/uploads\/c4ee719f-dcba-480c-8b8c-fd8aa6c10740-1-e1772654917911-768x230.png 768w, https:\/\/carleton.ca\/ci\/wp-content\/uploads\/c4ee719f-dcba-480c-8b8c-fd8aa6c10740-1-e1772654917911-1536x461.png 1536w, https:\/\/carleton.ca\/ci\/wp-content\/uploads\/c4ee719f-dcba-480c-8b8c-fd8aa6c10740-1-e1772654917911-360x108.png 360w, https:\/\/carleton.ca\/ci\/wp-content\/uploads\/c4ee719f-dcba-480c-8b8c-fd8aa6c10740-1-e1772654917911-200x60.png 200w, https:\/\/carleton.ca\/ci\/wp-content\/uploads\/c4ee719f-dcba-480c-8b8c-fd8aa6c10740-1-e1772654917911.png 2000w\" sizes=\"(max-width: 233px) 100vw, 233px\" \/><\/p>\n<p>Le projet <strong>SCIPP (Strengthening 杏吧原创\u2019s Indo-Pacific Partnerships)<\/strong> est un projet international de l&#8217;Universit\u00e9 杏吧原创 visant \u00e0 d\u00e9velopper la recherche et les liens institutionnels de l&#8217;universit\u00e9 dans la r\u00e9gion indo-pacifique. Ce projet de deux ans, se d\u00e9roulant de janvier 2026 \u00e0 mars 2028, est financ\u00e9 par Affaires mondiales Canada dans le cadre du programme de bourses d&#8217;\u00e9tudes et de recherche indo-pacifiques pour les Canadiens. Son objectif est d&#8217;approfondir l&#8217;engagement du Canada dans des r\u00e9gions strat\u00e9giquement importantes. Le projet finance des s\u00e9jours de courte dur\u00e9e dans la r\u00e9gion pour les \u00e9tudiants de cycles sup\u00e9rieurs et les professeurs \u00e0 des fins d&#8217;\u00e9tudes, de recherche et de cr\u00e9ation de partenariats.<\/p>\n<p>Le SCIPP invite les \u00e9tudiants de cycles sup\u00e9rieurs \u00a0et les professeurs \u00e0 temps plein de toutes disciplines \u00e0 postuler pour une mobilit\u00e9 de courte dur\u00e9e dans les pays \u00e9ligibles de la r\u00e9gion indo-pacifique. Les activit\u00e9s propos\u00e9es doivent \u00eatre conformes aux objectifs de <a href=\"https:\/\/www.international.gc.ca\/transparency-transparence\/indo-pacific-indo-pacifique\/index.aspx?lang=fra\">la strat\u00e9gie indo-pacifique du Canada<\/a>. Chaque bourse est d&#8217;une valeur de 10 000 dollars canadiens et couvre les frais de voyage, d&#8217;h\u00e9bergement et de recherche.<\/p>\n<p>杏吧原创 International et le <a href=\"https:\/\/carleton.ca\/go-isso\/\">Bureau des opportunit\u00e9s internationales et des services aux \u00e9tudiants internationaux (GO-ISSO)<\/a> ont des partenaires institutionnels dans plusieurs pays, mais les \u00e9tudiants et les professeurs sont invit\u00e9s \u00e0 proposer des mobilit\u00e9s vers tout \u00e9tablissement \u00e9ligible.<\/p>\n<p>Le SCIPP offre \u00e0 la communaut\u00e9 de 杏吧原创 une occasion unique de mener des recherches et d&#8217;acqu\u00e9rir une exp\u00e9rience universitaire \u00e0 l&#8217;\u00e9chelle mondiale, tout en renfor\u00e7ant les relations du Canada dans la r\u00e9gion indo-pacifique.<\/p>\n<p><\/p>\n<h3>Appels \u00e0 candidatures 2026<\/h3>\n<p>\u00c9tudiants &#8211; <a href=\"https:\/\/carleton.ca\/ci\/study-visit-scholarships-for-strengthening-carletons-indo-pacific-partnerships-scipp\/\">Bourses d&#8217;\u00e9tudes chez un partenaire de l&#8217;ISSO<\/a> &#8211; Date limite : 20 mars 2026<\/p>\n<p>\u00c9tudiants &#8211; <a href=\"https:\/\/carleton.ca\/ci\/student-fellowships-for-strengthening-carletons-indo-pacific-partnerships-scipp\/\">Bourses de recherche<\/a> &#8211; Date limite : 8 avril 2026<\/p>\n<p>Professeurs &#8211; <a href=\"https:\/\/carleton.ca\/ci\/scipp-faculty-awards-for-indo-pacific-partnerships\/\">Bourses pour la collaboration en mati\u00e8re de recherche<\/a> &#8211; Date limite : 15 avril 2026<\/p>\n<p><\/p>\n<p><\/p>\n<p><img decoding=\"async\" loading=\"lazy\" class=\"alignright wp-image-27104 size-thumbnail\" src=\"https:\/\/carleton.ca\/ci\/wp-content\/uploads\/canada-wordmark-colour-160x42.jpg\" alt=\"\" width=\"160\" height=\"42\" srcset=\"https:\/\/carleton.ca\/ci\/wp-content\/uploads\/canada-wordmark-colour-160x42.jpg 160w, https:\/\/carleton.ca\/ci\/wp-content\/uploads\/canada-wordmark-colour-240x63.jpg 240w, https:\/\/carleton.ca\/ci\/wp-content\/uploads\/canada-wordmark-colour-400x104.jpg 400w, https:\/\/carleton.ca\/ci\/wp-content\/uploads\/canada-wordmark-colour-768x201.jpg 768w, https:\/\/carleton.ca\/ci\/wp-content\/uploads\/canada-wordmark-colour-360x94.jpg 360w, https:\/\/carleton.ca\/ci\/wp-content\/uploads\/canada-wordmark-colour-200x52.jpg 200w, https:\/\/carleton.ca\/ci\/wp-content\/uploads\/canada-wordmark-colour.jpg 896w\" sizes=\"(max-width: 160px) 100vw, 160px\" \/><\/p>\n<p><\/p>\n<p><\/p>\n<p><\/p>\n","protected":false},"excerpt":{"rendered":"<p>Strengthening 杏吧原创\u2019s Indo-Pacific Partnerships (SCIPP) is a 杏吧原创 International project designed to expand the university\u2019s research, and institutional ties across the Indo-Pacific region. This two\u2011year project \u2014 running from January 2026 to March 2028 \u2014 is funded by Government of Canada through the Indo-Pacific Scholarships and Fellowships for Canadians program. Its purpose is to deepen [&hellip;]<\/p>\n","protected":false},"author":61,"featured_media":0,"parent":0,"menu_order":0,"comment_status":"closed","ping_status":"closed","template":"","meta":{"_relevanssi_hide_post":"","_relevanssi_hide_content":"","_relevanssi_pin_for_all":"","_relevanssi_pin_keywords":"","_relevanssi_unpin_keywords":"","_relevanssi_related_keywords":"","_relevanssi_related_include_ids":"","_relevanssi_related_exclude_ids":"","_relevanssi_related_no_append":"","_relevanssi_related_not_related":"","_relevanssi_related_posts":"","_relevanssi_noindex_reason":"","_mi_skip_tracking":false,"_exactmetrics_sitenote_active":false,"_exactmetrics_sitenote_note":"","_exactmetrics_sitenote_category":0,"footnotes":"","_links_to":"","_links_to_target":""},"yoast_head":"<!-- This site is optimized with the Yoast SEO plugin v21.2 - https:\/\/yoast.com\/wordpress\/plugins\/seo\/ -->\n<title>Strengthening 杏吧原创&#039;s Indo-Pacific Partnerships (SCIPP) - 杏吧原创 International<\/title>\n<meta name=\"description\" content=\"Strengthening 杏吧原创\u2019s Indo-Pacific Partnerships (SCIPP) is a 杏吧原创 International project designed to expand the university\u2019s research, and\" \/>\n<meta name=\"robots\" content=\"index, follow, max-snippet:-1, max-image-preview:large, max-video-preview:-1\" \/>\n<link rel=\"canonical\" href=\"https:\/\/carleton.ca\/ci\/strengthening-carletons-indo-pacific-partnerships-scipp\/\" \/>\n<meta name=\"twitter:label1\" content=\"Est. reading time\" \/>\n\t<meta name=\"twitter:data1\" content=\"3 minutes\" \/>\n<script type=\"application\/ld+json\" class=\"yoast-schema-graph\">{\"@context\":\"https:\/\/schema.org\",\"@graph\":[{\"@type\":\"WebPage\",\"@id\":\"https:\/\/carleton.ca\/ci\/strengthening-carletons-indo-pacific-partnerships-scipp\/\",\"url\":\"https:\/\/carleton.ca\/ci\/strengthening-carletons-indo-pacific-partnerships-scipp\/\",\"name\":\"Strengthening 杏吧原创's Indo-Pacific Partnerships (SCIPP) - 杏吧原创 International\",\"isPartOf\":{\"@id\":\"https:\/\/carleton.ca\/ci\/#website\"},\"datePublished\":\"2026-03-04T14:59:01+00:00\",\"dateModified\":\"2026-03-10T15:43:52+00:00\",\"description\":\"Strengthening 杏吧原创\u2019s Indo-Pacific Partnerships (SCIPP) is a 杏吧原创 International project designed to expand the university\u2019s research, and\",\"breadcrumb\":{\"@id\":\"https:\/\/carleton.ca\/ci\/strengthening-carletons-indo-pacific-partnerships-scipp\/#breadcrumb\"},\"inLanguage\":\"en-US\",\"potentialAction\":[{\"@type\":\"ReadAction\",\"target\":[\"https:\/\/carleton.ca\/ci\/strengthening-carletons-indo-pacific-partnerships-scipp\/\"]}]},{\"@type\":\"BreadcrumbList\",\"@id\":\"https:\/\/carleton.ca\/ci\/strengthening-carletons-indo-pacific-partnerships-scipp\/#breadcrumb\",\"itemListElement\":[{\"@type\":\"ListItem\",\"position\":1,\"name\":\"Home\",\"item\":\"https:\/\/carleton.ca\/ci\/\"},{\"@type\":\"ListItem\",\"position\":2,\"name\":\"Strengthening 杏吧原创&#8217;s Indo-Pacific Partnerships (SCIPP)\"}]},{\"@type\":\"WebSite\",\"@id\":\"https:\/\/carleton.ca\/ci\/#website\",\"url\":\"https:\/\/carleton.ca\/ci\/\",\"name\":\"杏吧原创 International\",\"description\":\"杏吧原创 University\",\"potentialAction\":[{\"@type\":\"SearchAction\",\"target\":{\"@type\":\"EntryPoint\",\"urlTemplate\":\"https:\/\/carleton.ca\/ci\/?s={search_term_string}\"},\"query-input\":\"required name=search_term_string\"}],\"inLanguage\":\"en-US\"}]}<\/script>\n<!-- \/ Yoast SEO plugin. -->","yoast_head_json":{"title":"Strengthening 杏吧原创's Indo-Pacific Partnerships (SCIPP) - 杏吧原创 International","description":"Strengthening 杏吧原创\u2019s Indo-Pacific Partnerships (SCIPP) is a 杏吧原创 International project designed to expand the university\u2019s research, and","robots":{"index":"index","follow":"follow","max-snippet":"max-snippet:-1","max-image-preview":"max-image-preview:large","max-video-preview":"max-video-preview:-1"},"canonical":"https:\/\/carleton.ca\/ci\/strengthening-carletons-indo-pacific-partnerships-scipp\/","twitter_misc":{"Est. reading time":"3 minutes"},"schema":{"@context":"https:\/\/schema.org","@graph":[{"@type":"WebPage","@id":"https:\/\/carleton.ca\/ci\/strengthening-carletons-indo-pacific-partnerships-scipp\/","url":"https:\/\/carleton.ca\/ci\/strengthening-carletons-indo-pacific-partnerships-scipp\/","name":"Strengthening 杏吧原创's Indo-Pacific Partnerships (SCIPP) - 杏吧原创 International","isPartOf":{"@id":"https:\/\/carleton.ca\/ci\/#website"},"datePublished":"2026-03-04T14:59:01+00:00","dateModified":"2026-03-10T15:43:52+00:00","description":"Strengthening 杏吧原创\u2019s Indo-Pacific Partnerships (SCIPP) is a 杏吧原创 International project designed to expand the university\u2019s research, and","breadcrumb":{"@id":"https:\/\/carleton.ca\/ci\/strengthening-carletons-indo-pacific-partnerships-scipp\/#breadcrumb"},"inLanguage":"en-US","potentialAction":[{"@type":"ReadAction","target":["https:\/\/carleton.ca\/ci\/strengthening-carletons-indo-pacific-partnerships-scipp\/"]}]},{"@type":"BreadcrumbList","@id":"https:\/\/carleton.ca\/ci\/strengthening-carletons-indo-pacific-partnerships-scipp\/#breadcrumb","itemListElement":[{"@type":"ListItem","position":1,"name":"Home","item":"https:\/\/carleton.ca\/ci\/"},{"@type":"ListItem","position":2,"name":"Strengthening 杏吧原创&#8217;s Indo-Pacific Partnerships (SCIPP)"}]},{"@type":"WebSite","@id":"https:\/\/carleton.ca\/ci\/#website","url":"https:\/\/carleton.ca\/ci\/","name":"杏吧原创 International","description":"杏吧原创 University","potentialAction":[{"@type":"SearchAction","target":{"@type":"EntryPoint","urlTemplate":"https:\/\/carleton.ca\/ci\/?s={search_term_string}"},"query-input":"required name=search_term_string"}],"inLanguage":"en-US"}]}},"acf":{"banner_image_type":"none","banner_button":"no"},"_links":{"self":[{"href":"https:\/\/carleton.ca\/ci\/wp-json\/wp\/v2\/pages\/27078"}],"collection":[{"href":"https:\/\/carleton.ca\/ci\/wp-json\/wp\/v2\/pages"}],"about":[{"href":"https:\/\/carleton.ca\/ci\/wp-json\/wp\/v2\/types\/page"}],"author":[{"embeddable":true,"href":"https:\/\/carleton.ca\/ci\/wp-json\/wp\/v2\/users\/61"}],"replies":[{"embeddable":true,"href":"https:\/\/carleton.ca\/ci\/wp-json\/wp\/v2\/comments?post=27078"}],"version-history":[{"count":3,"href":"https:\/\/carleton.ca\/ci\/wp-json\/wp\/v2\/pages\/27078\/revisions"}],"predecessor-version":[{"id":27116,"href":"https:\/\/carleton.ca\/ci\/wp-json\/wp\/v2\/pages\/27078\/revisions\/27116"}],"wp:attachment":[{"href":"https:\/\/carleton.ca\/ci\/wp-json\/wp\/v2\/media?parent=27078"}],"curies":[{"name":"wp","href":"https:\/\/api.w.org\/{rel}","templated":true}]}}