  {"id":286,"date":"2010-11-18T10:51:45","date_gmt":"2010-11-18T14:51:45","guid":{"rendered":"http:\/\/carleton.ca\/ces\/"},"modified":"2025-10-30T14:15:10","modified_gmt":"2025-10-30T18:15:10","slug":"ces-scholars","status":"publish","type":"page","link":"https:\/\/carleton.ca\/ces\/ces-scholars\/","title":{"rendered":"CES Scholars"},"content":{"rendered":"<h3>Faculty Associates<\/h3>\n<ul>\n<li><a href=\"https:\/\/carleton.ca\/sppa\/people\/auld-graeme\/\" target=\"_blank\" rel=\"noopener\">Auld, Graeme<\/a>. School of Public Policy and Administration, 杏吧原创 University<\/li>\n<li><a href=\"http:\/\/carleton.ca\/law\/people\/adrian-melanie\" target=\"_blank\" rel=\"noopener noreferrer\">Adrian, Melanie<\/a>. Department of Law, 杏吧原创 University.<\/li>\n<li><a href=\"https:\/\/carleton.ca\/npsia\/people\/stephanie-carvin\/\" target=\"_blank\" rel=\"noopener noreferrer\">Carvin, Stephanie.<\/a> Norman Paterson School of International Affairs, 杏吧原创 University.<\/li>\n<li><a href=\"http:\/\/carleton.ca\/eurus\/faculty-and-staff\/department-faculty\/casteel-james\/\" target=\"_blank\" rel=\"noopener noreferrer\">Casteel, James<\/a>. Institute of European, Russian, and Eurasian Studies; 杏吧原创 University<\/li>\n<li><a href=\"http:\/\/carleton.ca\/eurus\/people\/debardeleben-joan\/\" target=\"_blank\" rel=\"noopener noreferrer\">DeBardeleben, Joan<\/a> (Associate Director). Institute of European, Russian, and Eurasian Studies, 杏吧原创 University.<\/li>\n<li><a href=\"https:\/\/carleton.ca\/history\/people\/jennifer-v-evans\/\" target=\"_blank\" rel=\"noopener noreferrer\">Evans, Jennifer.<\/a> Department of History, 杏吧原创 University.<\/li>\n<li><a href=\"https:\/\/carleton.ca\/eurus\/people\/geiger-martin\/\" target=\"_blank\" rel=\"noopener noreferrer\">Geiger, Martin<\/a>. Department of Political Science and Institute of European, Russian and Eurasian Studies, 杏吧原创 University<\/li>\n<li><a href=\"https:\/\/carleton.ca\/polisci\/people\/hurrelmann-achim\/\">Hurrelmann, Achim<\/a>\u00a0(Co-Director). Department of Political Science, 杏吧原创 University.<\/li>\n<li><a href=\"http:\/\/carleton.ca\/communication\/faculty-listing\/karim-karim-h\/\" target=\"_blank\" rel=\"noopener noreferrer\">Karim, Karim H<\/a>. School of Journalism and Communication, 杏吧原创 University.<\/li>\n<li><a href=\"https:\/\/uniweb.uottawa.ca\/view\/profile\/members\/5281?lang=en\" target=\"_blank\" rel=\"noopener\">Krakovsky, Roman<\/a>. Department of History, University of Ottawa<\/li>\n<li><a href=\"https:\/\/uniweb.uottawa.ca\/#!uottawa\/members\/987\/profile\" target=\"_blank\" rel=\"noopener noreferrer\">Leblond, Patrick.<\/a>\u00a0Graduate School of Public and International Affairs, University of Ottawa.<\/li>\n<li><a href=\"https:\/\/sprott.carleton.ca\/profile\/ian-lee\/\" target=\"_blank\" rel=\"noopener noreferrer\">Lee, Ian.<\/a> Sprott School of Business, 杏吧原创 University.<\/li>\n<li><a href=\"https:\/\/carleton.ca\/npsia\/people\/meredith-lilly\/\" target=\"_blank\" rel=\"noopener noreferrer\">Lilly, Meredith.<\/a>\u00a0Norman Paterson School of International Affairs, 杏吧原创 University.<\/li>\n<li><a href=\"https:\/\/uniweb.uottawa.ca\/#!uottawa\/members\/831\" target=\"_blank\" rel=\"noopener noreferrer\">Musu, Costanza.<\/a> Graduate School of Public and International Affairs, University of Ottawa.<\/li>\n<li><a href=\"https:\/\/carleton.ca\/law\/people\/ksenia-polonskaya\/\" target=\"_blank\" rel=\"noopener\">Polonskaya, Ksenia<\/a>. Department of Law and Legal Studies, 杏吧原创 University<\/li>\n<li><a href=\"https:\/\/carleton.ca\/eurus\/people\/david-sichinava\/\" target=\"_blank\" rel=\"noopener\">Sichinava, David<\/a>. Institute of European, Russian and Eurasian Studies, 杏吧原创 University<\/li>\n<li><a href=\"http:\/\/carleton.ca\/sppa\/faculty-staff\/schott-stephan\/\" target=\"_blank\" rel=\"noopener noreferrer\">Schott, Stephan.<\/a> School of Public Policy and Administration, 杏吧原创 University.<\/li>\n<li><a href=\"https:\/\/uniweb.uottawa.ca\/#!uottawa\/members\/860\" target=\"_blank\" rel=\"noopener noreferrer\">Stockemer, Daniel.<\/a>\u00a0Faculty of Social Sciences, School of Political Studies, University of Ottawa.<\/li>\n<li><a href=\"http:\/\/carleton.ca\/eurus\/faculty-and-staff\/department-faculty\/viju-crina\/\" target=\"_blank\" rel=\"noopener noreferrer\">Viju-Miljusevic, Crina<\/a> (Co-Director). Institute of European, Russian, and Eurasian Studies; 杏吧原创 University.<\/li>\n<li><a href=\"http:\/\/carleton.ca\/communication\/people\/wagman-ira\" target=\"_blank\" rel=\"noopener noreferrer\">Wagman, Ira.<\/a>\u00a0School of Journalism and Communication and the Institute for the Comparative Study of Literature, Art, and Culture, 杏吧原创 University<\/li>\n<li><a href=\"http:\/\/carleton.ca\/npsia\/inger-weibust\/\" target=\"_blank\" rel=\"noopener noreferrer\">Weibust, Inger.<\/a>\u00a0Norman Paterson School of International Affairs, 杏吧原创 University.<\/li>\n<li><a href=\"https:\/\/carleton.ca\/eurus\/people\/agnieszka-weinar\/\" target=\"_blank\" rel=\"noopener\">Weinar, Agnieszka<\/a>. Institute of European, Russian and Eurasian Studies, 杏吧原创 University<\/li>\n<\/ul>\n<h3>Visiting Scholars<\/h3>\n<p>European scholars regularly visit the Centre for European Studies. The Centre offers two types of visiting scholar positions: <strong>short-term visitors<\/strong> (under one month) and <strong>visiting scholars in residence<\/strong> (one academic term). Scholars are selected based on an open application process; <a href=\"https:\/\/carleton.ca\/ces\/grants-and-opportunities\/\">competitions are announced on our website<\/a> and publicized broadly. In addition to pursuing their own research programs, visiting scholars deliver public lectures, actively participate in the Centre&#8217;s outreach activities, consult with students, and, for longer term visitors, teach courses. These visits also provide a foundation for longer-term partnerships between CES and European counterparts. Funding for this program is provided by the European Commission and 杏吧原创 University; we are grateful to the 杏吧原创&#8217;s Institute of European and Russian Studies and Department of Political Science for their cooperation.<\/p>\n<ul>\n<li>Luca Ratti, Visiting Scholar, The American University of Rome, Italy (June-August 2019)<\/li>\n<li><a href=\"https:\/\/carleton.ca\/ces\/matus-misik\/\">Mat\u00fa\u0161 Mi\u0161\u00edk<\/a>, Visiting Scholar, Comenius University, Bratislava, Slovakia (September \u2013 December 2018)<\/li>\n<li><a href=\"https:\/\/carleton.ca\/eureast\/markus-kaim-visiting-scholar\/\">Markus Kaim<\/a>, Visiting Scholar, University of Zurich and Guest Instructor at the Hertie School of Governance, Berlin, Germany (July-August 2018)<\/li>\n<li><a href=\"https:\/\/carleton.ca\/ces\/ces-scholars\/visiting-scholars\/ioannis-galariotis\/\">Ioannis Galariotis<\/a>, Visiting Scholar, European University Institute, Florence, Italy (September \u2013 December 2017)<\/li>\n<li><a href=\"https:\/\/carleton.ca\/ces\/ces-scholars\/visiting-scholars\/jaroslaw-janczak\/\">Jaros\u0142aw Ja\u0144czak<\/a>, Visiting Scholar, Adam Mickiewicz University in Pozna\u0144, Poland and European University Viadrina, Frankfurt (Oder), Germany. (September 2016)<\/li>\n<li><a href=\"https:\/\/carleton.ca\/ces\/ces-scholars\/visiting-scholars\/maria-lagutina\/\">Maria Lagutina<\/a>, Visiting Scholar, St. Petersburg State University, Russian Federation (September 2016)<\/li>\n<li><a href=\"http:\/\/carleton.ca\/ces\/ces-scholars\/visiting-scholars\/tatjana-muravska\/\" target=\"_blank\" rel=\"noopener noreferrer\">Tatjana Muravska<\/a>, Visiting Scholar, University of Latvia, Riga, Latvia (March 2016)<\/li>\n<li><a href=\"http:\/\/carleton.ca\/ces\/?p=8841\" target=\"_blank\" rel=\"noopener noreferrer\">Francis McGowan<\/a>, Visiting Scholar, University of Sussex, Brighton, United Kingdom (September 2015 &#8211; December 2015)<\/li>\n<li><a href=\"https:\/\/carleton.ca\/ces\/ces-scholars\/visiting-scholars\/vadim-voynikov\/\">Vadim Voynikov<\/a>, Visiting Scholar, Immanuel Kant Baltic Federal University, Kaliningrad, Russia (April 2015)<\/li>\n<li><a href=\"http:\/\/carleton.ca\/ces\/?p=8097\" target=\"_blank\" rel=\"noopener noreferrer\">Emmanuel Sigalas<\/a>, Visiting Scholar, Institute for Advanced Studies, Vienna, Austria (January &#8211; April 2015)<\/li>\n<li><a href=\"http:\/\/carleton.ca\/ces\/?p=8591\">Anatole Boute<\/a>, Visiting Scholar, University of Aberdeen, UK (March &#8211; April 2014)<\/li>\n<li><a href=\"\/\/carleton.ca\/ces\/ces-scholars\/rouba-al-fattal-eeckelaert\/\" target=\"_blank\" rel=\"noopener noreferrer\">Rouba Al-Fattal Eeckelaert<\/a>, Visiting Scholar, (October 2013 &#8211; June 2014)<\/li>\n<li><a href=\"http:\/\/carleton.ca\/ces\/ces-scholars\/licinia-simao\/\">Lic\u00ednia Sim\u00e3o<\/a>, Assistant Professor, International Relations, University of Coimbra, Portugal (July &#8211; August 2012)<\/li>\n<li><a href=\"http:\/\/carleton.ca\/ces\/ces-scholars\/massimo-scaglioni\/\">Massimo Scaglioni<\/a>, Assistant Professor, Department of Communication and Performing Arts,\u00a0Catholic University of the Sacred Heart, Milan, Italy (January &#8211; February 2012)<\/li>\n<li><a href=\"http:\/\/carleton.ca\/ces\/ces-scholars\/martin-geiger\/\">Martin Geiger<\/a>, Institute for Migration Research and Intercultural Studies (IMIS), University of Osnabr\u00fcck, Germany (September-December 2011)<\/li>\n<li><a href=\"https:\/\/carleton.ca\/ces\/ces-scholars\/steffen-schneider\/\">Steffen Schneider<\/a>, Assistant Professor, Department of Political Science, University of Bremen, Germany (September-December 2010)<\/li>\n<li><a href=\"https:\/\/carleton.ca\/ces\/ces-scholars\/dorothee-bohle\/\">Dorothee Bohle <\/a>Political Sciences Department, Central European University, Hungary (August, 2009)<\/li>\n<li><a href=\"https:\/\/carleton.ca\/ces\/ces-scholars\/eugenia-da-conceicao-heldt\/\">Eug\u00e9nia da Concei\u00e7\u00e3o-Heldt,<\/a> Guest Professor in International Relations at the Center for Transnational Relations, Foreign and Security Policy, Otto-Suhr Institute for Political Science at the Free University Berlin (July &#8211; August, 2009)<\/li>\n<li><a href=\"https:\/\/carleton.ca\/ces\/ces-scholars\/ingeborg-toemmel\/\">Ingeborg Toemmel,<\/a> Professor in International Politics and Jean Monnet Chair in European Politics and Policy, Universit\u00e4t Osnabr\u00fcck (January &#8211; April, 2009)<\/li>\n<li><a href=\"https:\/\/carleton.ca\/ces\/ces-scholars\/petra-dolata-kreutzkamp\/\">Petra Dolata-Kreutzkamp,<\/a> Department of War Studies, King&#8217;s College London, UK (July &#8211; August, 2008)<\/li>\n<li><a href=\"https:\/\/carleton.ca\/ces\/ces-scholars\/marek-kozak\/\">Marek Kozak,<\/a> European Centre for Regional and Local Studies (EUROREG), University of Warsaw ( May, 2008)<\/li>\n<li><a href=\"http:\/\/carleton.ca\/ces\/ces-scholars\/arthur-benz\" target=\"_blank\" rel=\"noopener noreferrer\">Arthur Benz,<\/a> Technische Universit\u00e4t Darmstadt (September 2007 &#8211; May 2008)<\/li>\n<li><a href=\"https:\/\/carleton.ca\/ces\/ces-scholars\/christopher-rumford\/\">Christopher Rumford,<\/a> Centre for Global and Transnational Politics, Department of Politics and International Relations, Royal Holloway, University of London (October &#8211; November, 2007)<\/li>\n<li><a href=\"https:\/\/carleton.ca\/ces\/ces-scholars\/franz-kernic\/\">Franz Kernic,<\/a> Department for Leadership and Management, Swedish National Defence College (F\u00f6rsvarsh\u00f6gskolan), Stockholm ( January 2007 &#8211; April 2008)<\/li>\n<li><a href=\"https:\/\/carleton.ca\/ces\/ces-scholars\/clara-portela\/\">Clara Portela,<\/a> Assistant Professor of Political Science, Singapore Management University (July &#8211; August, 2007)<\/li>\n<li><a href=\"https:\/\/carleton.ca\/ces\/ces-scholars\/elena-lazarou\/\">Elena Lazarou,<\/a> Researcher and assistant professor of International Relations Center of the Getulio Vargas, Brazil (September, 2006)<\/li>\n<li><a href=\"https:\/\/carleton.ca\/ces\/ces-scholars\/sven-biscop\/\">Sven Biscop,<\/a> Egmont \u2013 Royal Institute for International Relations ( July, 2006)<\/li>\n<li><a href=\"https:\/\/carleton.ca\/ces\/ces-scholars\/andrea-locatelli\/\">Andrea Locatelli,<\/a> University College, London (January &#8211; April, 2006)<\/li>\n<li><a href=\"https:\/\/carleton.ca\/ces\/ces-scholars\/achim-hurrelmann\/\">Achim Hurrelmann,<\/a> Political Science Department, 杏吧原创 University (September, 2005)<\/li>\n<li><a href=\"https:\/\/carleton.ca\/ces\/ces-scholars\/antonia-maria-ruiz-jimenez\/\">Antonia Maria Ruiz Jim\u00e9nez,<\/a> Universidad Complutense de Madrid (UCM), Spain (July, 2005)<\/li>\n<li><a href=\"http:\/\/carleton.ca\/ces\/ces-scholars\/franz-kernic-2\/\">Franz Kernic,<\/a> Department for Leadership and Management, Swedish National Defence College (F\u00f6rsvarsh\u00f6gskolan), Stockholm (January-April 2005)<\/li>\n<li><a href=\"https:\/\/carleton.ca\/ces\/ces-scholars\/nicola-catellani\/\">Nicola Catellani,<\/a> Center for European Policy Studies, Brussels and Institute for Eastern European and Balkan Studies, Bologna University (May, 2004)<\/li>\n<li><a href=\"https:\/\/carleton.ca\/ces\/ces-scholars\/finn-laursen\/\">Finn Laursen,<\/a> Professor and Canada Research Chair in European Union Studies, Department of Political Science, Dalhousie University (January-April 2004)<\/li>\n<li><a href=\"https:\/\/carleton.ca\/ces\/ces-scholars\/ramunas-vilpisauskas\/\">Ramunas Vilpisauskas,<\/a> Institute of International Relations and Political Science, Vilnius University, Lithuania (September, 2004)<\/li>\n<\/ul>\n","protected":false},"excerpt":{"rendered":"<p>Faculty Associates Auld, Graeme. School of Public Policy and Administration, 杏吧原创 University Adrian, Melanie. Department of Law, 杏吧原创 University. Carvin, Stephanie. Norman Paterson School of International Affairs, 杏吧原创 University. Casteel, James. Institute of European, Russian, and Eurasian Studies; 杏吧原创 University DeBardeleben, Joan (Associate Director). Institute of European, Russian, and Eurasian Studies, 杏吧原创 University. Evans, Jennifer. [&hellip;]<\/p>\n","protected":false},"author":3,"featured_media":0,"parent":0,"menu_order":14,"comment_status":"closed","ping_status":"closed","template":"","meta":{"_relevanssi_hide_post":"","_relevanssi_hide_content":"","_relevanssi_pin_for_all":"","_relevanssi_pin_keywords":"","_relevanssi_unpin_keywords":"","_relevanssi_related_keywords":"","_relevanssi_related_include_ids":"","_relevanssi_related_exclude_ids":"","_relevanssi_related_no_append":"","_relevanssi_related_not_related":"","_relevanssi_related_posts":"","_relevanssi_noindex_reason":"","_mi_skip_tracking":false,"_exactmetrics_sitenote_active":false,"_exactmetrics_sitenote_note":"","_exactmetrics_sitenote_category":0,"footnotes":"","_links_to":"","_links_to_target":""},"yoast_head":"<!-- This site is optimized with the Yoast SEO plugin v21.2 - https:\/\/yoast.com\/wordpress\/plugins\/seo\/ -->\n<title>CES Scholars - Centre for European Studies<\/title>\n<meta name=\"description\" content=\"Faculty Associates Auld, Graeme. School of Public Policy and Administration, 杏吧原创 University Adrian, Melanie. Department of Law, 杏吧原创 University.\" \/>\n<meta name=\"robots\" content=\"index, follow, max-snippet:-1, max-image-preview:large, max-video-preview:-1\" \/>\n<link rel=\"canonical\" href=\"https:\/\/carleton.ca\/ces\/ces-scholars\/\" \/>\n<meta name=\"twitter:label1\" content=\"Est. reading time\" \/>\n\t<meta name=\"twitter:data1\" content=\"4 minutes\" \/>\n<script type=\"application\/ld+json\" class=\"yoast-schema-graph\">{\"@context\":\"https:\/\/schema.org\",\"@graph\":[{\"@type\":\"WebPage\",\"@id\":\"https:\/\/carleton.ca\/ces\/ces-scholars\/\",\"url\":\"https:\/\/carleton.ca\/ces\/ces-scholars\/\",\"name\":\"CES Scholars - Centre for European Studies\",\"isPartOf\":{\"@id\":\"https:\/\/carleton.ca\/ces\/#website\"},\"datePublished\":\"2010-11-18T14:51:45+00:00\",\"dateModified\":\"2025-10-30T18:15:10+00:00\",\"description\":\"Faculty Associates Auld, Graeme. School of Public Policy and Administration, 杏吧原创 University Adrian, Melanie. Department of Law, 杏吧原创 University.\",\"breadcrumb\":{\"@id\":\"https:\/\/carleton.ca\/ces\/ces-scholars\/#breadcrumb\"},\"inLanguage\":\"en-US\",\"potentialAction\":[{\"@type\":\"ReadAction\",\"target\":[\"https:\/\/carleton.ca\/ces\/ces-scholars\/\"]}]},{\"@type\":\"BreadcrumbList\",\"@id\":\"https:\/\/carleton.ca\/ces\/ces-scholars\/#breadcrumb\",\"itemListElement\":[{\"@type\":\"ListItem\",\"position\":1,\"name\":\"Home\",\"item\":\"https:\/\/carleton.ca\/ces\/\"},{\"@type\":\"ListItem\",\"position\":2,\"name\":\"CES Scholars\"}]},{\"@type\":\"WebSite\",\"@id\":\"https:\/\/carleton.ca\/ces\/#website\",\"url\":\"https:\/\/carleton.ca\/ces\/\",\"name\":\"Centre for European Studies\",\"description\":\"杏吧原创 University\",\"potentialAction\":[{\"@type\":\"SearchAction\",\"target\":{\"@type\":\"EntryPoint\",\"urlTemplate\":\"https:\/\/carleton.ca\/ces\/?s={search_term_string}\"},\"query-input\":\"required name=search_term_string\"}],\"inLanguage\":\"en-US\"}]}<\/script>\n<!-- \/ Yoast SEO plugin. -->","yoast_head_json":{"title":"CES Scholars - Centre for European Studies","description":"Faculty Associates Auld, Graeme. School of Public Policy and Administration, 杏吧原创 University Adrian, Melanie. Department of Law, 杏吧原创 University.","robots":{"index":"index","follow":"follow","max-snippet":"max-snippet:-1","max-image-preview":"max-image-preview:large","max-video-preview":"max-video-preview:-1"},"canonical":"https:\/\/carleton.ca\/ces\/ces-scholars\/","twitter_misc":{"Est. reading time":"4 minutes"},"schema":{"@context":"https:\/\/schema.org","@graph":[{"@type":"WebPage","@id":"https:\/\/carleton.ca\/ces\/ces-scholars\/","url":"https:\/\/carleton.ca\/ces\/ces-scholars\/","name":"CES Scholars - Centre for European Studies","isPartOf":{"@id":"https:\/\/carleton.ca\/ces\/#website"},"datePublished":"2010-11-18T14:51:45+00:00","dateModified":"2025-10-30T18:15:10+00:00","description":"Faculty Associates Auld, Graeme. School of Public Policy and Administration, 杏吧原创 University Adrian, Melanie. Department of Law, 杏吧原创 University.","breadcrumb":{"@id":"https:\/\/carleton.ca\/ces\/ces-scholars\/#breadcrumb"},"inLanguage":"en-US","potentialAction":[{"@type":"ReadAction","target":["https:\/\/carleton.ca\/ces\/ces-scholars\/"]}]},{"@type":"BreadcrumbList","@id":"https:\/\/carleton.ca\/ces\/ces-scholars\/#breadcrumb","itemListElement":[{"@type":"ListItem","position":1,"name":"Home","item":"https:\/\/carleton.ca\/ces\/"},{"@type":"ListItem","position":2,"name":"CES Scholars"}]},{"@type":"WebSite","@id":"https:\/\/carleton.ca\/ces\/#website","url":"https:\/\/carleton.ca\/ces\/","name":"Centre for European Studies","description":"杏吧原创 University","potentialAction":[{"@type":"SearchAction","target":{"@type":"EntryPoint","urlTemplate":"https:\/\/carleton.ca\/ces\/?s={search_term_string}"},"query-input":"required name=search_term_string"}],"inLanguage":"en-US"}]}},"acf":{"banner_image_type":"hosted","banner_hosted_image":"quad-2","banner_opacity":"default","banner_button":"no"},"_links":{"self":[{"href":"https:\/\/carleton.ca\/ces\/wp-json\/wp\/v2\/pages\/286"}],"collection":[{"href":"https:\/\/carleton.ca\/ces\/wp-json\/wp\/v2\/pages"}],"about":[{"href":"https:\/\/carleton.ca\/ces\/wp-json\/wp\/v2\/types\/page"}],"author":[{"embeddable":true,"href":"https:\/\/carleton.ca\/ces\/wp-json\/wp\/v2\/users\/3"}],"replies":[{"embeddable":true,"href":"https:\/\/carleton.ca\/ces\/wp-json\/wp\/v2\/comments?post=286"}],"version-history":[{"count":8,"href":"https:\/\/carleton.ca\/ces\/wp-json\/wp\/v2\/pages\/286\/revisions"}],"predecessor-version":[{"id":14559,"href":"https:\/\/carleton.ca\/ces\/wp-json\/wp\/v2\/pages\/286\/revisions\/14559"}],"wp:attachment":[{"href":"https:\/\/carleton.ca\/ces\/wp-json\/wp\/v2\/media?parent=286"}],"curies":[{"name":"wp","href":"https:\/\/api.w.org\/{rel}","templated":true}]}}