  {"id":12170,"date":"2020-11-26T17:52:04","date_gmt":"2020-11-26T22:52:04","guid":{"rendered":"https:\/\/carleton.ca\/ces\/?page_id=12170"},"modified":"2020-12-01T17:54:33","modified_gmt":"2020-12-01T22:54:33","slug":"panelist-biography-marie-france-paquet","status":"publish","type":"page","link":"https:\/\/carleton.ca\/ces\/panelist-biography-marie-france-paquet\/","title":{"rendered":"Panelist Biography: Marie-France Paquet"},"content":{"rendered":"<p><img decoding=\"async\" loading=\"lazy\" class=\" wp-image-12171 alignleft\" src=\"https:\/\/carleton.ca\/ces\/wp-content\/uploads\/Screen-Shot-2020-11-26-at-5.49.08-PM-400x529.png\" alt=\"\" width=\"165\" height=\"218\" srcset=\"https:\/\/carleton.ca\/ces\/wp-content\/uploads\/Screen-Shot-2020-11-26-at-5.49.08-PM-400x529.png 400w, https:\/\/carleton.ca\/ces\/wp-content\/uploads\/Screen-Shot-2020-11-26-at-5.49.08-PM-240x318.png 240w, https:\/\/carleton.ca\/ces\/wp-content\/uploads\/Screen-Shot-2020-11-26-at-5.49.08-PM-160x212.png 160w, https:\/\/carleton.ca\/ces\/wp-content\/uploads\/Screen-Shot-2020-11-26-at-5.49.08-PM-360x476.png 360w, https:\/\/carleton.ca\/ces\/wp-content\/uploads\/Screen-Shot-2020-11-26-at-5.49.08-PM.png 458w\" sizes=\"(max-width: 165px) 100vw, 165px\" \/><\/p>\n<div class=\"page\" title=\"Page 1\">\n<div class=\"layoutArea\">\n<div class=\"column\">\n<p><strong>Marie-France Paquet<\/strong> is Chief Economist and Director General, Trade Analysis Bureau, at Global Affairs Canada since September 2017. As Chief Economist, she leads a team of analysts in reporting and advising on international trade, investment and economic issues. Current economic research and analysis projects include the impact of trade agreements on labor and gender, the determinants of export for SMEs, the impact of the Trade Commissioner Services on Canadian exporters\u2019 performance, or the impact of foreign direct investment on the economy.<\/p>\n<p>Mme Paquet has previously worked in other government departments and in academia. In academia, she taught economics at the School of Management at the University of Ottawa. She worked in the Economic and Fiscal Policy Branch, and in the International Trade and Finance Branch, at Finance Canada. Mme Paquet was the Director of Operations, Economic and Regional Development Policy Secretariat at the Privy Council Office, providing policy advice to the Clerk of the Privy Council and the Prime Minister on a wide range of economic and regional development issues. She also worked at Transport Canada on the coordination of the policy response to the Lac-M\u00e9gantic tragedy. Mme Paquet received her PhD in Econometrics from Universit\u00e9 Laval jointly with Universit\u00e9 Paris I Panth\u00e9on-Sorbonne.<\/p>\n<\/div>\n<\/div>\n<\/div>\n","protected":false},"excerpt":{"rendered":"<p>Marie-France Paquet is Chief Economist and Director General, Trade Analysis Bureau, at Global Affairs Canada since September 2017. As Chief Economist, she leads a team of analysts in reporting and advising on international trade, investment and economic issues. Current economic research and analysis projects include the impact of trade agreements on labor and gender, the [&hellip;]<\/p>\n","protected":false},"author":23,"featured_media":0,"parent":0,"menu_order":0,"comment_status":"closed","ping_status":"closed","template":"","meta":{"_relevanssi_hide_post":"","_relevanssi_hide_content":"","_relevanssi_pin_for_all":"","_relevanssi_pin_keywords":"","_relevanssi_unpin_keywords":"","_relevanssi_related_keywords":"","_relevanssi_related_include_ids":"","_relevanssi_related_exclude_ids":"","_relevanssi_related_no_append":"","_relevanssi_related_not_related":"","_relevanssi_related_posts":"","_relevanssi_noindex_reason":"","_mi_skip_tracking":false,"_exactmetrics_sitenote_active":false,"_exactmetrics_sitenote_note":"","_exactmetrics_sitenote_category":0,"footnotes":"","_links_to":"","_links_to_target":""},"yoast_head":"<!-- This site is optimized with the Yoast SEO plugin v21.2 - https:\/\/yoast.com\/wordpress\/plugins\/seo\/ -->\n<title>Panelist Biography: Marie-France Paquet - Centre for European Studies<\/title>\n<meta name=\"description\" content=\"Marie-France Paquet is Chief Economist and Director General, Trade Analysis Bureau, at Global Affairs Canada since September 2017. As Chief Economist, she\" \/>\n<meta name=\"robots\" content=\"index, follow, max-snippet:-1, max-image-preview:large, max-video-preview:-1\" \/>\n<link rel=\"canonical\" href=\"https:\/\/carleton.ca\/ces\/panelist-biography-marie-france-paquet\/\" \/>\n<meta name=\"twitter:label1\" content=\"Est. reading time\" \/>\n\t<meta name=\"twitter:data1\" content=\"1 minute\" \/>\n<script type=\"application\/ld+json\" class=\"yoast-schema-graph\">{\"@context\":\"https:\/\/schema.org\",\"@graph\":[{\"@type\":\"WebPage\",\"@id\":\"https:\/\/carleton.ca\/ces\/panelist-biography-marie-france-paquet\/\",\"url\":\"https:\/\/carleton.ca\/ces\/panelist-biography-marie-france-paquet\/\",\"name\":\"Panelist Biography: Marie-France Paquet - Centre for European Studies\",\"isPartOf\":{\"@id\":\"https:\/\/carleton.ca\/ces\/#website\"},\"datePublished\":\"2020-11-26T22:52:04+00:00\",\"dateModified\":\"2020-12-01T22:54:33+00:00\",\"description\":\"Marie-France Paquet is Chief Economist and Director General, Trade Analysis Bureau, at Global Affairs Canada since September 2017. As Chief Economist, she\",\"breadcrumb\":{\"@id\":\"https:\/\/carleton.ca\/ces\/panelist-biography-marie-france-paquet\/#breadcrumb\"},\"inLanguage\":\"en-US\",\"potentialAction\":[{\"@type\":\"ReadAction\",\"target\":[\"https:\/\/carleton.ca\/ces\/panelist-biography-marie-france-paquet\/\"]}]},{\"@type\":\"BreadcrumbList\",\"@id\":\"https:\/\/carleton.ca\/ces\/panelist-biography-marie-france-paquet\/#breadcrumb\",\"itemListElement\":[{\"@type\":\"ListItem\",\"position\":1,\"name\":\"Home\",\"item\":\"https:\/\/carleton.ca\/ces\/\"},{\"@type\":\"ListItem\",\"position\":2,\"name\":\"Panelist Biography: Marie-France Paquet\"}]},{\"@type\":\"WebSite\",\"@id\":\"https:\/\/carleton.ca\/ces\/#website\",\"url\":\"https:\/\/carleton.ca\/ces\/\",\"name\":\"Centre for European Studies\",\"description\":\"ÐÓ°ÉÔ­´´ University\",\"potentialAction\":[{\"@type\":\"SearchAction\",\"target\":{\"@type\":\"EntryPoint\",\"urlTemplate\":\"https:\/\/carleton.ca\/ces\/?s={search_term_string}\"},\"query-input\":\"required name=search_term_string\"}],\"inLanguage\":\"en-US\"}]}<\/script>\n<!-- \/ Yoast SEO plugin. -->","yoast_head_json":{"title":"Panelist Biography: Marie-France Paquet - Centre for European Studies","description":"Marie-France Paquet is Chief Economist and Director General, Trade Analysis Bureau, at Global Affairs Canada since September 2017. As Chief Economist, she","robots":{"index":"index","follow":"follow","max-snippet":"max-snippet:-1","max-image-preview":"max-image-preview:large","max-video-preview":"max-video-preview:-1"},"canonical":"https:\/\/carleton.ca\/ces\/panelist-biography-marie-france-paquet\/","twitter_misc":{"Est. reading time":"1 minute"},"schema":{"@context":"https:\/\/schema.org","@graph":[{"@type":"WebPage","@id":"https:\/\/carleton.ca\/ces\/panelist-biography-marie-france-paquet\/","url":"https:\/\/carleton.ca\/ces\/panelist-biography-marie-france-paquet\/","name":"Panelist Biography: Marie-France Paquet - Centre for European Studies","isPartOf":{"@id":"https:\/\/carleton.ca\/ces\/#website"},"datePublished":"2020-11-26T22:52:04+00:00","dateModified":"2020-12-01T22:54:33+00:00","description":"Marie-France Paquet is Chief Economist and Director General, Trade Analysis Bureau, at Global Affairs Canada since September 2017. As Chief Economist, she","breadcrumb":{"@id":"https:\/\/carleton.ca\/ces\/panelist-biography-marie-france-paquet\/#breadcrumb"},"inLanguage":"en-US","potentialAction":[{"@type":"ReadAction","target":["https:\/\/carleton.ca\/ces\/panelist-biography-marie-france-paquet\/"]}]},{"@type":"BreadcrumbList","@id":"https:\/\/carleton.ca\/ces\/panelist-biography-marie-france-paquet\/#breadcrumb","itemListElement":[{"@type":"ListItem","position":1,"name":"Home","item":"https:\/\/carleton.ca\/ces\/"},{"@type":"ListItem","position":2,"name":"Panelist Biography: Marie-France Paquet"}]},{"@type":"WebSite","@id":"https:\/\/carleton.ca\/ces\/#website","url":"https:\/\/carleton.ca\/ces\/","name":"Centre for European Studies","description":"ÐÓ°ÉÔ­´´ University","potentialAction":[{"@type":"SearchAction","target":{"@type":"EntryPoint","urlTemplate":"https:\/\/carleton.ca\/ces\/?s={search_term_string}"},"query-input":"required name=search_term_string"}],"inLanguage":"en-US"}]}},"acf":{"banner_image_type":"none","banner_button":"no"},"_links":{"self":[{"href":"https:\/\/carleton.ca\/ces\/wp-json\/wp\/v2\/pages\/12170"}],"collection":[{"href":"https:\/\/carleton.ca\/ces\/wp-json\/wp\/v2\/pages"}],"about":[{"href":"https:\/\/carleton.ca\/ces\/wp-json\/wp\/v2\/types\/page"}],"author":[{"embeddable":true,"href":"https:\/\/carleton.ca\/ces\/wp-json\/wp\/v2\/users\/23"}],"replies":[{"embeddable":true,"href":"https:\/\/carleton.ca\/ces\/wp-json\/wp\/v2\/comments?post=12170"}],"version-history":[{"count":4,"href":"https:\/\/carleton.ca\/ces\/wp-json\/wp\/v2\/pages\/12170\/revisions"}],"predecessor-version":[{"id":12204,"href":"https:\/\/carleton.ca\/ces\/wp-json\/wp\/v2\/pages\/12170\/revisions\/12204"}],"wp:attachment":[{"href":"https:\/\/carleton.ca\/ces\/wp-json\/wp\/v2\/media?parent=12170"}],"curies":[{"name":"wp","href":"https:\/\/api.w.org\/{rel}","templated":true}]}}