  {"id":11140,"date":"2019-05-16T11:15:22","date_gmt":"2019-05-16T15:15:22","guid":{"rendered":"https:\/\/carleton.ca\/ces\/?page_id=11140"},"modified":"2019-11-27T22:57:17","modified_gmt":"2019-11-28T03:57:17","slug":"brexit-project","status":"publish","type":"page","link":"https:\/\/carleton.ca\/ces\/brexit-project\/","title":{"rendered":"The Reconfiguration of Canada-Europe Relations after Brexit"},"content":{"rendered":"<p>This project examines how <strong>Canada&#8217;s transatlantic relationship<\/strong> with various partners in Europe is affected by <strong>Brexit<\/strong> &#8212; the process of negotiating and implementing the withdrawal of the United Kingdom (UK) from the European Union (EU). The project focuses on four aspects of the Canada-Europe relationship: (a) trade and investment; (b) security and defence; (c) environment and energy; as well (d) as political relations and identities. Please click <a href=\"https:\/\/carleton.ca\/ces\/brexit-project\/project-description\/\" target=\"_blank\" rel=\"noopener noreferrer\">here<\/a>\u00a0for a more detailed project description.<\/p>\n<p>The study is jointly conducted by <strong>four Canadian scholars of European affairs and Canada-Europe relations<\/strong>: Achim Hurrelmann (杏吧原创 University, principal investigator), Petra Dolata (University of Calgary), Patrick Leblond (University of Ottawa) and Fr\u00e9d\u00e9ric M\u00e9rand (Universit\u00e9 de Montr\u00e9al). The project is funded for a five-year period (2019-2024) through an Insight Grant from the Social Sciences and Humanities Research Council of Canada (SSHRC). Please click <a href=\"https:\/\/carleton.ca\/ces\/brexit-project\/researchers\/\" target=\"_blank\" rel=\"noopener noreferrer\">here<\/a> for further information on the participating researchers.<\/p>\n<p><strong>Project publications and communication<\/strong>\u00a0are available <a href=\"https:\/\/carleton.ca\/ces\/brexit-project\/publications-and-twitter-feed\/\" target=\"_blank\" rel=\"noopener noreferrer\">here<\/a>.<\/p>\n<p>For more information, please <a href=\"&#x6d;&#x61;&#x69;&#x6c;&#x74;&#x6f;&#x3a;&#97;&#99;&#104;&#105;&#109;&#46;hur&#x72;&#x65;&#x6c;&#x6d;&#x61;&#x6e;&#x6e;&#x40;&#99;&#97;&#114;&#108;&#101;ton&#46;&#x63;&#x61;\">email the principal investigator<\/a>.<\/p>\n","protected":false},"excerpt":{"rendered":"<p>This project examines how Canada&#8217;s transatlantic relationship with various partners in Europe is affected by Brexit &#8212; the process of negotiating and implementing the withdrawal of the United Kingdom (UK) from the European Union (EU). The project focuses on four aspects of the Canada-Europe relationship: (a) trade and investment; (b) security and defence; (c) environment [&hellip;]<\/p>\n","protected":false},"author":57,"featured_media":0,"parent":0,"menu_order":0,"comment_status":"closed","ping_status":"closed","template":"","meta":{"_relevanssi_hide_post":"","_relevanssi_hide_content":"","_relevanssi_pin_for_all":"","_relevanssi_pin_keywords":"","_relevanssi_unpin_keywords":"","_relevanssi_related_keywords":"","_relevanssi_related_include_ids":"","_relevanssi_related_exclude_ids":"","_relevanssi_related_no_append":"","_relevanssi_related_not_related":"","_relevanssi_related_posts":"","_relevanssi_noindex_reason":"","_mi_skip_tracking":false,"_exactmetrics_sitenote_active":false,"_exactmetrics_sitenote_note":"","_exactmetrics_sitenote_category":0,"footnotes":"","_links_to":"","_links_to_target":""},"yoast_head":"<!-- This site is optimized with the Yoast SEO plugin v21.2 - https:\/\/yoast.com\/wordpress\/plugins\/seo\/ -->\n<title>The Reconfiguration of Canada-Europe Relations after Brexit - Centre for European Studies<\/title>\n<meta name=\"description\" content=\"This project examines how Canada&#039;s transatlantic relationship with various partners in Europe is affected by Brexit -- the process of negotiating and\" \/>\n<meta name=\"robots\" content=\"index, follow, max-snippet:-1, max-image-preview:large, max-video-preview:-1\" \/>\n<link rel=\"canonical\" href=\"https:\/\/carleton.ca\/ces\/brexit-project\/\" \/>\n<meta name=\"twitter:label1\" content=\"Est. reading time\" \/>\n\t<meta name=\"twitter:data1\" content=\"1 minute\" \/>\n<script type=\"application\/ld+json\" class=\"yoast-schema-graph\">{\"@context\":\"https:\/\/schema.org\",\"@graph\":[{\"@type\":\"WebPage\",\"@id\":\"https:\/\/carleton.ca\/ces\/brexit-project\/\",\"url\":\"https:\/\/carleton.ca\/ces\/brexit-project\/\",\"name\":\"The Reconfiguration of Canada-Europe Relations after Brexit - Centre for European Studies\",\"isPartOf\":{\"@id\":\"https:\/\/carleton.ca\/ces\/#website\"},\"datePublished\":\"2019-05-16T15:15:22+00:00\",\"dateModified\":\"2019-11-28T03:57:17+00:00\",\"description\":\"This project examines how Canada's transatlantic relationship with various partners in Europe is affected by Brexit -- the process of negotiating and\",\"breadcrumb\":{\"@id\":\"https:\/\/carleton.ca\/ces\/brexit-project\/#breadcrumb\"},\"inLanguage\":\"en-US\",\"potentialAction\":[{\"@type\":\"ReadAction\",\"target\":[\"https:\/\/carleton.ca\/ces\/brexit-project\/\"]}]},{\"@type\":\"BreadcrumbList\",\"@id\":\"https:\/\/carleton.ca\/ces\/brexit-project\/#breadcrumb\",\"itemListElement\":[{\"@type\":\"ListItem\",\"position\":1,\"name\":\"Home\",\"item\":\"https:\/\/carleton.ca\/ces\/\"},{\"@type\":\"ListItem\",\"position\":2,\"name\":\"The Reconfiguration of Canada-Europe Relations after Brexit\"}]},{\"@type\":\"WebSite\",\"@id\":\"https:\/\/carleton.ca\/ces\/#website\",\"url\":\"https:\/\/carleton.ca\/ces\/\",\"name\":\"Centre for European Studies\",\"description\":\"杏吧原创 University\",\"potentialAction\":[{\"@type\":\"SearchAction\",\"target\":{\"@type\":\"EntryPoint\",\"urlTemplate\":\"https:\/\/carleton.ca\/ces\/?s={search_term_string}\"},\"query-input\":\"required name=search_term_string\"}],\"inLanguage\":\"en-US\"}]}<\/script>\n<!-- \/ Yoast SEO plugin. -->","yoast_head_json":{"title":"The Reconfiguration of Canada-Europe Relations after Brexit - Centre for European Studies","description":"This project examines how Canada's transatlantic relationship with various partners in Europe is affected by Brexit -- the process of negotiating and","robots":{"index":"index","follow":"follow","max-snippet":"max-snippet:-1","max-image-preview":"max-image-preview:large","max-video-preview":"max-video-preview:-1"},"canonical":"https:\/\/carleton.ca\/ces\/brexit-project\/","twitter_misc":{"Est. reading time":"1 minute"},"schema":{"@context":"https:\/\/schema.org","@graph":[{"@type":"WebPage","@id":"https:\/\/carleton.ca\/ces\/brexit-project\/","url":"https:\/\/carleton.ca\/ces\/brexit-project\/","name":"The Reconfiguration of Canada-Europe Relations after Brexit - Centre for European Studies","isPartOf":{"@id":"https:\/\/carleton.ca\/ces\/#website"},"datePublished":"2019-05-16T15:15:22+00:00","dateModified":"2019-11-28T03:57:17+00:00","description":"This project examines how Canada's transatlantic relationship with various partners in Europe is affected by Brexit -- the process of negotiating and","breadcrumb":{"@id":"https:\/\/carleton.ca\/ces\/brexit-project\/#breadcrumb"},"inLanguage":"en-US","potentialAction":[{"@type":"ReadAction","target":["https:\/\/carleton.ca\/ces\/brexit-project\/"]}]},{"@type":"BreadcrumbList","@id":"https:\/\/carleton.ca\/ces\/brexit-project\/#breadcrumb","itemListElement":[{"@type":"ListItem","position":1,"name":"Home","item":"https:\/\/carleton.ca\/ces\/"},{"@type":"ListItem","position":2,"name":"The Reconfiguration of Canada-Europe Relations after Brexit"}]},{"@type":"WebSite","@id":"https:\/\/carleton.ca\/ces\/#website","url":"https:\/\/carleton.ca\/ces\/","name":"Centre for European Studies","description":"杏吧原创 University","potentialAction":[{"@type":"SearchAction","target":{"@type":"EntryPoint","urlTemplate":"https:\/\/carleton.ca\/ces\/?s={search_term_string}"},"query-input":"required name=search_term_string"}],"inLanguage":"en-US"}]}},"acf":{"banner_image_type":"hosted","banner_button":"no","banner_hosted_image":"world-travel","banner_opacity":"default"},"_links":{"self":[{"href":"https:\/\/carleton.ca\/ces\/wp-json\/wp\/v2\/pages\/11140"}],"collection":[{"href":"https:\/\/carleton.ca\/ces\/wp-json\/wp\/v2\/pages"}],"about":[{"href":"https:\/\/carleton.ca\/ces\/wp-json\/wp\/v2\/types\/page"}],"author":[{"embeddable":true,"href":"https:\/\/carleton.ca\/ces\/wp-json\/wp\/v2\/users\/57"}],"replies":[{"embeddable":true,"href":"https:\/\/carleton.ca\/ces\/wp-json\/wp\/v2\/comments?post=11140"}],"version-history":[{"count":3,"href":"https:\/\/carleton.ca\/ces\/wp-json\/wp\/v2\/pages\/11140\/revisions"}],"predecessor-version":[{"id":11667,"href":"https:\/\/carleton.ca\/ces\/wp-json\/wp\/v2\/pages\/11140\/revisions\/11667"}],"wp:attachment":[{"href":"https:\/\/carleton.ca\/ces\/wp-json\/wp\/v2\/media?parent=11140"}],"curies":[{"name":"wp","href":"https:\/\/api.w.org\/{rel}","templated":true}]}}