  {"id":775,"date":"2010-12-08T16:36:03","date_gmt":"2010-12-08T20:36:03","guid":{"rendered":"http:\/\/carleton.ca\/ces\/eulearning\/"},"modified":"2023-12-13T15:38:39","modified_gmt":"2023-12-13T20:38:39","slug":"spanish","status":"publish","type":"page","link":"https:\/\/carleton.ca\/ces\/eulearning\/culture\/languages-of-the-eu\/spanish\/","title":{"rendered":"Spanish"},"content":{"rendered":"<div id=\"attachment_800\" class=\"wp-caption alignright\" style=\"width: 240px\"><img decoding=\"async\" loading=\"lazy\" class=\"size-full wp-image-800 \" title=\"bullfight\" src=\"http:\/\/carleton.ca\/ces\/eulearning\/wp-content\/uploads\/bullfight.jpg\" alt=\"\" width=\"240\" height=\"180\" srcset=\"https:\/\/carleton.ca\/ces\/eulearning\/wp-content\/uploads\/bullfight.jpg 400w, https:\/\/carleton.ca\/ces\/eulearning\/wp-content\/uploads\/bullfight-160x120.jpg 160w, https:\/\/carleton.ca\/ces\/eulearning\/wp-content\/uploads\/bullfight-240x180.jpg 240w, https:\/\/carleton.ca\/ces\/eulearning\/wp-content\/uploads\/bullfight-360x270.jpg 360w\" sizes=\"(max-width: 240px) 100vw, 240px\" \/><p class=\"wp-caption-text\">Source: Lonely Planet Images (Photographer: Guy Moberly)<\/p><\/div>\n<p>Spanish is classified as an Ibero-Romance language and is most closely related to Catalan, Galician and Portuguese. Spanish uses the Latin alphabet, and the acute accent on vowels to indicate stressed syllables. The letters \u00d1 and \u00f1 are exclusive to Spanish and represent a single letter and not a modification of n. Spanish and Catalan are the only languages to use the opening question and exclamation marks \u00bf \u00a1 [<a href=\"#one\">1<\/a>]<\/p>\n<p>Spanish is the official language in Spain, including the Balearic and Canary Islands and the Northern African enclaves of Ceuta and Melilla. It is the official language in 20 countries worldwide, many of them in Latin America, but also in Africa (Equatorial Guinea) [<a href=\"#two\">2<\/a>] [<a href=\"#three\">3<\/a>]. Spanish is spoken as a first language by about 352 million people, or by more than 417 million, including non-native speakers (according to 1999 estimates). It is an official language of the European Union, the United Nations and the African Union [<a href=\"#four\">4<\/a>].<\/p>\n<p>Although the use of Spanish is widespread, there are many pronounced dialectal differences among the various regions of Spain and Latin America in pronunciation, grammar, and vocabulary. For example:<\/p>\n<p><em>Pronunciation <\/em><br \/>\nLatin American dialects generally lack the sound &#8220;th&#8221; which is so prominent in Iberian Spanish. Speakers of Iberian Spanish pronounce words such as <strong><em> ciudad<\/em><\/strong> (city) as <em>thiudad<\/em>, whereas speakers of Latin American Spanish generally pronounce it as <em>siudad<\/em>.<\/p>\n<p><em>Grammar <\/em><br \/>\nLatin American Spanish has only one form of the second person plural &#8212; ustedes &#8212; which is used for both informal and formal address. In contrast, Iberian Spanish has two forms: <em><strong>ustedes <\/strong><\/em>(formal) and <em><strong>vosotros<\/strong><\/em> (informal).<\/p>\n<p><em>Vocabulary<\/em><strong><br \/>\n<\/strong> A Spanish word in one Spanish-speaking country can have a completely different meaning in another Spanish-speaking country, or may not be used at all. For instance, the word for &#8220;computer&#8221; is <em><strong>ordenador<\/strong><\/em>\u00a0in Spain, but <strong><em>computadora<\/em><\/strong> in Latin America. The word for &#8220;bus&#8221; is <strong><em>guagua<\/em><\/strong> in Puerto Rico but in Chile it means &#8220;baby&#8221; [<a href=\"#five\">5<\/a>].<\/p>\n<p><strong>Useful Expressions:<\/strong><\/p>\n<table class=\"cutable\" border=\"0\" cellspacing=\"0\" cellpadding=\"0\">\n<tbody>\n<tr>\n<td width=\"41%\">\n<div>Hello<\/div>\n<\/td>\n<td width=\"59%\">\n<div>Hola<\/div>\n<\/td>\n<\/tr>\n<tr>\n<td>\n<div>Goodbye<\/div>\n<\/td>\n<td>\n<div>Adi\u00f3s<\/div>\n<\/td>\n<\/tr>\n<tr>\n<td>\n<div>How are you?<\/div>\n<\/td>\n<td>\n<div>\u00bfC\u00f3mo est\u00e1 usted? (formal) \u00bfC\u00f3mo est\u00e1s?\u00a0 (informal)<\/div>\n<\/td>\n<\/tr>\n<tr>\n<td>\n<div>Excuse me<\/div>\n<\/td>\n<td>\n<div>Perd\u00f3n\/Lo siento<\/div>\n<\/td>\n<\/tr>\n<tr>\n<td>\n<div>Do you speak English?<\/div>\n<\/td>\n<td>\n<div>\u00bfHabla ingl\u00e9s?<\/div>\n<\/td>\n<\/tr>\n<tr>\n<td>\n<div>Yes\/no<\/div>\n<\/td>\n<td>\n<div>S\u00ed\/No<\/div>\n<\/td>\n<\/tr>\n<tr>\n<td>\n<div>Thank you<\/div>\n<\/td>\n<td>\n<div>Gracias<\/div>\n<\/td>\n<\/tr>\n<tr>\n<td>\n<div>My name is&#8230;<\/div>\n<\/td>\n<td>\n<div>Me llamo&#8230;<\/div>\n<\/td>\n<\/tr>\n<tr>\n<td>\n<div>I&#8217;m from Canada.<\/div>\n<\/td>\n<td>\n<div>Yo soy de Canada.<\/div>\n<\/td>\n<\/tr>\n<tr>\n<td>\n<div>I&#8217;m lost. Where is the nearest telephone\/train station\/hospital?<\/div>\n<\/td>\n<td>Estoy pierden. \u00bfD\u00f3nde est\u00e1 el tel\u00e9fono\/la estaci\u00f3n de tren\/el hospital m\u00e1s cercano?<\/td>\n<\/tr>\n<tr>\n<td>\n<div>How much does it cost?<\/div>\n<\/td>\n<td>\n<div>\u00bfCu\u00e1nto cuesta?<\/div>\n<\/td>\n<\/tr>\n<\/tbody>\n<\/table>\n<p><strong>Language Resources:<\/strong><\/p>\n<p><a href=\"http:\/\/carleton.ca\/ces\/eulearning\/wp-content\/uploads\/Spanish_dialogue.pdf\" target=\"_blank\" rel=\"noopener noreferrer\">Try out this Spanish dialogue: <strong><strong>Uni\u00f3n Europea: Un modelo para Norte Am\u00e9rica<\/strong><\/strong><\/a><\/p>\n<p><a href=\"http:\/\/www.bbc.co.uk\/languages\/spanish\/index.shtml\" target=\"_blank\" rel=\"noopener noreferrer\">Learn Spanish online with BBC <\/a><br \/>\n<a href=\"http:\/\/www.wordreference.com\/\" target=\"_blank\" rel=\"noopener noreferrer\">WordReference &#8211; Online Spanish dictionary\/translation tool <\/a><br \/>\n<a href=\"http:\/\/www.ultralingua.net\/index.html?action=conjugate&amp;text=ser&amp;clang=spanish&amp;go=on\" target=\"_blank\" rel=\"noopener noreferrer\">Ultralingua web &#8211; Spanish language site with conjugation, translation and reference tools<\/a><br \/>\n<a href=\"http:\/\/www.spanishpronto.com\/spanishpronto\/spanishtools.html\" target=\"_blank\" rel=\"noopener noreferrer\">Spanish Pronto &#8211; Spanish language learning portal<\/a><\/p>\n<p><strong>Culture <em>en espa\u00f1ol<\/em>:<\/strong><\/p>\n<ul>\n<li><a href=\"http:\/\/contenidos.educarex.es\/mci\/2004\/30\/WebQuest\/faseprevia_archivos\/www.sispain.org\/english\/\" target=\"_blank\" rel=\"noopener noreferrer\">S\u00ed, Spain <\/a>| <a href=\"http:\/\/contenidos.educarex.es\/mci\/2004\/30\/WebQuest\/faseprevia_archivos\/www.sispain.org\/french\/index.html\" target=\"_blank\" rel=\"noopener noreferrer\">FR<\/a> &#8211; A multilingual source for information about Spanish language, culture, history and geography<\/li>\n<li>Click <a href=\"http:\/\/jb002.tripod.com\/News.html\" target=\"_blank\" rel=\"noopener noreferrer\">here<\/a> for a comprehensive list of links to Spanish language newspapers and magazines from around the world<\/li>\n<li>Tempted by <em>tapas<\/em>? Visit <a href=\"https:\/\/www.zomato.com\/ottawa\">Ottawa Restaurants online<\/a> and use the &#8220;list by type&#8221; search feature to find restaurants in the Ottawa area specializing in authentic Spanish cuisine. <em>Buen provecho!<\/em><\/li>\n<li>Interested in learning Spanish or studying in Spain? Visit the <a href=\"http:\/\/www.educacion.gob.es\/eeuu\/convocatorias-programas.html\" target=\"_blank\" rel=\"noopener noreferrer\">Spanish Embassy&#8217;s Education Office<\/a> online to access a comprehensive list of courses and programs offered in Canada, Spain and around the world!<\/li>\n<li>Looking for a Spanish class in the Ottawa area? Check out the Ottawa-杏吧原创 District School Board&#8217;s (OCDSB)<a href=\"https:\/\/www.ocdsb.ca\/cms\/One.aspx?portalId=55478&amp;pageId=214042\"> International Languages Program<\/a>.<\/li>\n<\/ul>\n<p>[1] <a name=\"one\"><\/a>Source: &#8220;Languages Across Europe: Spanish&#8221;<em> BBC online <\/em>Available online at <a href=\"http:\/\/www.bbc.co.uk\/languages\/european_languages\/languages\/spanish.shtml\" target=\"_blank\" rel=\"noopener noreferrer\">http:\/\/www.bbc.co.uk\/languages\/european_languages\/languages\/spanish.shtml<\/a><\/p>\n<p>[2]<a name=\"two\"><\/a> Source: &#8220;Languages of the World: Spanish&#8221; <em>National Virtual Translation Center <\/em> <a href=\"http:\/\/www.nvtc.gov\/lotw\/months\/january\/Spanish.html\" target=\"_blank\" rel=\"noopener noreferrer\">http:\/\/www.nvtc.gov\/lotw\/months\/january\/Spanish.html<\/a><\/p>\n<p>[3] <a name=\"three\"><\/a> Source: &#8220;Spanish Facts and Stats&#8221; <em>杏吧原创 online <\/em>Available online at <a href=\"http:\/\/spanish.about.com.\/library\/weekly\/aa070300a.htm\" target=\"_blank\" rel=\"noopener noreferrer\">http:\/\/spanish.about.com.\/library\/weekly\/aa070300a.htm<\/a><\/p>\n<p>[4]<a name=\"four\"><\/a> Source: &#8220;Languages of the World: Spanish&#8221; <em>National Virtual Translation Center <\/em> <a href=\"http:\/\/www.nvtc.gov\/lotw\/months\/january\/Spanish.html\" target=\"_blank\" rel=\"noopener noreferrer\">http:\/\/www.nvtc.gov\/lotw\/months\/january\/Spanish.html<\/a><\/p>\n<p>[5]<a name=\"five\"><\/a> <em>ibid<\/em><\/p>\n","protected":false},"excerpt":{"rendered":"<p>Spanish is classified as an Ibero-Romance language and is most closely related to Catalan, Galician and Portuguese. Spanish uses the Latin alphabet, and the acute accent on vowels to indicate stressed syllables. The letters \u00d1 and \u00f1 are exclusive to Spanish and represent a single letter and not a modification of n. Spanish and Catalan [&hellip;]<\/p>\n","protected":false},"author":3,"featured_media":0,"parent":97,"menu_order":0,"comment_status":"closed","ping_status":"closed","template":"","meta":{"_relevanssi_hide_post":"","_relevanssi_hide_content":"","_relevanssi_pin_for_all":"","_relevanssi_pin_keywords":"","_relevanssi_unpin_keywords":"","_relevanssi_related_keywords":"","_relevanssi_related_include_ids":"","_relevanssi_related_exclude_ids":"","_relevanssi_related_no_append":"","_relevanssi_related_not_related":"","_relevanssi_related_posts":"","_relevanssi_noindex_reason":"","_mi_skip_tracking":false,"_exactmetrics_sitenote_active":false,"_exactmetrics_sitenote_note":"","_exactmetrics_sitenote_category":0,"footnotes":"","_links_to":"","_links_to_target":""},"yoast_head":"<!-- This site is optimized with the Yoast SEO plugin v21.2 - https:\/\/yoast.com\/wordpress\/plugins\/seo\/ -->\n<title>Spanish - EU Learning<\/title>\n<meta name=\"description\" content=\"Spanish is classified as an Ibero-Romance language and is most closely related to Catalan, Galician and Portuguese. Spanish uses the Latin alphabet, and\" \/>\n<meta name=\"robots\" content=\"index, follow, max-snippet:-1, max-image-preview:large, max-video-preview:-1\" \/>\n<link rel=\"canonical\" href=\"https:\/\/carleton.ca\/ces\/eulearning\/culture\/languages-of-the-eu\/spanish\/\" \/>\n<meta name=\"twitter:label1\" content=\"Est. reading time\" \/>\n\t<meta name=\"twitter:data1\" content=\"3 minutes\" \/>\n<script type=\"application\/ld+json\" class=\"yoast-schema-graph\">{\"@context\":\"https:\/\/schema.org\",\"@graph\":[{\"@type\":\"WebPage\",\"@id\":\"https:\/\/carleton.ca\/ces\/eulearning\/culture\/languages-of-the-eu\/spanish\/\",\"url\":\"https:\/\/carleton.ca\/ces\/eulearning\/culture\/languages-of-the-eu\/spanish\/\",\"name\":\"Spanish - EU Learning\",\"isPartOf\":{\"@id\":\"https:\/\/carleton.ca\/ces\/eulearning\/#website\"},\"datePublished\":\"2010-12-08T20:36:03+00:00\",\"dateModified\":\"2023-12-13T20:38:39+00:00\",\"description\":\"Spanish is classified as an Ibero-Romance language and is most closely related to Catalan, Galician and Portuguese. Spanish uses the Latin alphabet, and\",\"breadcrumb\":{\"@id\":\"https:\/\/carleton.ca\/ces\/eulearning\/culture\/languages-of-the-eu\/spanish\/#breadcrumb\"},\"inLanguage\":\"en-US\",\"potentialAction\":[{\"@type\":\"ReadAction\",\"target\":[\"https:\/\/carleton.ca\/ces\/eulearning\/culture\/languages-of-the-eu\/spanish\/\"]}]},{\"@type\":\"BreadcrumbList\",\"@id\":\"https:\/\/carleton.ca\/ces\/eulearning\/culture\/languages-of-the-eu\/spanish\/#breadcrumb\",\"itemListElement\":[{\"@type\":\"ListItem\",\"position\":1,\"name\":\"Home\",\"item\":\"https:\/\/carleton.ca\/ces\/eulearning\/\"},{\"@type\":\"ListItem\",\"position\":2,\"name\":\"Culture\",\"item\":\"https:\/\/carleton.ca\/ces\/eulearning\/culture\/\"},{\"@type\":\"ListItem\",\"position\":3,\"name\":\"Languages of the EU\",\"item\":\"https:\/\/carleton.ca\/ces\/eulearning\/culture\/languages-of-the-eu\/\"},{\"@type\":\"ListItem\",\"position\":4,\"name\":\"Spanish\"}]},{\"@type\":\"WebSite\",\"@id\":\"https:\/\/carleton.ca\/ces\/eulearning\/#website\",\"url\":\"https:\/\/carleton.ca\/ces\/eulearning\/\",\"name\":\"EU Learning\",\"description\":\"杏吧原创 University\",\"potentialAction\":[{\"@type\":\"SearchAction\",\"target\":{\"@type\":\"EntryPoint\",\"urlTemplate\":\"https:\/\/carleton.ca\/ces\/eulearning\/?s={search_term_string}\"},\"query-input\":\"required name=search_term_string\"}],\"inLanguage\":\"en-US\"}]}<\/script>\n<!-- \/ Yoast SEO plugin. -->","yoast_head_json":{"title":"Spanish - EU Learning","description":"Spanish is classified as an Ibero-Romance language and is most closely related to Catalan, Galician and Portuguese. Spanish uses the Latin alphabet, and","robots":{"index":"index","follow":"follow","max-snippet":"max-snippet:-1","max-image-preview":"max-image-preview:large","max-video-preview":"max-video-preview:-1"},"canonical":"https:\/\/carleton.ca\/ces\/eulearning\/culture\/languages-of-the-eu\/spanish\/","twitter_misc":{"Est. reading time":"3 minutes"},"schema":{"@context":"https:\/\/schema.org","@graph":[{"@type":"WebPage","@id":"https:\/\/carleton.ca\/ces\/eulearning\/culture\/languages-of-the-eu\/spanish\/","url":"https:\/\/carleton.ca\/ces\/eulearning\/culture\/languages-of-the-eu\/spanish\/","name":"Spanish - EU Learning","isPartOf":{"@id":"https:\/\/carleton.ca\/ces\/eulearning\/#website"},"datePublished":"2010-12-08T20:36:03+00:00","dateModified":"2023-12-13T20:38:39+00:00","description":"Spanish is classified as an Ibero-Romance language and is most closely related to Catalan, Galician and Portuguese. Spanish uses the Latin alphabet, and","breadcrumb":{"@id":"https:\/\/carleton.ca\/ces\/eulearning\/culture\/languages-of-the-eu\/spanish\/#breadcrumb"},"inLanguage":"en-US","potentialAction":[{"@type":"ReadAction","target":["https:\/\/carleton.ca\/ces\/eulearning\/culture\/languages-of-the-eu\/spanish\/"]}]},{"@type":"BreadcrumbList","@id":"https:\/\/carleton.ca\/ces\/eulearning\/culture\/languages-of-the-eu\/spanish\/#breadcrumb","itemListElement":[{"@type":"ListItem","position":1,"name":"Home","item":"https:\/\/carleton.ca\/ces\/eulearning\/"},{"@type":"ListItem","position":2,"name":"Culture","item":"https:\/\/carleton.ca\/ces\/eulearning\/culture\/"},{"@type":"ListItem","position":3,"name":"Languages of the EU","item":"https:\/\/carleton.ca\/ces\/eulearning\/culture\/languages-of-the-eu\/"},{"@type":"ListItem","position":4,"name":"Spanish"}]},{"@type":"WebSite","@id":"https:\/\/carleton.ca\/ces\/eulearning\/#website","url":"https:\/\/carleton.ca\/ces\/eulearning\/","name":"EU Learning","description":"杏吧原创 University","potentialAction":[{"@type":"SearchAction","target":{"@type":"EntryPoint","urlTemplate":"https:\/\/carleton.ca\/ces\/eulearning\/?s={search_term_string}"},"query-input":"required name=search_term_string"}],"inLanguage":"en-US"}]}},"acf":{"banner_image_type":"none","banner_button":"no"},"_links":{"self":[{"href":"https:\/\/carleton.ca\/ces\/eulearning\/wp-json\/wp\/v2\/pages\/775"}],"collection":[{"href":"https:\/\/carleton.ca\/ces\/eulearning\/wp-json\/wp\/v2\/pages"}],"about":[{"href":"https:\/\/carleton.ca\/ces\/eulearning\/wp-json\/wp\/v2\/types\/page"}],"author":[{"embeddable":true,"href":"https:\/\/carleton.ca\/ces\/eulearning\/wp-json\/wp\/v2\/users\/3"}],"replies":[{"embeddable":true,"href":"https:\/\/carleton.ca\/ces\/eulearning\/wp-json\/wp\/v2\/comments?post=775"}],"version-history":[{"count":3,"href":"https:\/\/carleton.ca\/ces\/eulearning\/wp-json\/wp\/v2\/pages\/775\/revisions"}],"predecessor-version":[{"id":3560,"href":"https:\/\/carleton.ca\/ces\/eulearning\/wp-json\/wp\/v2\/pages\/775\/revisions\/3560"}],"up":[{"embeddable":true,"href":"https:\/\/carleton.ca\/ces\/eulearning\/wp-json\/wp\/v2\/pages\/97"}],"wp:attachment":[{"href":"https:\/\/carleton.ca\/ces\/eulearning\/wp-json\/wp\/v2\/media?parent=775"}],"curies":[{"name":"wp","href":"https:\/\/api.w.org\/{rel}","templated":true}]}}