  {"id":7541,"date":"2023-04-13T15:16:17","date_gmt":"2023-04-13T19:16:17","guid":{"rendered":"https:\/\/carleton.ca\/artel\/?page_id=7541"},"modified":"2023-05-01T12:52:59","modified_gmt":"2023-05-01T16:52:59","slug":"thesis-to-practice-student-series","status":"publish","type":"page","link":"https:\/\/carleton.ca\/artel\/thesis-to-practice-student-series\/","title":{"rendered":"Thesis to Practice: Student Series"},"content":{"rendered":"<section class=\"content-wrapper content-wrapper--shortcode\"><div class=\"u-post-reload\"><div class=\"news news--archive u-width-limited\"><a class=\"news__link  news__link--archive\" href=\"https:\/\/carleton.ca\/artel\/2023\/development-of-mix-design-guidelines-for-high-performance-rap-predominant-asphalt-mixtures\/\"><p class=\"news__date news__date--archive\">Thursday, April 27, 2023<\/p><h3 class=\"news__heading u-hide-in-toc news__heading--archive\" rel=\"bookmark\">&#8220;Development of Mix Design Guidelines for High Performance RAP-Predominant Asphalt Mixtures&#8221;<\/h3><p class=\"news__excerpt news__excerpt--archive\">By Dr. Reza Imaninasab on 04\/26\/2023. Reza Imaninasab received his PhD from \u00c9cole de technologie sup\u00e9rieure (\u00c9TS) in March 2023 and his MSc from Iran University of Technology in September 2013. During his PhD, he focused on the mix design of asphalt mixtures containing RAP contents of over 50%. He has also published 23... <span class=\"news__more-link\">More<\/span><\/p><\/a><\/div><div class=\"news news--archive u-width-limited\"><a class=\"news__link  news__link--archive\" href=\"https:\/\/carleton.ca\/artel\/2023\/the-impact-of-historical-heat-waves-on-the-predicted-performance-of-canadian-flexible-pavement\/\"><p class=\"news__date news__date--archive\">Wednesday, April 12, 2023<\/p><h3 class=\"news__heading u-hide-in-toc news__heading--archive\" rel=\"bookmark\">\u201cThe Impact of historical heat waves on the predicted performance of Canadian flexible pavement\u201d<\/h3><p class=\"news__excerpt news__excerpt--archive\">By Alyssa Bernier on 04\/12\/2023. Alyssa Bernier is a Master&#039;s student at 杏吧原创 University graduating in Spring 2023. She completed her Bachelor of Civil Engineering at the University of New Brunswick. During her time there, Alyssa gained experience conducting field sampling and quality control testing on various construction materials,... <span class=\"news__more-link\">More<\/span><\/p><\/a><\/div><\/div><div class=\"pagination u-clearfix\"><\/div><\/section>\n","protected":false},"excerpt":{"rendered":"","protected":false},"author":8,"featured_media":0,"parent":0,"menu_order":0,"comment_status":"closed","ping_status":"closed","template":"","meta":{"_relevanssi_hide_post":"","_relevanssi_hide_content":"","_relevanssi_pin_for_all":"","_relevanssi_pin_keywords":"","_relevanssi_unpin_keywords":"","_relevanssi_related_keywords":"","_relevanssi_related_include_ids":"","_relevanssi_related_exclude_ids":"","_relevanssi_related_no_append":"","_relevanssi_related_not_related":"","_relevanssi_related_posts":"","_relevanssi_noindex_reason":"","_mi_skip_tracking":false,"_exactmetrics_sitenote_active":false,"_exactmetrics_sitenote_note":"","_exactmetrics_sitenote_category":0,"_monsterinsights_sitenote_active":false,"_monsterinsights_sitenote_note":"","_monsterinsights_sitenote_category":0,"footnotes":"","_links_to":"","_links_to_target":""},"yoast_head":"<!-- This site is optimized with the Yoast SEO plugin v21.2 - https:\/\/yoast.com\/wordpress\/plugins\/seo\/ -->\n<title>Thesis to Practice: Student Series - Advanced Road and Transportation Engineering Lab<\/title>\n<meta name=\"robots\" content=\"index, follow, max-snippet:-1, max-image-preview:large, max-video-preview:-1\" \/>\n<link rel=\"canonical\" href=\"https:\/\/carleton.ca\/artel\/thesis-to-practice-student-series\/\" \/>\n<meta name=\"twitter:label1\" content=\"Est. reading time\" \/>\n\t<meta name=\"twitter:data1\" content=\"1 minute\" \/>\n<script type=\"application\/ld+json\" class=\"yoast-schema-graph\">{\"@context\":\"https:\/\/schema.org\",\"@graph\":[{\"@type\":\"WebPage\",\"@id\":\"https:\/\/carleton.ca\/artel\/thesis-to-practice-student-series\/\",\"url\":\"https:\/\/carleton.ca\/artel\/thesis-to-practice-student-series\/\",\"name\":\"Thesis to Practice: Student Series - Advanced Road and Transportation Engineering Lab\",\"isPartOf\":{\"@id\":\"https:\/\/carleton.ca\/artel\/#website\"},\"datePublished\":\"2023-04-13T19:16:17+00:00\",\"dateModified\":\"2023-05-01T16:52:59+00:00\",\"breadcrumb\":{\"@id\":\"https:\/\/carleton.ca\/artel\/thesis-to-practice-student-series\/#breadcrumb\"},\"inLanguage\":\"en-US\",\"potentialAction\":[{\"@type\":\"ReadAction\",\"target\":[\"https:\/\/carleton.ca\/artel\/thesis-to-practice-student-series\/\"]}]},{\"@type\":\"BreadcrumbList\",\"@id\":\"https:\/\/carleton.ca\/artel\/thesis-to-practice-student-series\/#breadcrumb\",\"itemListElement\":[{\"@type\":\"ListItem\",\"position\":1,\"name\":\"Home\",\"item\":\"https:\/\/carleton.ca\/artel\/\"},{\"@type\":\"ListItem\",\"position\":2,\"name\":\"Thesis to Practice: Student Series\"}]},{\"@type\":\"WebSite\",\"@id\":\"https:\/\/carleton.ca\/artel\/#website\",\"url\":\"https:\/\/carleton.ca\/artel\/\",\"name\":\"Advanced Road and Transportation Engineering Lab\",\"description\":\"杏吧原创 University\",\"potentialAction\":[{\"@type\":\"SearchAction\",\"target\":{\"@type\":\"EntryPoint\",\"urlTemplate\":\"https:\/\/carleton.ca\/artel\/?s={search_term_string}\"},\"query-input\":\"required name=search_term_string\"}],\"inLanguage\":\"en-US\"}]}<\/script>\n<!-- \/ Yoast SEO plugin. -->","yoast_head_json":{"title":"Thesis to Practice: Student Series - Advanced Road and Transportation Engineering Lab","robots":{"index":"index","follow":"follow","max-snippet":"max-snippet:-1","max-image-preview":"max-image-preview:large","max-video-preview":"max-video-preview:-1"},"canonical":"https:\/\/carleton.ca\/artel\/thesis-to-practice-student-series\/","twitter_misc":{"Est. reading time":"1 minute"},"schema":{"@context":"https:\/\/schema.org","@graph":[{"@type":"WebPage","@id":"https:\/\/carleton.ca\/artel\/thesis-to-practice-student-series\/","url":"https:\/\/carleton.ca\/artel\/thesis-to-practice-student-series\/","name":"Thesis to Practice: Student Series - Advanced Road and Transportation Engineering Lab","isPartOf":{"@id":"https:\/\/carleton.ca\/artel\/#website"},"datePublished":"2023-04-13T19:16:17+00:00","dateModified":"2023-05-01T16:52:59+00:00","breadcrumb":{"@id":"https:\/\/carleton.ca\/artel\/thesis-to-practice-student-series\/#breadcrumb"},"inLanguage":"en-US","potentialAction":[{"@type":"ReadAction","target":["https:\/\/carleton.ca\/artel\/thesis-to-practice-student-series\/"]}]},{"@type":"BreadcrumbList","@id":"https:\/\/carleton.ca\/artel\/thesis-to-practice-student-series\/#breadcrumb","itemListElement":[{"@type":"ListItem","position":1,"name":"Home","item":"https:\/\/carleton.ca\/artel\/"},{"@type":"ListItem","position":2,"name":"Thesis to Practice: Student Series"}]},{"@type":"WebSite","@id":"https:\/\/carleton.ca\/artel\/#website","url":"https:\/\/carleton.ca\/artel\/","name":"Advanced Road and Transportation Engineering Lab","description":"杏吧原创 University","potentialAction":[{"@type":"SearchAction","target":{"@type":"EntryPoint","urlTemplate":"https:\/\/carleton.ca\/artel\/?s={search_term_string}"},"query-input":"required name=search_term_string"}],"inLanguage":"en-US"}]}},"acf":{"banner_image_type":"none","banner_button":"no"},"_links":{"self":[{"href":"https:\/\/carleton.ca\/artel\/wp-json\/wp\/v2\/pages\/7541"}],"collection":[{"href":"https:\/\/carleton.ca\/artel\/wp-json\/wp\/v2\/pages"}],"about":[{"href":"https:\/\/carleton.ca\/artel\/wp-json\/wp\/v2\/types\/page"}],"author":[{"embeddable":true,"href":"https:\/\/carleton.ca\/artel\/wp-json\/wp\/v2\/users\/8"}],"replies":[{"embeddable":true,"href":"https:\/\/carleton.ca\/artel\/wp-json\/wp\/v2\/comments?post=7541"}],"version-history":[{"count":2,"href":"https:\/\/carleton.ca\/artel\/wp-json\/wp\/v2\/pages\/7541\/revisions"}],"predecessor-version":[{"id":7690,"href":"https:\/\/carleton.ca\/artel\/wp-json\/wp\/v2\/pages\/7541\/revisions\/7690"}],"wp:attachment":[{"href":"https:\/\/carleton.ca\/artel\/wp-json\/wp\/v2\/media?parent=7541"}],"curies":[{"name":"wp","href":"https:\/\/api.w.org\/{rel}","templated":true}]}}